{"id":1477,"date":"2019-10-03T16:34:18","date_gmt":"2019-10-03T16:34:18","guid":{"rendered":"https:\/\/workpermit.hu\/?page_id=1477"},"modified":"2021-02-11T15:43:10","modified_gmt":"2021-02-11T15:43:10","slug":"ik-destegi-ve-bordro-yonetimi","status":"publish","type":"page","link":"https:\/\/workpermit.hu\/tr\/ik-destegi-ve-bordro-yonetimi\/","title":{"rendered":"\u0130K Deste\u011fi ve Bordro Y\u00f6netimi"},"content":{"rendered":"\t\t<div data-elementor-type=\"wp-post\" data-elementor-id=\"1477\" class=\"elementor elementor-1477 elementor-468\">\n\t\t\t\t\t\t<section class=\"elementor-section elementor-top-section elementor-element elementor-element-73542b3e elementor-section-full_width elementor-section-height-default elementor-section-height-default\" data-id=\"73542b3e\" data-element_type=\"section\" data-settings=\"{&quot;background_background&quot;:&quot;classic&quot;}\">\n\t\t\t\t\t\t\t<div class=\"elementor-background-overlay\"><\/div>\n\t\t\t\t\t\t\t<div class=\"elementor-container elementor-column-gap-default\">\n\t\t\t\t\t<div class=\"elementor-column elementor-col-100 elementor-top-column elementor-element elementor-element-6815525e\" data-id=\"6815525e\" data-element_type=\"column\" data-settings=\"{&quot;background_background&quot;:&quot;classic&quot;}\">\n\t\t\t<div class=\"elementor-widget-wrap elementor-element-populated\">\n\t\t\t\t\t<div class=\"elementor-background-overlay\"><\/div>\n\t\t\t\t\t\t<div class=\"elementor-element elementor-element-646b4fc7 elementor-widget elementor-widget-spacer\" data-id=\"646b4fc7\" data-element_type=\"widget\" data-widget_type=\"spacer.default\">\n\t\t\t\t<div class=\"elementor-widget-container\">\n\t\t\t\t\t<div class=\"elementor-spacer\">\n\t\t\t<div class=\"elementor-spacer-inner\"><\/div>\n\t\t<\/div>\n\t\t\t\t<\/div>\n\t\t\t\t<\/div>\n\t\t\t\t<div class=\"elementor-element elementor-element-16e0b18b elementor-widget elementor-widget-heading\" data-id=\"16e0b18b\" data-element_type=\"widget\" data-widget_type=\"heading.default\">\n\t\t\t\t<div class=\"elementor-widget-container\">\n\t\t\t<h2 class=\"elementor-heading-title elementor-size-default\">\u0130K Deste\u011fi ve Bordro Y\u00f6netimi\n<\/h2>\t\t<\/div>\n\t\t\t\t<\/div>\n\t\t\t\t<div class=\"elementor-element elementor-element-72b51b65 elementor-widget elementor-widget-spacer\" data-id=\"72b51b65\" data-element_type=\"widget\" data-widget_type=\"spacer.default\">\n\t\t\t\t<div class=\"elementor-widget-container\">\n\t\t\t\t\t<div class=\"elementor-spacer\">\n\t\t\t<div class=\"elementor-spacer-inner\"><\/div>\n\t\t<\/div>\n\t\t\t\t<\/div>\n\t\t\t\t<\/div>\n\t\t\t\t\t<\/div>\n\t\t<\/div>\n\t\t\t\t\t<\/div>\n\t\t<\/section>\n\t\t\t\t<section class=\"elementor-section elementor-top-section elementor-element elementor-element-59f9aca elementor-section-boxed elementor-section-height-default elementor-section-height-default\" data-id=\"59f9aca\" data-element_type=\"section\">\n\t\t\t\t\t\t<div class=\"elementor-container elementor-column-gap-default\">\n\t\t\t\t\t<div class=\"elementor-column elementor-col-100 elementor-top-column elementor-element elementor-element-62fc54\" data-id=\"62fc54\" data-element_type=\"column\">\n\t\t\t<div class=\"elementor-widget-wrap elementor-element-populated\">\n\t\t\t\t\t\t<div class=\"elementor-element elementor-element-19db9eee elementor-widget elementor-widget-spacer\" data-id=\"19db9eee\" data-element_type=\"widget\" data-widget_type=\"spacer.default\">\n\t\t\t\t<div class=\"elementor-widget-container\">\n\t\t\t\t\t<div class=\"elementor-spacer\">\n\t\t\t<div class=\"elementor-spacer-inner\"><\/div>\n\t\t<\/div>\n\t\t\t\t<\/div>\n\t\t\t\t<\/div>\n\t\t\t\t\t<\/div>\n\t\t<\/div>\n\t\t\t\t\t<\/div>\n\t\t<\/section>\n\t\t\t\t<section class=\"elementor-section elementor-inner-section elementor-element elementor-element-39129720 elementor-section-content-middle elementor-section-boxed elementor-section-height-default elementor-section-height-default\" data-id=\"39129720\" data-element_type=\"section\">\n\t\t\t\t\t\t<div class=\"elementor-container elementor-column-gap-default\">\n\t\t\t\t\t<div class=\"elementor-column elementor-col-50 elementor-inner-column elementor-element elementor-element-b910227\" data-id=\"b910227\" data-element_type=\"column\">\n\t\t\t<div class=\"elementor-widget-wrap elementor-element-populated\">\n\t\t\t\t\t\t<div class=\"elementor-element elementor-element-207219f8 elementor-widget elementor-widget-image\" data-id=\"207219f8\" data-element_type=\"widget\" data-widget_type=\"image.default\">\n\t\t\t\t<div class=\"elementor-widget-container\">\n\t\t\t\t\t\t\t\t\t\t\t\t\t<img fetchpriority=\"high\" decoding=\"async\" width=\"400\" height=\"400\" src=\"https:\/\/workpermit.hu\/wp-content\/uploads\/2019\/05\/illustration_workpermit2-400x400.png\" class=\"attachment-total-portfolio-thumb size-total-portfolio-thumb wp-image-1480\" alt=\"\" srcset=\"https:\/\/workpermit.hu\/wp-content\/uploads\/2019\/05\/illustration_workpermit2-400x400.png 400w, https:\/\/workpermit.hu\/wp-content\/uploads\/2019\/05\/illustration_workpermit2-150x150.png 150w, https:\/\/workpermit.hu\/wp-content\/uploads\/2019\/05\/illustration_workpermit2-100x100.png 100w\" sizes=\"(max-width: 400px) 100vw, 400px\" \/>\t\t\t\t\t\t\t\t\t\t\t\t\t<\/div>\n\t\t\t\t<\/div>\n\t\t\t\t\t<\/div>\n\t\t<\/div>\n\t\t\t\t<div class=\"elementor-column elementor-col-50 elementor-inner-column elementor-element elementor-element-650b7233\" data-id=\"650b7233\" data-element_type=\"column\">\n\t\t\t<div class=\"elementor-widget-wrap elementor-element-populated\">\n\t\t\t\t\t\t<div class=\"elementor-element elementor-element-5f4f7b55 elementor-widget elementor-widget-text-editor\" data-id=\"5f4f7b55\" data-element_type=\"widget\" data-widget_type=\"text-editor.default\">\n\t\t\t\t<div class=\"elementor-widget-container\">\n\t\t\t\t\t\t\t<p><span class=\"Apple-converted-space\">Yabanc\u0131 bir i\u015fletme sahibi olarak, bir yandan uygun bir maa\u015f ile m\u00fcmk\u00fcn olan en iyi personelin \u00e7al\u0131\u015fmas\u0131n\u0131 ve faaliyetlerinizin i\u015f hukuku ve di\u011fer d\u00fczenlemeler ile uyumlu olmas\u0131n\u0131 sa\u011flamak di\u011fer yandan ise yerel \u00e7al\u0131\u015ft\u0131rma, i\u015fe al\u0131m s\u00fcrecini anlamak ve personelinizle uygun \u015fekilde ilgilenmek zor olabilir. <\/span><\/p>\t\t\t\t\t\t<\/div>\n\t\t\t\t<\/div>\n\t\t\t\t\t<\/div>\n\t\t<\/div>\n\t\t\t\t\t<\/div>\n\t\t<\/section>\n\t\t\t\t<section class=\"elementor-section elementor-top-section elementor-element elementor-element-7b432e5c elementor-section-boxed elementor-section-height-default elementor-section-height-default\" data-id=\"7b432e5c\" data-element_type=\"section\">\n\t\t\t\t\t\t<div class=\"elementor-container elementor-column-gap-default\">\n\t\t\t\t\t<div class=\"elementor-column elementor-col-100 elementor-top-column elementor-element elementor-element-72f3b53a\" data-id=\"72f3b53a\" data-element_type=\"column\">\n\t\t\t<div class=\"elementor-widget-wrap elementor-element-populated\">\n\t\t\t\t\t\t<div class=\"elementor-element elementor-element-5b6a9a8 elementor-widget elementor-widget-text-editor\" data-id=\"5b6a9a8\" data-element_type=\"widget\" data-widget_type=\"text-editor.default\">\n\t\t\t\t<div class=\"elementor-widget-container\">\n\t\t\t\t\t\t\t<p>Bile\u015fik i\u015fletme hizmetlerimizi kullanarak, kaynaklar\u0131n\u0131z\u0131n en iyi \u015fekilde kullan\u0131lmas\u0131n\u0131 ve maliyetli ve uygun olmayan sapmalar\u0131n olmamas\u0131n\u0131 sa\u011flayabilirsiniz. \u0130lk personelinizi i\u015fe ald\u0131ktan sonra, b\u00fcy\u00fck potansiyele sahip yetenekli adaylar i\u00e7in \u015firketinizin ilk g\u00fcnden itibaren her zaman tam uyumlu ve cazip bir i\u015fyeri olmas\u0131n\u0131 sa\u011flamak i\u00e7in devam eden t\u00fcm idari ve \u0130K deste\u011fiyle ilgili sorumlulu\u011fu \u00fcstlenece\u011fiz.<\/p><p><b>Devam eden \u0130K deste\u011fi<\/b><\/p><p>Personelinizle ilgili t\u00fcm idari ve \u0130K hizmetlerini takip etmek i\u00e7in b\u00fct\u00e7enize uygun, sabit fiyatl\u0131 bir se\u00e7enek sunmaktan mutluluk duyar\u0131z. Bordro, tatil ve hastal\u0131k izni y\u00f6netimi, i\u015fe al\u0131m ve i\u015ften \u00e7\u0131karma i\u015flemleriyle sizleri u\u011fra\u015ft\u0131rmadan, t\u00fcm bunlar\u0131 (dilerseniz) do\u011frudan \u00e7al\u0131\u015fan\u0131n\u0131zla halledece\u011fiz, b\u00f6ylece siz i\u015finizi y\u00fcr\u00fctmeye odaklanabilirsiniz.<\/p><p>Temel \u0130K Hizmetleri \u015funlar\u0131 i\u00e7erir:<\/p><ul><li>\u015eirketin internet bankac\u0131l\u0131\u011f\u0131nda maa\u015f ve vergi \u00f6demelerini ayarlama<\/li><li>Tatil y\u00f6netimi<\/li><li>Hastal\u0131k izni y\u00f6netimi<\/li><li>Ayl\u0131k bordro ve vergi beyannameleri<\/li><li>\u0130\u015fveren ad\u0131na maa\u015f bordrosu ile ilgili belgelerin imzalanmas\u0131 (yetki al\u0131narak)<\/li><\/ul><p>\u0130laveten \u015funlara ihtiyac\u0131n\u0131z olabilir:<\/p><ul><li>\u015eirketin yan \u00f6denekler sistemini ayarlama<\/li><li>Her \u00e7al\u0131\u015fanla \u00f6zel sorunlar\u0131 ele almak i\u00e7in \u0130K dan\u0131\u015fmanl\u0131\u011f\u0131<\/li><li>\u00c7al\u0131\u015fan\u0131n ki\u015fisel gelir vergi beyannamelerini ibraz etme<\/li><li>Zorunlu y\u0131ll\u0131k sa\u011fl\u0131k kontrollerinin ve yang\u0131n g\u00fcvenli\u011fi e\u011fitimlerinin d\u00fczenlenmesi<\/li><li>Y\u0131lsonu dok\u00fcmanlar\u0131n\u0131n da\u011f\u0131t\u0131m\u0131n\u0131 yapma<\/li><li>\u0130\u015f s\u00f6zle\u015fmesi de\u011fi\u015fiklikleri<\/li><li>Bonus anla\u015fmalar\u0131 ve belgeler<\/li><li>\u00c7al\u0131\u015fan\u0131n ayr\u0131lmas\u0131 durumunda \u00e7\u0131k\u0131\u015f belgeleri<\/li><\/ul><p><b>\u0130K dan\u0131\u015fmanl\u0131\u011f\u0131<\/b><\/p><p>\u0130K dan\u0131\u015fmanl\u0131\u011f\u0131 yaln\u0131zca yeni yetenekleri i\u015fe almay\u0131 ve i\u015f s\u00f6zle\u015fmeleri haz\u0131rlamay\u0131 te\u015fkil etmez. Uzmanlar\u0131m\u0131z, Macaristan&#8217;daki t\u00fcm projeniz boyunca, ilk vergi dan\u0131\u015fmanl\u0131\u011f\u0131ndan s\u00f6zle\u015fmelerin haz\u0131rlanmas\u0131na, y\u0131ll\u0131k zorunlu sa\u011fl\u0131k kontrolleri ile yang\u0131n g\u00fcvenli\u011fi e\u011fitimlerinin d\u00fczenlenmesine kadar sizleri destekleyebilir. Size \u00f6zel bir fiyat teklifi almak i\u00e7in l\u00fctfen bize ula\u015f\u0131n!<\/p><p><strong>Vergi dan\u0131\u015fmanl\u0131\u011f\u0131<\/strong><\/p><p>Uluslararas\u0131 bir i\u015flem y\u00fcr\u00fct\u00fcrken, vergilerin bulundu\u011fu yerde \u00f6denmesi esast\u0131r \u2013 ister mallar teslim edildikten, hizmet sa\u011fland\u0131ktan sonra, ister \u00e7al\u0131\u015fanlar\u0131n\u0131za maa\u015f \u00f6dedikten sonra. Vaktinde yap\u0131lan vergi dan\u0131\u015fmanl\u0131\u011f\u0131, faaliyetlerinizi planlamak ve b\u00fct\u00e7enizi d\u00fczenlemek i\u00e7in bilin\u00e7li kararlar alman\u0131za yard\u0131mc\u0131 olur.<\/p><p>Vergi dan\u0131\u015fmanl\u0131\u011f\u0131n\u0131n \u00f6nemli y\u00f6nlerinden bir tanesi, \u00e7al\u0131\u015fanlar\u0131n\u0131z\u0131n Macaristan&#8217;da mukim vergi m\u00fckellefi olmalar\u0131yla ilgili olacakt\u0131r. B\u00fcy\u00fck ihtimalle Macaristan&#8217;da gelir vergisi ve sosyal g\u00fcvenlik primleri \u00f6deyeceklerdir, ancak kendi \u00fclkeleri ve Macaristan aras\u0131ndaki \u00e7ifte vergilendirme anla\u015fmas\u0131n\u0131 kontrol edebilirsiniz.<\/p>\t\t\t\t\t\t<\/div>\n\t\t\t\t<\/div>\n\t\t\t\t<div class=\"elementor-element elementor-element-4eca5742 elementor-button-info elementor-align-center elementor-widget elementor-widget-button\" data-id=\"4eca5742\" data-element_type=\"widget\" data-widget_type=\"button.default\">\n\t\t\t\t<div class=\"elementor-widget-container\">\n\t\t\t\t\t<div class=\"elementor-button-wrapper\">\n\t\t\t<a class=\"elementor-button elementor-button-link elementor-size-sm\" href=\"\/tr\/fiyatlandirma\/\">\n\t\t\t\t\t\t<span class=\"elementor-button-content-wrapper\">\n\t\t\t\t\t\t\t\t\t<span class=\"elementor-button-text\">Hangi paketleri se\u00e7ebilece\u011finizi g\u00f6r\u00fcn!<\/span>\n\t\t\t\t\t<\/span>\n\t\t\t\t\t<\/a>\n\t\t<\/div>\n\t\t\t\t<\/div>\n\t\t\t\t<\/div>\n\t\t\t\t\t<\/div>\n\t\t<\/div>\n\t\t\t\t\t<\/div>\n\t\t<\/section>\n\t\t\t\t<section class=\"elementor-section elementor-top-section elementor-element elementor-element-47761c68 elementor-section-full_width elementor-section-height-default elementor-section-height-default\" data-id=\"47761c68\" data-element_type=\"section\" data-settings=\"{&quot;background_background&quot;:&quot;classic&quot;}\">\n\t\t\t\t\t\t<div class=\"elementor-container elementor-column-gap-default\">\n\t\t\t\t\t<div class=\"elementor-column elementor-col-100 elementor-top-column elementor-element elementor-element-144a317d\" data-id=\"144a317d\" data-element_type=\"column\" data-settings=\"{&quot;background_background&quot;:&quot;classic&quot;}\">\n\t\t\t<div class=\"elementor-widget-wrap elementor-element-populated\">\n\t\t\t\t\t<div class=\"elementor-background-overlay\"><\/div>\n\t\t\t\t\t\t<div class=\"elementor-element elementor-element-58abecc7 elementor-widget elementor-widget-spacer\" data-id=\"58abecc7\" data-element_type=\"widget\" data-widget_type=\"spacer.default\">\n\t\t\t\t<div class=\"elementor-widget-container\">\n\t\t\t\t\t<div class=\"elementor-spacer\">\n\t\t\t<div class=\"elementor-spacer-inner\"><\/div>\n\t\t<\/div>\n\t\t\t\t<\/div>\n\t\t\t\t<\/div>\n\t\t\t\t<div class=\"elementor-element elementor-element-d316c5d elementor-widget elementor-widget-spacer\" data-id=\"d316c5d\" data-element_type=\"widget\" data-widget_type=\"spacer.default\">\n\t\t\t\t<div class=\"elementor-widget-container\">\n\t\t\t\t\t<div class=\"elementor-spacer\">\n\t\t\t<div class=\"elementor-spacer-inner\"><\/div>\n\t\t<\/div>\n\t\t\t\t<\/div>\n\t\t\t\t<\/div>\n\t\t\t\t\t<\/div>\n\t\t<\/div>\n\t\t\t\t\t<\/div>\n\t\t<\/section>\n\t\t\t\t<\/div>\n\t\t","protected":false},"excerpt":{"rendered":"<p>\u0130K Deste\u011fi ve Bordro Y\u00f6netimi Yabanc\u0131 bir i\u015fletme sahibi olarak, bir yandan uygun bir maa\u015f ile m\u00fcmk\u00fcn olan en iyi personelin \u00e7al\u0131\u015fmas\u0131n\u0131 ve faaliyetlerinizin i\u015f hukuku ve di\u011fer d\u00fczenlemeler ile uyumlu olmas\u0131n\u0131 sa\u011flamak di\u011fer yandan ise yerel \u00e7al\u0131\u015ft\u0131rma, i\u015fe al\u0131m s\u00fcrecini anlamak ve personelinizle uygun \u015fekilde ilgilenmek zor olabilir. Bile\u015fik i\u015fletme hizmetlerimizi kullanarak, kaynaklar\u0131n\u0131z\u0131n en [&hellip;]<\/p>\n","protected":false},"author":2,"featured_media":0,"parent":0,"menu_order":0,"comment_status":"closed","ping_status":"closed","template":"elementor_header_footer","meta":{"footnotes":""},"yoast_head":"<!-- This site is optimized with the Yoast SEO plugin v23.0 - https:\/\/yoast.com\/wordpress\/plugins\/seo\/ -->\n<title>\u0130K Deste\u011fi ve Bordro Y\u00f6netimi - Hungarian Work Permit<\/title>\n<meta name=\"description\" content=\"Macaristan&#039;a ta\u015f\u0131nma ve \u00e7al\u0131\u015fma izni ba\u015fvurusunun yan\u0131 s\u0131ra, hem i\u015fe al\u0131m hem de vergi dan\u0131\u015fmanl\u0131\u011f\u0131n\u0131 kapsayan bordro y\u00f6netimi ve \u0130K deste\u011fi.\" \/>\n<meta name=\"robots\" content=\"index, follow, max-snippet:-1, max-image-preview:large, max-video-preview:-1\" \/>\n<link rel=\"canonical\" href=\"https:\/\/workpermit.hu\/tr\/ik-destegi-ve-bordro-yonetimi\/\" \/>\n<meta property=\"og:locale\" content=\"tr_TR\" \/>\n<meta property=\"og:type\" content=\"article\" \/>\n<meta property=\"og:title\" content=\"\u0130K Deste\u011fi ve Bordro Y\u00f6netimi - Hungarian Work Permit\" \/>\n<meta property=\"og:description\" content=\"Macaristan&#039;a ta\u015f\u0131nma ve \u00e7al\u0131\u015fma izni ba\u015fvurusunun yan\u0131 s\u0131ra, hem i\u015fe al\u0131m hem de vergi dan\u0131\u015fmanl\u0131\u011f\u0131n\u0131 kapsayan bordro y\u00f6netimi ve \u0130K deste\u011fi.\" \/>\n<meta property=\"og:url\" content=\"https:\/\/workpermit.hu\/tr\/ik-destegi-ve-bordro-yonetimi\/\" \/>\n<meta property=\"og:site_name\" content=\"Hungarian Work Permit\" \/>\n<meta property=\"article:modified_time\" content=\"2021-02-11T15:43:10+00:00\" \/>\n<meta property=\"og:image\" content=\"https:\/\/workpermit.hu\/wp-content\/uploads\/2019\/05\/illustration_workpermit2-400x400.png\" \/>\n<meta name=\"twitter:card\" content=\"summary_large_image\" \/>\n<meta name=\"twitter:label1\" content=\"Tahmini okuma s\u00fcresi\" \/>\n\t<meta name=\"twitter:data1\" content=\"3 dakika\" \/>\n<script type=\"application\/ld+json\" class=\"yoast-schema-graph\">{\"@context\":\"https:\/\/schema.org\",\"@graph\":[{\"@type\":\"WebPage\",\"@id\":\"https:\/\/workpermit.hu\/tr\/ik-destegi-ve-bordro-yonetimi\/\",\"url\":\"https:\/\/workpermit.hu\/tr\/ik-destegi-ve-bordro-yonetimi\/\",\"name\":\"\u0130K Deste\u011fi ve Bordro Y\u00f6netimi - Hungarian Work Permit\",\"isPartOf\":{\"@id\":\"https:\/\/workpermit.hu\/tr\/#website\"},\"primaryImageOfPage\":{\"@id\":\"https:\/\/workpermit.hu\/tr\/ik-destegi-ve-bordro-yonetimi\/#primaryimage\"},\"image\":{\"@id\":\"https:\/\/workpermit.hu\/tr\/ik-destegi-ve-bordro-yonetimi\/#primaryimage\"},\"thumbnailUrl\":\"https:\/\/workpermit.hu\/wp-content\/uploads\/2019\/05\/illustration_workpermit2-400x400.png\",\"datePublished\":\"2019-10-03T16:34:18+00:00\",\"dateModified\":\"2021-02-11T15:43:10+00:00\",\"description\":\"Macaristan'a ta\u015f\u0131nma ve \u00e7al\u0131\u015fma izni ba\u015fvurusunun yan\u0131 s\u0131ra, hem i\u015fe al\u0131m hem de vergi dan\u0131\u015fmanl\u0131\u011f\u0131n\u0131 kapsayan bordro y\u00f6netimi ve \u0130K deste\u011fi.\",\"breadcrumb\":{\"@id\":\"https:\/\/workpermit.hu\/tr\/ik-destegi-ve-bordro-yonetimi\/#breadcrumb\"},\"inLanguage\":\"tr\",\"potentialAction\":[{\"@type\":\"ReadAction\",\"target\":[\"https:\/\/workpermit.hu\/tr\/ik-destegi-ve-bordro-yonetimi\/\"]}]},{\"@type\":\"ImageObject\",\"inLanguage\":\"tr\",\"@id\":\"https:\/\/workpermit.hu\/tr\/ik-destegi-ve-bordro-yonetimi\/#primaryimage\",\"url\":\"https:\/\/workpermit.hu\/wp-content\/uploads\/2019\/05\/illustration_workpermit2-400x400.png\",\"contentUrl\":\"https:\/\/workpermit.hu\/wp-content\/uploads\/2019\/05\/illustration_workpermit2-400x400.png\"},{\"@type\":\"BreadcrumbList\",\"@id\":\"https:\/\/workpermit.hu\/tr\/ik-destegi-ve-bordro-yonetimi\/#breadcrumb\",\"itemListElement\":[{\"@type\":\"ListItem\",\"position\":1,\"name\":\"Home\",\"item\":\"https:\/\/workpermit.hu\/tr\/\"},{\"@type\":\"ListItem\",\"position\":2,\"name\":\"\u0130K Deste\u011fi ve Bordro Y\u00f6netimi\"}]},{\"@type\":\"WebSite\",\"@id\":\"https:\/\/workpermit.hu\/tr\/#website\",\"url\":\"https:\/\/workpermit.hu\/tr\/\",\"name\":\"Hungarian Work Permit\",\"description\":\"by Helpers Hungary\",\"publisher\":{\"@id\":\"https:\/\/workpermit.hu\/tr\/#organization\"},\"potentialAction\":[{\"@type\":\"SearchAction\",\"target\":{\"@type\":\"EntryPoint\",\"urlTemplate\":\"https:\/\/workpermit.hu\/tr\/?s={search_term_string}\"},\"query-input\":\"required name=search_term_string\"}],\"inLanguage\":\"tr\"},{\"@type\":\"Organization\",\"@id\":\"https:\/\/workpermit.hu\/tr\/#organization\",\"name\":\"Hungarian Work Permit\",\"url\":\"https:\/\/workpermit.hu\/tr\/\",\"logo\":{\"@type\":\"ImageObject\",\"inLanguage\":\"tr\",\"@id\":\"https:\/\/workpermit.hu\/tr\/#\/schema\/logo\/image\/\",\"url\":\"https:\/\/workpermit.hu\/wp-content\/uploads\/2019\/06\/logo_workpermitwebsite_smaller.png\",\"contentUrl\":\"https:\/\/workpermit.hu\/wp-content\/uploads\/2019\/06\/logo_workpermitwebsite_smaller.png\",\"width\":450,\"height\":50,\"caption\":\"Hungarian Work Permit\"},\"image\":{\"@id\":\"https:\/\/workpermit.hu\/tr\/#\/schema\/logo\/image\/\"}}]}<\/script>\n<!-- \/ Yoast SEO plugin. -->","yoast_head_json":{"title":"\u0130K Deste\u011fi ve Bordro Y\u00f6netimi - Hungarian Work Permit","description":"Macaristan'a ta\u015f\u0131nma ve \u00e7al\u0131\u015fma izni ba\u015fvurusunun yan\u0131 s\u0131ra, hem i\u015fe al\u0131m hem de vergi dan\u0131\u015fmanl\u0131\u011f\u0131n\u0131 kapsayan bordro y\u00f6netimi ve \u0130K deste\u011fi.","robots":{"index":"index","follow":"follow","max-snippet":"max-snippet:-1","max-image-preview":"max-image-preview:large","max-video-preview":"max-video-preview:-1"},"canonical":"https:\/\/workpermit.hu\/tr\/ik-destegi-ve-bordro-yonetimi\/","og_locale":"tr_TR","og_type":"article","og_title":"\u0130K Deste\u011fi ve Bordro Y\u00f6netimi - Hungarian Work Permit","og_description":"Macaristan'a ta\u015f\u0131nma ve \u00e7al\u0131\u015fma izni ba\u015fvurusunun yan\u0131 s\u0131ra, hem i\u015fe al\u0131m hem de vergi dan\u0131\u015fmanl\u0131\u011f\u0131n\u0131 kapsayan bordro y\u00f6netimi ve \u0130K deste\u011fi.","og_url":"https:\/\/workpermit.hu\/tr\/ik-destegi-ve-bordro-yonetimi\/","og_site_name":"Hungarian Work Permit","article_modified_time":"2021-02-11T15:43:10+00:00","og_image":[{"url":"https:\/\/workpermit.hu\/wp-content\/uploads\/2019\/05\/illustration_workpermit2-400x400.png"}],"twitter_card":"summary_large_image","twitter_misc":{"Tahmini okuma s\u00fcresi":"3 dakika"},"schema":{"@context":"https:\/\/schema.org","@graph":[{"@type":"WebPage","@id":"https:\/\/workpermit.hu\/tr\/ik-destegi-ve-bordro-yonetimi\/","url":"https:\/\/workpermit.hu\/tr\/ik-destegi-ve-bordro-yonetimi\/","name":"\u0130K Deste\u011fi ve Bordro Y\u00f6netimi - Hungarian Work Permit","isPartOf":{"@id":"https:\/\/workpermit.hu\/tr\/#website"},"primaryImageOfPage":{"@id":"https:\/\/workpermit.hu\/tr\/ik-destegi-ve-bordro-yonetimi\/#primaryimage"},"image":{"@id":"https:\/\/workpermit.hu\/tr\/ik-destegi-ve-bordro-yonetimi\/#primaryimage"},"thumbnailUrl":"https:\/\/workpermit.hu\/wp-content\/uploads\/2019\/05\/illustration_workpermit2-400x400.png","datePublished":"2019-10-03T16:34:18+00:00","dateModified":"2021-02-11T15:43:10+00:00","description":"Macaristan'a ta\u015f\u0131nma ve \u00e7al\u0131\u015fma izni ba\u015fvurusunun yan\u0131 s\u0131ra, hem i\u015fe al\u0131m hem de vergi dan\u0131\u015fmanl\u0131\u011f\u0131n\u0131 kapsayan bordro y\u00f6netimi ve \u0130K deste\u011fi.","breadcrumb":{"@id":"https:\/\/workpermit.hu\/tr\/ik-destegi-ve-bordro-yonetimi\/#breadcrumb"},"inLanguage":"tr","potentialAction":[{"@type":"ReadAction","target":["https:\/\/workpermit.hu\/tr\/ik-destegi-ve-bordro-yonetimi\/"]}]},{"@type":"ImageObject","inLanguage":"tr","@id":"https:\/\/workpermit.hu\/tr\/ik-destegi-ve-bordro-yonetimi\/#primaryimage","url":"https:\/\/workpermit.hu\/wp-content\/uploads\/2019\/05\/illustration_workpermit2-400x400.png","contentUrl":"https:\/\/workpermit.hu\/wp-content\/uploads\/2019\/05\/illustration_workpermit2-400x400.png"},{"@type":"BreadcrumbList","@id":"https:\/\/workpermit.hu\/tr\/ik-destegi-ve-bordro-yonetimi\/#breadcrumb","itemListElement":[{"@type":"ListItem","position":1,"name":"Home","item":"https:\/\/workpermit.hu\/tr\/"},{"@type":"ListItem","position":2,"name":"\u0130K Deste\u011fi ve Bordro Y\u00f6netimi"}]},{"@type":"WebSite","@id":"https:\/\/workpermit.hu\/tr\/#website","url":"https:\/\/workpermit.hu\/tr\/","name":"Hungarian Work Permit","description":"by Helpers Hungary","publisher":{"@id":"https:\/\/workpermit.hu\/tr\/#organization"},"potentialAction":[{"@type":"SearchAction","target":{"@type":"EntryPoint","urlTemplate":"https:\/\/workpermit.hu\/tr\/?s={search_term_string}"},"query-input":"required name=search_term_string"}],"inLanguage":"tr"},{"@type":"Organization","@id":"https:\/\/workpermit.hu\/tr\/#organization","name":"Hungarian Work Permit","url":"https:\/\/workpermit.hu\/tr\/","logo":{"@type":"ImageObject","inLanguage":"tr","@id":"https:\/\/workpermit.hu\/tr\/#\/schema\/logo\/image\/","url":"https:\/\/workpermit.hu\/wp-content\/uploads\/2019\/06\/logo_workpermitwebsite_smaller.png","contentUrl":"https:\/\/workpermit.hu\/wp-content\/uploads\/2019\/06\/logo_workpermitwebsite_smaller.png","width":450,"height":50,"caption":"Hungarian Work Permit"},"image":{"@id":"https:\/\/workpermit.hu\/tr\/#\/schema\/logo\/image\/"}}]}},"_links":{"self":[{"href":"https:\/\/workpermit.hu\/tr\/wp-json\/wp\/v2\/pages\/1477"}],"collection":[{"href":"https:\/\/workpermit.hu\/tr\/wp-json\/wp\/v2\/pages"}],"about":[{"href":"https:\/\/workpermit.hu\/tr\/wp-json\/wp\/v2\/types\/page"}],"author":[{"embeddable":true,"href":"https:\/\/workpermit.hu\/tr\/wp-json\/wp\/v2\/users\/2"}],"replies":[{"embeddable":true,"href":"https:\/\/workpermit.hu\/tr\/wp-json\/wp\/v2\/comments?post=1477"}],"version-history":[{"count":5,"href":"https:\/\/workpermit.hu\/tr\/wp-json\/wp\/v2\/pages\/1477\/revisions"}],"predecessor-version":[{"id":1980,"href":"https:\/\/workpermit.hu\/tr\/wp-json\/wp\/v2\/pages\/1477\/revisions\/1980"}],"wp:attachment":[{"href":"https:\/\/workpermit.hu\/tr\/wp-json\/wp\/v2\/media?parent=1477"}],"curies":[{"name":"wp","href":"https:\/\/api.w.org\/{rel}","templated":true}]}}