{"id":1184,"date":"2019-10-03T13:59:03","date_gmt":"2019-10-03T13:59:03","guid":{"rendered":"https:\/\/workpermit.hu\/?page_id=1184"},"modified":"2026-01-16T13:42:25","modified_gmt":"2026-01-16T13:42:25","slug":"fiyatlandirma","status":"publish","type":"page","link":"https:\/\/workpermit.hu\/tr\/fiyatlandirma\/","title":{"rendered":"Fiyatland\u0131rma"},"content":{"rendered":"\t\t<div data-elementor-type=\"wp-post\" data-elementor-id=\"1184\" class=\"elementor elementor-1184 elementor-471\">\n\t\t\t\t\t\t<section class=\"elementor-section elementor-top-section elementor-element elementor-element-24740b84 elementor-section-full_width elementor-section-height-default elementor-section-height-default\" data-id=\"24740b84\" data-element_type=\"section\" data-settings=\"{&quot;background_background&quot;:&quot;classic&quot;}\">\n\t\t\t\t\t\t<div class=\"elementor-container elementor-column-gap-default\">\n\t\t\t\t\t<div class=\"elementor-column elementor-col-100 elementor-top-column elementor-element elementor-element-2402b040\" data-id=\"2402b040\" data-element_type=\"column\" data-settings=\"{&quot;background_background&quot;:&quot;classic&quot;}\">\n\t\t\t<div class=\"elementor-widget-wrap elementor-element-populated\">\n\t\t\t\t\t<div class=\"elementor-background-overlay\"><\/div>\n\t\t\t\t\t\t<div class=\"elementor-element elementor-element-7d84e216 elementor-widget elementor-widget-spacer\" data-id=\"7d84e216\" data-element_type=\"widget\" data-widget_type=\"spacer.default\">\n\t\t\t\t<div class=\"elementor-widget-container\">\n\t\t\t\t\t<div class=\"elementor-spacer\">\n\t\t\t<div class=\"elementor-spacer-inner\"><\/div>\n\t\t<\/div>\n\t\t\t\t<\/div>\n\t\t\t\t<\/div>\n\t\t\t\t<div class=\"elementor-element elementor-element-58fbbb8b elementor-widget elementor-widget-heading\" data-id=\"58fbbb8b\" data-element_type=\"widget\" data-widget_type=\"heading.default\">\n\t\t\t\t<div class=\"elementor-widget-container\">\n\t\t\t<h2 class=\"elementor-heading-title elementor-size-default\">Fiyatland\u0131rma\n<\/h2>\t\t<\/div>\n\t\t\t\t<\/div>\n\t\t\t\t<div class=\"elementor-element elementor-element-61dad293 elementor-widget elementor-widget-spacer\" data-id=\"61dad293\" data-element_type=\"widget\" data-widget_type=\"spacer.default\">\n\t\t\t\t<div class=\"elementor-widget-container\">\n\t\t\t\t\t<div class=\"elementor-spacer\">\n\t\t\t<div class=\"elementor-spacer-inner\"><\/div>\n\t\t<\/div>\n\t\t\t\t<\/div>\n\t\t\t\t<\/div>\n\t\t\t\t\t<\/div>\n\t\t<\/div>\n\t\t\t\t\t<\/div>\n\t\t<\/section>\n\t\t\t\t<section class=\"elementor-section elementor-top-section elementor-element elementor-element-36e79bda elementor-section-boxed elementor-section-height-default elementor-section-height-default\" data-id=\"36e79bda\" data-element_type=\"section\">\n\t\t\t\t\t\t<div class=\"elementor-container elementor-column-gap-default\">\n\t\t\t\t\t<div class=\"elementor-column elementor-col-100 elementor-top-column elementor-element elementor-element-751f4cc5\" data-id=\"751f4cc5\" data-element_type=\"column\">\n\t\t\t<div class=\"elementor-widget-wrap elementor-element-populated\">\n\t\t\t\t\t\t<div class=\"elementor-element elementor-element-e21e3a4 elementor-widget elementor-widget-spacer\" data-id=\"e21e3a4\" data-element_type=\"widget\" data-widget_type=\"spacer.default\">\n\t\t\t\t<div class=\"elementor-widget-container\">\n\t\t\t\t\t<div class=\"elementor-spacer\">\n\t\t\t<div class=\"elementor-spacer-inner\"><\/div>\n\t\t<\/div>\n\t\t\t\t<\/div>\n\t\t\t\t<\/div>\n\t\t\t\t\t<\/div>\n\t\t<\/div>\n\t\t\t\t\t<\/div>\n\t\t<\/section>\n\t\t\t\t<section class=\"elementor-section elementor-top-section elementor-element elementor-element-79d80cc6 elementor-section-boxed elementor-section-height-default elementor-section-height-default\" data-id=\"79d80cc6\" data-element_type=\"section\">\n\t\t\t\t\t\t<div class=\"elementor-container elementor-column-gap-default\">\n\t\t\t\t\t<div class=\"elementor-column elementor-col-100 elementor-top-column elementor-element elementor-element-e8bfb61\" data-id=\"e8bfb61\" data-element_type=\"column\">\n\t\t\t<div class=\"elementor-widget-wrap elementor-element-populated\">\n\t\t\t\t\t\t<div class=\"elementor-element elementor-element-70614824 elementor-widget elementor-widget-text-editor\" data-id=\"70614824\" data-element_type=\"widget\" data-widget_type=\"text-editor.default\">\n\t\t\t\t<div class=\"elementor-widget-container\">\n\t\t\t\t\t\t\t<p>Yabanc\u0131 \u00e7al\u0131\u015fan\u0131n\u0131z\u0131 Macaristan&#8217;a ta\u015f\u0131rken ihtiyac\u0131n\u0131z olan t\u00fcm yard\u0131m\u0131 al\u0131n! T\u00fcm projenizi planlaman\u0131za yard\u0131mc\u0131 olmaktan memnuniyet duyar\u0131z. Gelin, Macaristan&#8217;a gelen yabanc\u0131 \u00e7al\u0131\u015fanlar\u0131n\u0131z i\u00e7in d\u00f6n\u00fcm noktalar\u0131 belirlemenize, ger\u00e7ek\u00e7i teslim tarihleri belirlemenize, i\u015f s\u00f6zle\u015fmeleri olu\u015fturman\u0131za ve \u00e7al\u0131\u015fma izinleri i\u00e7in ba\u015fvuruda bulunman\u0131za yard\u0131mc\u0131 olal\u0131m. Proje bazl\u0131 teklif almak i\u00e7in bize ula\u015f\u0131n. Tam olarak neye ihtiyac\u0131n\u0131z oldu\u011funu zaten biliyor musunuz? O zaman liste fiyatlar\u0131m\u0131z i\u00e7in a\u015fa\u011f\u0131ya bak\u0131n.<\/p><p><b style=\"color: #f20947; font-family: Oswald, sans-serif; font-size: 22px;\">AB vatanda\u015flar\u0131 i\u00e7in<\/b><\/p><div>Kay\u0131t kart\u0131: <strong>1000 EUR<\/strong> (varsa +KDV)<\/div><div>\u00a0<\/div><p><b style=\"color: #f20947; font-family: Oswald, sans-serif; font-size: 22px;\">3. \u00fclke vatanda\u015flar\u0131 i\u00e7in<\/b><\/p><div>Birle\u015fik \u00e7al\u0131\u015fma izni ve oturma izni:\u00a0<strong>1300 Euro\u2019dan<\/strong> (varsa +KDV)<\/div><div>\u015eirket i\u00e7i transfer:\u00a0<strong>1300 Euro\u2019dan<\/strong> (varsa +KDV)<\/div><p>(2 saat dan\u0131\u015fmanl\u0131k d\u00e2hil)<\/p><p><b style=\"color: #f20947; font-family: Oswald, sans-serif; font-size: 22px;\">Di\u011fer \u00fclke vatanda\u015flar\u0131 i\u00e7in<\/b><\/p><p>Sosyal g\u00fcvenlik kart\u0131:<strong> 300 EUR<\/strong> (varsa +KDV)<\/p><p>Vergi numaras\u0131: <strong>150 EUR<\/strong> (varsa +KDV)<\/p><p>Devam eden \u0130K deste\u011fi: <strong>90 EUR<\/strong> (+KDV)\/ \u00e7al\u0131\u015fan\/ ay<\/p><p>\u0130K Dan\u0131\u015fmanl\u0131\u011f\u0131: <strong>150 EUR<\/strong> \/ saat (+KDV)<\/p><p><b style=\"color: #f20947; font-family: Oswald, sans-serif; font-size: 22px;\">Dan\u0131\u015fmanl\u0131k<\/b><\/p><p>Vergi dan\u0131\u015fmanl\u0131\u011f\u0131: <strong>130 EUR<\/strong> \/ saat (varsa +KDV)<\/p><p>I\u015f hukuku dan\u0131\u015fmanl\u0131\u011f\u0131: <strong>150 EUR<\/strong> \/ saat (varsa +KDV)<\/p>\t\t\t\t\t\t<\/div>\n\t\t\t\t<\/div>\n\t\t\t\t\t<\/div>\n\t\t<\/div>\n\t\t\t\t\t<\/div>\n\t\t<\/section>\n\t\t\t\t<\/div>\n\t\t","protected":false},"excerpt":{"rendered":"<p>Fiyatland\u0131rma Yabanc\u0131 \u00e7al\u0131\u015fan\u0131n\u0131z\u0131 Macaristan&#8217;a ta\u015f\u0131rken ihtiyac\u0131n\u0131z olan t\u00fcm yard\u0131m\u0131 al\u0131n! T\u00fcm projenizi planlaman\u0131za yard\u0131mc\u0131 olmaktan memnuniyet duyar\u0131z. Gelin, Macaristan&#8217;a gelen yabanc\u0131 \u00e7al\u0131\u015fanlar\u0131n\u0131z i\u00e7in d\u00f6n\u00fcm noktalar\u0131 belirlemenize, ger\u00e7ek\u00e7i teslim tarihleri belirlemenize, i\u015f s\u00f6zle\u015fmeleri olu\u015fturman\u0131za ve \u00e7al\u0131\u015fma izinleri i\u00e7in ba\u015fvuruda bulunman\u0131za yard\u0131mc\u0131 olal\u0131m. Proje bazl\u0131 teklif almak i\u00e7in bize ula\u015f\u0131n. Tam olarak neye ihtiyac\u0131n\u0131z oldu\u011funu zaten biliyor [&hellip;]<\/p>\n","protected":false},"author":2,"featured_media":0,"parent":0,"menu_order":0,"comment_status":"closed","ping_status":"closed","template":"elementor_header_footer","meta":{"footnotes":""},"yoast_head":"<!-- This site is optimized with the Yoast SEO plugin v23.0 - https:\/\/yoast.com\/wordpress\/plugins\/seo\/ -->\n<title>Fiyatland\u0131rma - Hungarian Work Permit<\/title>\n<meta name=\"description\" content=\"Her \u00fclke vatanda\u015f\u0131 i\u00e7in Macaristan \u00e7al\u0131\u015fma izni (hem AB hem de \u00fc\u00e7\u00fcnc\u00fc \u00fclke vatanda\u015flar\u0131). Kay\u0131t kart\u0131, sosyal g\u00fcvenlik ve vergi dan\u0131\u015fmanl\u0131\u011f\u0131 al\u0131n\u2026\" \/>\n<meta name=\"robots\" content=\"index, follow, max-snippet:-1, max-image-preview:large, max-video-preview:-1\" \/>\n<link rel=\"canonical\" href=\"https:\/\/workpermit.hu\/tr\/fiyatlandirma\/\" \/>\n<meta property=\"og:locale\" content=\"tr_TR\" \/>\n<meta property=\"og:type\" content=\"article\" \/>\n<meta property=\"og:title\" content=\"Fiyatland\u0131rma - Hungarian Work Permit\" \/>\n<meta property=\"og:description\" content=\"Her \u00fclke vatanda\u015f\u0131 i\u00e7in Macaristan \u00e7al\u0131\u015fma izni (hem AB hem de \u00fc\u00e7\u00fcnc\u00fc \u00fclke vatanda\u015flar\u0131). Kay\u0131t kart\u0131, sosyal g\u00fcvenlik ve vergi dan\u0131\u015fmanl\u0131\u011f\u0131 al\u0131n\u2026\" \/>\n<meta property=\"og:url\" content=\"https:\/\/workpermit.hu\/tr\/fiyatlandirma\/\" \/>\n<meta property=\"og:site_name\" content=\"Hungarian Work Permit\" \/>\n<meta property=\"article:modified_time\" content=\"2026-01-16T13:42:25+00:00\" \/>\n<meta name=\"twitter:card\" content=\"summary_large_image\" \/>\n<meta name=\"twitter:label1\" content=\"Tahmini okuma s\u00fcresi\" \/>\n\t<meta name=\"twitter:data1\" content=\"1 dakika\" \/>\n<script type=\"application\/ld+json\" class=\"yoast-schema-graph\">{\"@context\":\"https:\/\/schema.org\",\"@graph\":[{\"@type\":\"WebPage\",\"@id\":\"https:\/\/workpermit.hu\/tr\/fiyatlandirma\/\",\"url\":\"https:\/\/workpermit.hu\/tr\/fiyatlandirma\/\",\"name\":\"Fiyatland\u0131rma - Hungarian Work Permit\",\"isPartOf\":{\"@id\":\"https:\/\/workpermit.hu\/tr\/#website\"},\"datePublished\":\"2019-10-03T13:59:03+00:00\",\"dateModified\":\"2026-01-16T13:42:25+00:00\",\"description\":\"Her \u00fclke vatanda\u015f\u0131 i\u00e7in Macaristan \u00e7al\u0131\u015fma izni (hem AB hem de \u00fc\u00e7\u00fcnc\u00fc \u00fclke vatanda\u015flar\u0131). Kay\u0131t kart\u0131, sosyal g\u00fcvenlik ve vergi dan\u0131\u015fmanl\u0131\u011f\u0131 al\u0131n\u2026\",\"breadcrumb\":{\"@id\":\"https:\/\/workpermit.hu\/tr\/fiyatlandirma\/#breadcrumb\"},\"inLanguage\":\"tr\",\"potentialAction\":[{\"@type\":\"ReadAction\",\"target\":[\"https:\/\/workpermit.hu\/tr\/fiyatlandirma\/\"]}]},{\"@type\":\"BreadcrumbList\",\"@id\":\"https:\/\/workpermit.hu\/tr\/fiyatlandirma\/#breadcrumb\",\"itemListElement\":[{\"@type\":\"ListItem\",\"position\":1,\"name\":\"Home\",\"item\":\"https:\/\/workpermit.hu\/tr\/\"},{\"@type\":\"ListItem\",\"position\":2,\"name\":\"Fiyatland\u0131rma\"}]},{\"@type\":\"WebSite\",\"@id\":\"https:\/\/workpermit.hu\/tr\/#website\",\"url\":\"https:\/\/workpermit.hu\/tr\/\",\"name\":\"Hungarian Work Permit\",\"description\":\"by Helpers Hungary\",\"publisher\":{\"@id\":\"https:\/\/workpermit.hu\/tr\/#organization\"},\"potentialAction\":[{\"@type\":\"SearchAction\",\"target\":{\"@type\":\"EntryPoint\",\"urlTemplate\":\"https:\/\/workpermit.hu\/tr\/?s={search_term_string}\"},\"query-input\":\"required name=search_term_string\"}],\"inLanguage\":\"tr\"},{\"@type\":\"Organization\",\"@id\":\"https:\/\/workpermit.hu\/tr\/#organization\",\"name\":\"Hungarian Work Permit\",\"url\":\"https:\/\/workpermit.hu\/tr\/\",\"logo\":{\"@type\":\"ImageObject\",\"inLanguage\":\"tr\",\"@id\":\"https:\/\/workpermit.hu\/tr\/#\/schema\/logo\/image\/\",\"url\":\"https:\/\/workpermit.hu\/wp-content\/uploads\/2019\/06\/logo_workpermitwebsite_smaller.png\",\"contentUrl\":\"https:\/\/workpermit.hu\/wp-content\/uploads\/2019\/06\/logo_workpermitwebsite_smaller.png\",\"width\":450,\"height\":50,\"caption\":\"Hungarian Work Permit\"},\"image\":{\"@id\":\"https:\/\/workpermit.hu\/tr\/#\/schema\/logo\/image\/\"}}]}<\/script>\n<!-- \/ Yoast SEO plugin. -->","yoast_head_json":{"title":"Fiyatland\u0131rma - Hungarian Work Permit","description":"Her \u00fclke vatanda\u015f\u0131 i\u00e7in Macaristan \u00e7al\u0131\u015fma izni (hem AB hem de \u00fc\u00e7\u00fcnc\u00fc \u00fclke vatanda\u015flar\u0131). Kay\u0131t kart\u0131, sosyal g\u00fcvenlik ve vergi dan\u0131\u015fmanl\u0131\u011f\u0131 al\u0131n\u2026","robots":{"index":"index","follow":"follow","max-snippet":"max-snippet:-1","max-image-preview":"max-image-preview:large","max-video-preview":"max-video-preview:-1"},"canonical":"https:\/\/workpermit.hu\/tr\/fiyatlandirma\/","og_locale":"tr_TR","og_type":"article","og_title":"Fiyatland\u0131rma - Hungarian Work Permit","og_description":"Her \u00fclke vatanda\u015f\u0131 i\u00e7in Macaristan \u00e7al\u0131\u015fma izni (hem AB hem de \u00fc\u00e7\u00fcnc\u00fc \u00fclke vatanda\u015flar\u0131). Kay\u0131t kart\u0131, sosyal g\u00fcvenlik ve vergi dan\u0131\u015fmanl\u0131\u011f\u0131 al\u0131n\u2026","og_url":"https:\/\/workpermit.hu\/tr\/fiyatlandirma\/","og_site_name":"Hungarian Work Permit","article_modified_time":"2026-01-16T13:42:25+00:00","twitter_card":"summary_large_image","twitter_misc":{"Tahmini okuma s\u00fcresi":"1 dakika"},"schema":{"@context":"https:\/\/schema.org","@graph":[{"@type":"WebPage","@id":"https:\/\/workpermit.hu\/tr\/fiyatlandirma\/","url":"https:\/\/workpermit.hu\/tr\/fiyatlandirma\/","name":"Fiyatland\u0131rma - Hungarian Work Permit","isPartOf":{"@id":"https:\/\/workpermit.hu\/tr\/#website"},"datePublished":"2019-10-03T13:59:03+00:00","dateModified":"2026-01-16T13:42:25+00:00","description":"Her \u00fclke vatanda\u015f\u0131 i\u00e7in Macaristan \u00e7al\u0131\u015fma izni (hem AB hem de \u00fc\u00e7\u00fcnc\u00fc \u00fclke vatanda\u015flar\u0131). Kay\u0131t kart\u0131, sosyal g\u00fcvenlik ve vergi dan\u0131\u015fmanl\u0131\u011f\u0131 al\u0131n\u2026","breadcrumb":{"@id":"https:\/\/workpermit.hu\/tr\/fiyatlandirma\/#breadcrumb"},"inLanguage":"tr","potentialAction":[{"@type":"ReadAction","target":["https:\/\/workpermit.hu\/tr\/fiyatlandirma\/"]}]},{"@type":"BreadcrumbList","@id":"https:\/\/workpermit.hu\/tr\/fiyatlandirma\/#breadcrumb","itemListElement":[{"@type":"ListItem","position":1,"name":"Home","item":"https:\/\/workpermit.hu\/tr\/"},{"@type":"ListItem","position":2,"name":"Fiyatland\u0131rma"}]},{"@type":"WebSite","@id":"https:\/\/workpermit.hu\/tr\/#website","url":"https:\/\/workpermit.hu\/tr\/","name":"Hungarian Work Permit","description":"by Helpers Hungary","publisher":{"@id":"https:\/\/workpermit.hu\/tr\/#organization"},"potentialAction":[{"@type":"SearchAction","target":{"@type":"EntryPoint","urlTemplate":"https:\/\/workpermit.hu\/tr\/?s={search_term_string}"},"query-input":"required name=search_term_string"}],"inLanguage":"tr"},{"@type":"Organization","@id":"https:\/\/workpermit.hu\/tr\/#organization","name":"Hungarian Work Permit","url":"https:\/\/workpermit.hu\/tr\/","logo":{"@type":"ImageObject","inLanguage":"tr","@id":"https:\/\/workpermit.hu\/tr\/#\/schema\/logo\/image\/","url":"https:\/\/workpermit.hu\/wp-content\/uploads\/2019\/06\/logo_workpermitwebsite_smaller.png","contentUrl":"https:\/\/workpermit.hu\/wp-content\/uploads\/2019\/06\/logo_workpermitwebsite_smaller.png","width":450,"height":50,"caption":"Hungarian Work Permit"},"image":{"@id":"https:\/\/workpermit.hu\/tr\/#\/schema\/logo\/image\/"}}]}},"_links":{"self":[{"href":"https:\/\/workpermit.hu\/tr\/wp-json\/wp\/v2\/pages\/1184"}],"collection":[{"href":"https:\/\/workpermit.hu\/tr\/wp-json\/wp\/v2\/pages"}],"about":[{"href":"https:\/\/workpermit.hu\/tr\/wp-json\/wp\/v2\/types\/page"}],"author":[{"embeddable":true,"href":"https:\/\/workpermit.hu\/tr\/wp-json\/wp\/v2\/users\/2"}],"replies":[{"embeddable":true,"href":"https:\/\/workpermit.hu\/tr\/wp-json\/wp\/v2\/comments?post=1184"}],"version-history":[{"count":24,"href":"https:\/\/workpermit.hu\/tr\/wp-json\/wp\/v2\/pages\/1184\/revisions"}],"predecessor-version":[{"id":4891,"href":"https:\/\/workpermit.hu\/tr\/wp-json\/wp\/v2\/pages\/1184\/revisions\/4891"}],"wp:attachment":[{"href":"https:\/\/workpermit.hu\/tr\/wp-json\/wp\/v2\/media?parent=1184"}],"curies":[{"name":"wp","href":"https:\/\/api.w.org\/{rel}","templated":true}]}}