{"id":1123,"date":"2019-10-03T12:32:24","date_gmt":"2019-10-03T12:32:24","guid":{"rendered":"https:\/\/workpermit.hu\/?page_id=1123"},"modified":"2019-11-20T08:38:27","modified_gmt":"2019-11-20T08:38:27","slug":"uyum-ve-maliyet-optimizasyonu","status":"publish","type":"page","link":"https:\/\/workpermit.hu\/tr\/uyum-ve-maliyet-optimizasyonu\/","title":{"rendered":"Uyum ve maliyet optimizasyonu"},"content":{"rendered":"\t\t<div data-elementor-type=\"wp-post\" data-elementor-id=\"1123\" class=\"elementor elementor-1123 elementor-454\">\n\t\t\t\t\t\t<section class=\"elementor-section elementor-top-section elementor-element elementor-element-1f396b18 elementor-section-full_width elementor-section-height-default elementor-section-height-default\" data-id=\"1f396b18\" data-element_type=\"section\" data-settings=\"{&quot;background_background&quot;:&quot;classic&quot;}\">\n\t\t\t\t\t\t\t<div class=\"elementor-background-overlay\"><\/div>\n\t\t\t\t\t\t\t<div class=\"elementor-container elementor-column-gap-default\">\n\t\t\t\t\t<div class=\"elementor-column elementor-col-100 elementor-top-column elementor-element elementor-element-7d39ca20\" data-id=\"7d39ca20\" data-element_type=\"column\" data-settings=\"{&quot;background_background&quot;:&quot;classic&quot;}\">\n\t\t\t<div class=\"elementor-widget-wrap elementor-element-populated\">\n\t\t\t\t\t<div class=\"elementor-background-overlay\"><\/div>\n\t\t\t\t\t\t<div class=\"elementor-element elementor-element-412e47d2 elementor-widget elementor-widget-spacer\" data-id=\"412e47d2\" data-element_type=\"widget\" data-widget_type=\"spacer.default\">\n\t\t\t\t<div class=\"elementor-widget-container\">\n\t\t\t\t\t<div class=\"elementor-spacer\">\n\t\t\t<div class=\"elementor-spacer-inner\"><\/div>\n\t\t<\/div>\n\t\t\t\t<\/div>\n\t\t\t\t<\/div>\n\t\t\t\t<div class=\"elementor-element elementor-element-34750775 elementor-widget elementor-widget-heading\" data-id=\"34750775\" data-element_type=\"widget\" data-widget_type=\"heading.default\">\n\t\t\t\t<div class=\"elementor-widget-container\">\n\t\t\t<h2 class=\"elementor-heading-title elementor-size-default\">Uyum ve maliyet optimizasyonu\n<\/h2>\t\t<\/div>\n\t\t\t\t<\/div>\n\t\t\t\t<div class=\"elementor-element elementor-element-403c15c6 elementor-widget elementor-widget-spacer\" data-id=\"403c15c6\" data-element_type=\"widget\" data-widget_type=\"spacer.default\">\n\t\t\t\t<div class=\"elementor-widget-container\">\n\t\t\t\t\t<div class=\"elementor-spacer\">\n\t\t\t<div class=\"elementor-spacer-inner\"><\/div>\n\t\t<\/div>\n\t\t\t\t<\/div>\n\t\t\t\t<\/div>\n\t\t\t\t\t<\/div>\n\t\t<\/div>\n\t\t\t\t\t<\/div>\n\t\t<\/section>\n\t\t\t\t<section class=\"elementor-section elementor-top-section elementor-element elementor-element-59037bdc elementor-section-boxed elementor-section-height-default elementor-section-height-default\" data-id=\"59037bdc\" data-element_type=\"section\" data-settings=\"{&quot;shape_divider_bottom&quot;:&quot;opacity-tilt&quot;}\">\n\t\t\t\t\t<div class=\"elementor-shape elementor-shape-bottom\" data-negative=\"false\">\n\t\t\t<svg xmlns=\"http:\/\/www.w3.org\/2000\/svg\" viewBox=\"0 0 2600 131.1\" preserveAspectRatio=\"none\">\n\t<path class=\"elementor-shape-fill\" d=\"M0 0L2600 0 2600 69.1 0 0z\"\/>\n\t<path class=\"elementor-shape-fill\" style=\"opacity:0.5\" d=\"M0 0L2600 0 2600 69.1 0 69.1z\"\/>\n\t<path class=\"elementor-shape-fill\" style=\"opacity:0.25\" d=\"M2600 0L0 0 0 130.1 2600 69.1z\"\/>\n<\/svg>\t\t<\/div>\n\t\t\t\t\t<div class=\"elementor-container elementor-column-gap-default\">\n\t\t\t\t\t<div class=\"elementor-column elementor-col-100 elementor-top-column elementor-element elementor-element-37569140\" data-id=\"37569140\" data-element_type=\"column\">\n\t\t\t<div class=\"elementor-widget-wrap elementor-element-populated\">\n\t\t\t\t\t\t<div class=\"elementor-element elementor-element-83cc6d8 elementor-widget elementor-widget-spacer\" data-id=\"83cc6d8\" data-element_type=\"widget\" data-widget_type=\"spacer.default\">\n\t\t\t\t<div class=\"elementor-widget-container\">\n\t\t\t\t\t<div class=\"elementor-spacer\">\n\t\t\t<div class=\"elementor-spacer-inner\"><\/div>\n\t\t<\/div>\n\t\t\t\t<\/div>\n\t\t\t\t<\/div>\n\t\t\t\t<section class=\"elementor-section elementor-inner-section elementor-element elementor-element-1175eb94 elementor-section-content-middle elementor-section-boxed elementor-section-height-default elementor-section-height-default\" data-id=\"1175eb94\" data-element_type=\"section\">\n\t\t\t\t\t\t<div class=\"elementor-container elementor-column-gap-default\">\n\t\t\t\t\t<div class=\"elementor-column elementor-col-50 elementor-inner-column elementor-element elementor-element-641e67e3\" data-id=\"641e67e3\" data-element_type=\"column\">\n\t\t\t<div class=\"elementor-widget-wrap elementor-element-populated\">\n\t\t\t\t\t\t<div class=\"elementor-element elementor-element-355e224b elementor-widget elementor-widget-image\" data-id=\"355e224b\" data-element_type=\"widget\" data-widget_type=\"image.default\">\n\t\t\t\t<div class=\"elementor-widget-container\">\n\t\t\t\t\t\t\t\t\t\t\t\t\t<img fetchpriority=\"high\" decoding=\"async\" width=\"400\" height=\"400\" src=\"https:\/\/workpermit.hu\/wp-content\/uploads\/2019\/04\/studio-republic-644339-unsplash-400x400.jpg\" class=\"attachment-total-portfolio-thumb size-total-portfolio-thumb wp-image-1126\" alt=\"\" srcset=\"https:\/\/workpermit.hu\/wp-content\/uploads\/2019\/04\/studio-republic-644339-unsplash-400x400.jpg 400w, https:\/\/workpermit.hu\/wp-content\/uploads\/2019\/04\/studio-republic-644339-unsplash-150x150.jpg 150w, https:\/\/workpermit.hu\/wp-content\/uploads\/2019\/04\/studio-republic-644339-unsplash-100x100.jpg 100w\" sizes=\"(max-width: 400px) 100vw, 400px\" \/>\t\t\t\t\t\t\t\t\t\t\t\t\t<\/div>\n\t\t\t\t<\/div>\n\t\t\t\t\t<\/div>\n\t\t<\/div>\n\t\t\t\t<div class=\"elementor-column elementor-col-50 elementor-inner-column elementor-element elementor-element-65fb9320\" data-id=\"65fb9320\" data-element_type=\"column\">\n\t\t\t<div class=\"elementor-widget-wrap elementor-element-populated\">\n\t\t\t\t\t\t<div class=\"elementor-element elementor-element-1ba6c750 elementor-widget elementor-widget-text-editor\" data-id=\"1ba6c750\" data-element_type=\"widget\" data-widget_type=\"text-editor.default\">\n\t\t\t\t<div class=\"elementor-widget-container\">\n\t\t\t\t\t\t\t<p>Yabanc\u0131 i\u015fg\u00fcc\u00fcn\u00fc Macaristan&#8217;a getirmeyi planlarken akl\u0131n\u0131zda bulundurman\u0131z gereken birka\u00e7 fakt\u00f6r vard\u0131r. Gelin uygulama konusunda size yard\u0131mc\u0131 olal\u0131m! \u0130\u015flemleri optimize etmek, uzun vadede zamandan ve paradan tasarruf etmenizi sa\u011flar.<\/p>\t\t\t\t\t\t<\/div>\n\t\t\t\t<\/div>\n\t\t\t\t\t<\/div>\n\t\t<\/div>\n\t\t\t\t\t<\/div>\n\t\t<\/section>\n\t\t\t\t<div class=\"elementor-element elementor-element-6c9acd81 elementor-widget elementor-widget-spacer\" data-id=\"6c9acd81\" data-element_type=\"widget\" data-widget_type=\"spacer.default\">\n\t\t\t\t<div class=\"elementor-widget-container\">\n\t\t\t\t\t<div class=\"elementor-spacer\">\n\t\t\t<div class=\"elementor-spacer-inner\"><\/div>\n\t\t<\/div>\n\t\t\t\t<\/div>\n\t\t\t\t<\/div>\n\t\t\t\t<div class=\"elementor-element elementor-element-53042d25 elementor-widget elementor-widget-text-editor\" data-id=\"53042d25\" data-element_type=\"widget\" data-widget_type=\"text-editor.default\">\n\t\t\t\t<div class=\"elementor-widget-container\">\n\t\t\t\t\t\t\t<p>A\u00e7\u0131klanmas\u0131 gereken \u00e7o\u011fu \u00f6nemli sorulardan baz\u0131lar\u0131:<\/p><ul><li>Macaristan&#8217;a ka\u00e7 \u00e7al\u0131\u015fan getiriyorsunuz?<\/li><li>Bu insanlar hali haz\u0131rda sizin i\u00e7in mi \u00e7al\u0131\u015f\u0131yor, yoksa yeni mi i\u015fe almaya ba\u015fl\u0131yorsunuz?<\/li><li>Gerekli nitelikler neler?<\/li><li>\u00c7al\u0131\u015fanlar\u0131n\u0131z\u0131n Macaristan&#8217;da \u00e7al\u0131\u015fmaya ne zaman ba\u015flamas\u0131 gerekiyor?<\/li><li>\u00c7al\u0131\u015fanlar\u0131n\u0131z\u0131 hangi i\u015fletme istihdam edecek?<\/li><li>Bu, Macar olmayan \u015firketinizin, ba\u011f\u0131ms\u0131z bir Macar \u015firketin veya yabanc\u0131 \u015firketinizin bir i\u015ftiraki mi?<\/li><\/ul><p>Projeye iyi haz\u0131rlan\u0131p haz\u0131rlanmad\u0131\u011f\u0131n\u0131z\u0131 ya da gerekli t\u00fcm alanlar\u0131 doldurmak, sorunsuz ve stressiz bir \u00e7al\u0131\u015fmayla \u00e7al\u0131\u015fanlar\u0131n Macaristan&#8217;a ta\u015f\u0131nmalar\u0131n\u0131 sa\u011flamak i\u00e7in \u00f6zel ve deneyimli bir ekibin yard\u0131m\u0131na ihtiyac\u0131n\u0131z olup olmad\u0131\u011f\u0131n\u0131 g\u00f6rmek i\u00e7in \u00fccretsiz de\u011ferlendirme formumuzu \u0130ngilizce olarak doldurun.<\/p><p>Projenin ayr\u0131nt\u0131lar\u0131 tam olarak haz\u0131rlanmad\u0131ysa ve t\u00fcm d\u00fczenlemelerin dikkate al\u0131nd\u0131\u011f\u0131ndan emin olmak istiyorsan\u0131z, al\u0131nacak \u00f6nlemlerin yol haritas\u0131n\u0131 planlamak i\u00e7in sizlere <b style=\"color: #f20947;\">geni\u015f kapsaml\u0131 bir proje<\/b> planlamas\u0131 \u00f6nerebiliriz.<\/p>\t\t\t\t\t\t<\/div>\n\t\t\t\t<\/div>\n\t\t\t\t<div class=\"elementor-element elementor-element-67a83a9b elementor-align-center elementor-widget elementor-widget-button\" data-id=\"67a83a9b\" data-element_type=\"widget\" data-widget_type=\"button.default\">\n\t\t\t\t<div class=\"elementor-widget-container\">\n\t\t\t\t\t<div class=\"elementor-button-wrapper\">\n\t\t\t<a class=\"elementor-button elementor-button-link elementor-size-sm\" href=\"https:\/\/helpershungary.typeform.com\/to\/r5hpe0\">\n\t\t\t\t\t\t<span class=\"elementor-button-content-wrapper\">\n\t\t\t\t\t\t\t\t\t<span class=\"elementor-button-text\">Hangi y\u00f6ntemin \u015firketinizin ihtiya\u00e7lar\u0131na uygun oldu\u011funu belirleyin!<\/span>\n\t\t\t\t\t<\/span>\n\t\t\t\t\t<\/a>\n\t\t<\/div>\n\t\t\t\t<\/div>\n\t\t\t\t<\/div>\n\t\t\t\t<div class=\"elementor-element elementor-element-73369e94 elementor-widget elementor-widget-spacer\" data-id=\"73369e94\" data-element_type=\"widget\" data-widget_type=\"spacer.default\">\n\t\t\t\t<div class=\"elementor-widget-container\">\n\t\t\t\t\t<div class=\"elementor-spacer\">\n\t\t\t<div class=\"elementor-spacer-inner\"><\/div>\n\t\t<\/div>\n\t\t\t\t<\/div>\n\t\t\t\t<\/div>\n\t\t\t\t\t<\/div>\n\t\t<\/div>\n\t\t\t\t\t<\/div>\n\t\t<\/section>\n\t\t\t\t<section class=\"elementor-section elementor-top-section elementor-element elementor-element-7fbb5231 elementor-section-stretched elementor-section-full_width elementor-section-height-default elementor-section-height-default\" data-id=\"7fbb5231\" data-element_type=\"section\" data-settings=\"{&quot;background_background&quot;:&quot;classic&quot;,&quot;stretch_section&quot;:&quot;section-stretched&quot;}\">\n\t\t\t\t\t\t<div class=\"elementor-container elementor-column-gap-default\">\n\t\t\t\t\t<div class=\"elementor-column elementor-col-100 elementor-top-column elementor-element elementor-element-4bb7fba2\" data-id=\"4bb7fba2\" data-element_type=\"column\" data-settings=\"{&quot;background_background&quot;:&quot;classic&quot;}\">\n\t\t\t<div class=\"elementor-widget-wrap elementor-element-populated\">\n\t\t\t\t\t<div class=\"elementor-background-overlay\"><\/div>\n\t\t\t\t\t\t<div class=\"elementor-element elementor-element-6819e13f elementor-widget elementor-widget-spacer\" data-id=\"6819e13f\" data-element_type=\"widget\" data-widget_type=\"spacer.default\">\n\t\t\t\t<div class=\"elementor-widget-container\">\n\t\t\t\t\t<div class=\"elementor-spacer\">\n\t\t\t<div class=\"elementor-spacer-inner\"><\/div>\n\t\t<\/div>\n\t\t\t\t<\/div>\n\t\t\t\t<\/div>\n\t\t\t\t\t<\/div>\n\t\t<\/div>\n\t\t\t\t\t<\/div>\n\t\t<\/section>\n\t\t\t\t<\/div>\n\t\t","protected":false},"excerpt":{"rendered":"<p>Uyum ve maliyet optimizasyonu Yabanc\u0131 i\u015fg\u00fcc\u00fcn\u00fc Macaristan&#8217;a getirmeyi planlarken akl\u0131n\u0131zda bulundurman\u0131z gereken birka\u00e7 fakt\u00f6r vard\u0131r. Gelin uygulama konusunda size yard\u0131mc\u0131 olal\u0131m! \u0130\u015flemleri optimize etmek, uzun vadede zamandan ve paradan tasarruf etmenizi sa\u011flar. A\u00e7\u0131klanmas\u0131 gereken \u00e7o\u011fu \u00f6nemli sorulardan baz\u0131lar\u0131: Macaristan&#8217;a ka\u00e7 \u00e7al\u0131\u015fan getiriyorsunuz? Bu insanlar hali haz\u0131rda sizin i\u00e7in mi \u00e7al\u0131\u015f\u0131yor, yoksa yeni mi i\u015fe almaya [&hellip;]<\/p>\n","protected":false},"author":2,"featured_media":0,"parent":0,"menu_order":0,"comment_status":"closed","ping_status":"closed","template":"elementor_header_footer","meta":{"footnotes":""},"yoast_head":"<!-- This site is optimized with the Yoast SEO plugin v23.0 - https:\/\/yoast.com\/wordpress\/plugins\/seo\/ -->\n<title>Uyum ve maliyet optimizasyonu - Hungarian Work Permit<\/title>\n<meta name=\"description\" content=\"\u0130\u015fg\u00fcc\u00fcn\u00fc Macaristan&#039;a getiren projeniz i\u00e7in maliyeti optimize edin. Uyum ve planlama konusunda size yard\u0131mc\u0131 oluyoruz. Hizmetlerimizle ilgili bilgi al\u0131n\" \/>\n<meta name=\"robots\" content=\"index, follow, max-snippet:-1, max-image-preview:large, max-video-preview:-1\" \/>\n<link rel=\"canonical\" href=\"https:\/\/workpermit.hu\/tr\/uyum-ve-maliyet-optimizasyonu\/\" \/>\n<meta property=\"og:locale\" content=\"tr_TR\" \/>\n<meta property=\"og:type\" content=\"article\" \/>\n<meta property=\"og:title\" content=\"Uyum ve maliyet optimizasyonu - Hungarian Work Permit\" \/>\n<meta property=\"og:description\" content=\"\u0130\u015fg\u00fcc\u00fcn\u00fc Macaristan&#039;a getiren projeniz i\u00e7in maliyeti optimize edin. Uyum ve planlama konusunda size yard\u0131mc\u0131 oluyoruz. Hizmetlerimizle ilgili bilgi al\u0131n\" \/>\n<meta property=\"og:url\" content=\"https:\/\/workpermit.hu\/tr\/uyum-ve-maliyet-optimizasyonu\/\" \/>\n<meta property=\"og:site_name\" content=\"Hungarian Work Permit\" \/>\n<meta property=\"article:modified_time\" content=\"2019-11-20T08:38:27+00:00\" \/>\n<meta property=\"og:image\" content=\"https:\/\/workpermit.hu\/wp-content\/uploads\/2019\/04\/studio-republic-644339-unsplash-400x400.jpg\" \/>\n<meta name=\"twitter:card\" content=\"summary_large_image\" \/>\n<meta name=\"twitter:label1\" content=\"Tahmini okuma s\u00fcresi\" \/>\n\t<meta name=\"twitter:data1\" content=\"1 dakika\" \/>\n<script type=\"application\/ld+json\" class=\"yoast-schema-graph\">{\"@context\":\"https:\/\/schema.org\",\"@graph\":[{\"@type\":\"WebPage\",\"@id\":\"https:\/\/workpermit.hu\/tr\/uyum-ve-maliyet-optimizasyonu\/\",\"url\":\"https:\/\/workpermit.hu\/tr\/uyum-ve-maliyet-optimizasyonu\/\",\"name\":\"Uyum ve maliyet optimizasyonu - Hungarian Work Permit\",\"isPartOf\":{\"@id\":\"https:\/\/workpermit.hu\/tr\/#website\"},\"primaryImageOfPage\":{\"@id\":\"https:\/\/workpermit.hu\/tr\/uyum-ve-maliyet-optimizasyonu\/#primaryimage\"},\"image\":{\"@id\":\"https:\/\/workpermit.hu\/tr\/uyum-ve-maliyet-optimizasyonu\/#primaryimage\"},\"thumbnailUrl\":\"https:\/\/workpermit.hu\/wp-content\/uploads\/2019\/04\/studio-republic-644339-unsplash-400x400.jpg\",\"datePublished\":\"2019-10-03T12:32:24+00:00\",\"dateModified\":\"2019-11-20T08:38:27+00:00\",\"description\":\"\u0130\u015fg\u00fcc\u00fcn\u00fc Macaristan'a getiren projeniz i\u00e7in maliyeti optimize edin. Uyum ve planlama konusunda size yard\u0131mc\u0131 oluyoruz. Hizmetlerimizle ilgili bilgi al\u0131n\",\"breadcrumb\":{\"@id\":\"https:\/\/workpermit.hu\/tr\/uyum-ve-maliyet-optimizasyonu\/#breadcrumb\"},\"inLanguage\":\"tr\",\"potentialAction\":[{\"@type\":\"ReadAction\",\"target\":[\"https:\/\/workpermit.hu\/tr\/uyum-ve-maliyet-optimizasyonu\/\"]}]},{\"@type\":\"ImageObject\",\"inLanguage\":\"tr\",\"@id\":\"https:\/\/workpermit.hu\/tr\/uyum-ve-maliyet-optimizasyonu\/#primaryimage\",\"url\":\"https:\/\/workpermit.hu\/wp-content\/uploads\/2019\/04\/studio-republic-644339-unsplash-400x400.jpg\",\"contentUrl\":\"https:\/\/workpermit.hu\/wp-content\/uploads\/2019\/04\/studio-republic-644339-unsplash-400x400.jpg\"},{\"@type\":\"BreadcrumbList\",\"@id\":\"https:\/\/workpermit.hu\/tr\/uyum-ve-maliyet-optimizasyonu\/#breadcrumb\",\"itemListElement\":[{\"@type\":\"ListItem\",\"position\":1,\"name\":\"Home\",\"item\":\"https:\/\/workpermit.hu\/tr\/\"},{\"@type\":\"ListItem\",\"position\":2,\"name\":\"Uyum ve maliyet optimizasyonu\"}]},{\"@type\":\"WebSite\",\"@id\":\"https:\/\/workpermit.hu\/tr\/#website\",\"url\":\"https:\/\/workpermit.hu\/tr\/\",\"name\":\"Hungarian Work Permit\",\"description\":\"by Helpers Hungary\",\"publisher\":{\"@id\":\"https:\/\/workpermit.hu\/tr\/#organization\"},\"potentialAction\":[{\"@type\":\"SearchAction\",\"target\":{\"@type\":\"EntryPoint\",\"urlTemplate\":\"https:\/\/workpermit.hu\/tr\/?s={search_term_string}\"},\"query-input\":\"required name=search_term_string\"}],\"inLanguage\":\"tr\"},{\"@type\":\"Organization\",\"@id\":\"https:\/\/workpermit.hu\/tr\/#organization\",\"name\":\"Hungarian Work Permit\",\"url\":\"https:\/\/workpermit.hu\/tr\/\",\"logo\":{\"@type\":\"ImageObject\",\"inLanguage\":\"tr\",\"@id\":\"https:\/\/workpermit.hu\/tr\/#\/schema\/logo\/image\/\",\"url\":\"https:\/\/workpermit.hu\/wp-content\/uploads\/2019\/06\/logo_workpermitwebsite_smaller.png\",\"contentUrl\":\"https:\/\/workpermit.hu\/wp-content\/uploads\/2019\/06\/logo_workpermitwebsite_smaller.png\",\"width\":450,\"height\":50,\"caption\":\"Hungarian Work Permit\"},\"image\":{\"@id\":\"https:\/\/workpermit.hu\/tr\/#\/schema\/logo\/image\/\"}}]}<\/script>\n<!-- \/ Yoast SEO plugin. -->","yoast_head_json":{"title":"Uyum ve maliyet optimizasyonu - Hungarian Work Permit","description":"\u0130\u015fg\u00fcc\u00fcn\u00fc Macaristan'a getiren projeniz i\u00e7in maliyeti optimize edin. Uyum ve planlama konusunda size yard\u0131mc\u0131 oluyoruz. Hizmetlerimizle ilgili bilgi al\u0131n","robots":{"index":"index","follow":"follow","max-snippet":"max-snippet:-1","max-image-preview":"max-image-preview:large","max-video-preview":"max-video-preview:-1"},"canonical":"https:\/\/workpermit.hu\/tr\/uyum-ve-maliyet-optimizasyonu\/","og_locale":"tr_TR","og_type":"article","og_title":"Uyum ve maliyet optimizasyonu - Hungarian Work Permit","og_description":"\u0130\u015fg\u00fcc\u00fcn\u00fc Macaristan'a getiren projeniz i\u00e7in maliyeti optimize edin. Uyum ve planlama konusunda size yard\u0131mc\u0131 oluyoruz. Hizmetlerimizle ilgili bilgi al\u0131n","og_url":"https:\/\/workpermit.hu\/tr\/uyum-ve-maliyet-optimizasyonu\/","og_site_name":"Hungarian Work Permit","article_modified_time":"2019-11-20T08:38:27+00:00","og_image":[{"url":"https:\/\/workpermit.hu\/wp-content\/uploads\/2019\/04\/studio-republic-644339-unsplash-400x400.jpg"}],"twitter_card":"summary_large_image","twitter_misc":{"Tahmini okuma s\u00fcresi":"1 dakika"},"schema":{"@context":"https:\/\/schema.org","@graph":[{"@type":"WebPage","@id":"https:\/\/workpermit.hu\/tr\/uyum-ve-maliyet-optimizasyonu\/","url":"https:\/\/workpermit.hu\/tr\/uyum-ve-maliyet-optimizasyonu\/","name":"Uyum ve maliyet optimizasyonu - Hungarian Work Permit","isPartOf":{"@id":"https:\/\/workpermit.hu\/tr\/#website"},"primaryImageOfPage":{"@id":"https:\/\/workpermit.hu\/tr\/uyum-ve-maliyet-optimizasyonu\/#primaryimage"},"image":{"@id":"https:\/\/workpermit.hu\/tr\/uyum-ve-maliyet-optimizasyonu\/#primaryimage"},"thumbnailUrl":"https:\/\/workpermit.hu\/wp-content\/uploads\/2019\/04\/studio-republic-644339-unsplash-400x400.jpg","datePublished":"2019-10-03T12:32:24+00:00","dateModified":"2019-11-20T08:38:27+00:00","description":"\u0130\u015fg\u00fcc\u00fcn\u00fc Macaristan'a getiren projeniz i\u00e7in maliyeti optimize edin. Uyum ve planlama konusunda size yard\u0131mc\u0131 oluyoruz. Hizmetlerimizle ilgili bilgi al\u0131n","breadcrumb":{"@id":"https:\/\/workpermit.hu\/tr\/uyum-ve-maliyet-optimizasyonu\/#breadcrumb"},"inLanguage":"tr","potentialAction":[{"@type":"ReadAction","target":["https:\/\/workpermit.hu\/tr\/uyum-ve-maliyet-optimizasyonu\/"]}]},{"@type":"ImageObject","inLanguage":"tr","@id":"https:\/\/workpermit.hu\/tr\/uyum-ve-maliyet-optimizasyonu\/#primaryimage","url":"https:\/\/workpermit.hu\/wp-content\/uploads\/2019\/04\/studio-republic-644339-unsplash-400x400.jpg","contentUrl":"https:\/\/workpermit.hu\/wp-content\/uploads\/2019\/04\/studio-republic-644339-unsplash-400x400.jpg"},{"@type":"BreadcrumbList","@id":"https:\/\/workpermit.hu\/tr\/uyum-ve-maliyet-optimizasyonu\/#breadcrumb","itemListElement":[{"@type":"ListItem","position":1,"name":"Home","item":"https:\/\/workpermit.hu\/tr\/"},{"@type":"ListItem","position":2,"name":"Uyum ve maliyet optimizasyonu"}]},{"@type":"WebSite","@id":"https:\/\/workpermit.hu\/tr\/#website","url":"https:\/\/workpermit.hu\/tr\/","name":"Hungarian Work Permit","description":"by Helpers Hungary","publisher":{"@id":"https:\/\/workpermit.hu\/tr\/#organization"},"potentialAction":[{"@type":"SearchAction","target":{"@type":"EntryPoint","urlTemplate":"https:\/\/workpermit.hu\/tr\/?s={search_term_string}"},"query-input":"required name=search_term_string"}],"inLanguage":"tr"},{"@type":"Organization","@id":"https:\/\/workpermit.hu\/tr\/#organization","name":"Hungarian Work Permit","url":"https:\/\/workpermit.hu\/tr\/","logo":{"@type":"ImageObject","inLanguage":"tr","@id":"https:\/\/workpermit.hu\/tr\/#\/schema\/logo\/image\/","url":"https:\/\/workpermit.hu\/wp-content\/uploads\/2019\/06\/logo_workpermitwebsite_smaller.png","contentUrl":"https:\/\/workpermit.hu\/wp-content\/uploads\/2019\/06\/logo_workpermitwebsite_smaller.png","width":450,"height":50,"caption":"Hungarian Work Permit"},"image":{"@id":"https:\/\/workpermit.hu\/tr\/#\/schema\/logo\/image\/"}}]}},"_links":{"self":[{"href":"https:\/\/workpermit.hu\/tr\/wp-json\/wp\/v2\/pages\/1123"}],"collection":[{"href":"https:\/\/workpermit.hu\/tr\/wp-json\/wp\/v2\/pages"}],"about":[{"href":"https:\/\/workpermit.hu\/tr\/wp-json\/wp\/v2\/types\/page"}],"author":[{"embeddable":true,"href":"https:\/\/workpermit.hu\/tr\/wp-json\/wp\/v2\/users\/2"}],"replies":[{"embeddable":true,"href":"https:\/\/workpermit.hu\/tr\/wp-json\/wp\/v2\/comments?post=1123"}],"version-history":[{"count":4,"href":"https:\/\/workpermit.hu\/tr\/wp-json\/wp\/v2\/pages\/1123\/revisions"}],"predecessor-version":[{"id":1780,"href":"https:\/\/workpermit.hu\/tr\/wp-json\/wp\/v2\/pages\/1123\/revisions\/1780"}],"wp:attachment":[{"href":"https:\/\/workpermit.hu\/tr\/wp-json\/wp\/v2\/media?parent=1123"}],"curies":[{"name":"wp","href":"https:\/\/api.w.org\/{rel}","templated":true}]}}