{"id":3041,"date":"2022-01-18T16:06:27","date_gmt":"2022-01-18T16:06:27","guid":{"rendered":"https:\/\/workpermit.hu\/?page_id=3041"},"modified":"2026-01-16T13:56:33","modified_gmt":"2026-01-16T13:56:33","slug":"ceny","status":"publish","type":"page","link":"https:\/\/workpermit.hu\/pl\/ceny\/","title":{"rendered":"Ceny"},"content":{"rendered":"\t\t<div data-elementor-type=\"wp-post\" data-elementor-id=\"3041\" class=\"elementor elementor-3041 elementor-471\">\n\t\t\t\t\t\t<section class=\"elementor-section elementor-top-section elementor-element elementor-element-c67a45b elementor-section-full_width elementor-section-height-default elementor-section-height-default\" data-id=\"c67a45b\" data-element_type=\"section\" data-settings=\"{&quot;background_background&quot;:&quot;classic&quot;}\">\n\t\t\t\t\t\t<div class=\"elementor-container elementor-column-gap-default\">\n\t\t\t\t\t<div class=\"elementor-column elementor-col-100 elementor-top-column elementor-element elementor-element-982e698\" data-id=\"982e698\" data-element_type=\"column\" data-settings=\"{&quot;background_background&quot;:&quot;classic&quot;}\">\n\t\t\t<div class=\"elementor-widget-wrap elementor-element-populated\">\n\t\t\t\t\t<div class=\"elementor-background-overlay\"><\/div>\n\t\t\t\t\t\t<div class=\"elementor-element elementor-element-60f6c07 elementor-widget elementor-widget-spacer\" data-id=\"60f6c07\" data-element_type=\"widget\" data-widget_type=\"spacer.default\">\n\t\t\t\t<div class=\"elementor-widget-container\">\n\t\t\t\t\t<div class=\"elementor-spacer\">\n\t\t\t<div class=\"elementor-spacer-inner\"><\/div>\n\t\t<\/div>\n\t\t\t\t<\/div>\n\t\t\t\t<\/div>\n\t\t\t\t<div class=\"elementor-element elementor-element-6914e32 elementor-widget elementor-widget-heading\" data-id=\"6914e32\" data-element_type=\"widget\" data-widget_type=\"heading.default\">\n\t\t\t\t<div class=\"elementor-widget-container\">\n\t\t\t<h2 class=\"elementor-heading-title elementor-size-default\">Ceny<\/h2>\t\t<\/div>\n\t\t\t\t<\/div>\n\t\t\t\t<div class=\"elementor-element elementor-element-a1d7635 elementor-widget elementor-widget-spacer\" data-id=\"a1d7635\" data-element_type=\"widget\" data-widget_type=\"spacer.default\">\n\t\t\t\t<div class=\"elementor-widget-container\">\n\t\t\t\t\t<div class=\"elementor-spacer\">\n\t\t\t<div class=\"elementor-spacer-inner\"><\/div>\n\t\t<\/div>\n\t\t\t\t<\/div>\n\t\t\t\t<\/div>\n\t\t\t\t\t<\/div>\n\t\t<\/div>\n\t\t\t\t\t<\/div>\n\t\t<\/section>\n\t\t\t\t<section class=\"elementor-section elementor-top-section elementor-element elementor-element-5cdd00b elementor-section-boxed elementor-section-height-default elementor-section-height-default\" data-id=\"5cdd00b\" data-element_type=\"section\">\n\t\t\t\t\t\t<div class=\"elementor-container elementor-column-gap-default\">\n\t\t\t\t\t<div class=\"elementor-column elementor-col-100 elementor-top-column elementor-element elementor-element-c18df56\" data-id=\"c18df56\" data-element_type=\"column\">\n\t\t\t<div class=\"elementor-widget-wrap elementor-element-populated\">\n\t\t\t\t\t\t<div class=\"elementor-element elementor-element-1b0a982 elementor-widget elementor-widget-spacer\" data-id=\"1b0a982\" data-element_type=\"widget\" data-widget_type=\"spacer.default\">\n\t\t\t\t<div class=\"elementor-widget-container\">\n\t\t\t\t\t<div class=\"elementor-spacer\">\n\t\t\t<div class=\"elementor-spacer-inner\"><\/div>\n\t\t<\/div>\n\t\t\t\t<\/div>\n\t\t\t\t<\/div>\n\t\t\t\t\t<\/div>\n\t\t<\/div>\n\t\t\t\t\t<\/div>\n\t\t<\/section>\n\t\t\t\t<section class=\"elementor-section elementor-top-section elementor-element elementor-element-44ca21d elementor-section-boxed elementor-section-height-default elementor-section-height-default\" data-id=\"44ca21d\" data-element_type=\"section\">\n\t\t\t\t\t\t<div class=\"elementor-container elementor-column-gap-default\">\n\t\t\t\t\t<div class=\"elementor-column elementor-col-100 elementor-top-column elementor-element elementor-element-fce23bb\" data-id=\"fce23bb\" data-element_type=\"column\">\n\t\t\t<div class=\"elementor-widget-wrap elementor-element-populated\">\n\t\t\t\t\t\t<div class=\"elementor-element elementor-element-07f48d8 elementor-widget elementor-widget-text-editor\" data-id=\"07f48d8\" data-element_type=\"widget\" data-widget_type=\"text-editor.default\">\n\t\t\t\t<div class=\"elementor-widget-container\">\n\t\t\t\t\t\t\t<p>Udzielamy wszelkiej pomocy przy przenoszeniu pracownik\u00f3w z\u00a0zagranicy na W\u0119gry! Ch\u0119tnie pomo\u017cemy Pa\u0144stwu w\u00a0zaplanowaniu ca\u0142ego projektu. Zajmiemy si\u0119 wyznaczeniem najwa\u017cniejszych cel\u00f3w, zaplanowaniem realistycznego harmonogramu, przygotowaniem um\u00f3w o\u00a0prac\u0119 i\u00a0z\u0142o\u017ceniem wniosk\u00f3w o\u00a0pozwolenia na prac\u0119 dla pracownik\u00f3w przyje\u017cd\u017caj\u0105cych na W\u0119gry z\u00a0zagranicy. Zach\u0119camy do kontaktu i\u00a0zapoznania si\u0119 z\u00a0wycen\u0105 przygotowan\u0105 na podstawie informacji o\u00a0planowanym projekcie. Pa\u0144stwa firma ma ju\u017c okre\u015blone potrzeby? Zapraszamy do zapoznania si\u0119 z\u00a0naszym cennikiem.<\/p><p><b style=\"color: #f20947; font-family: Oswald, sans-serif; font-size: 22px;\">Pracownicy z UE<\/b><\/p><div>Karta meldunkowa: <strong>1000 EUR<\/strong> (+VAT, je\u015bli ma to zastosowanie)<\/div><div>\u00a0<\/div><p><b style=\"color: #f20947; font-family: Oswald, sans-serif; font-size: 22px;\">Pracownicy spoza UE<\/b><\/p><div>Pozwolenie na prac\u0119 po\u0142\u0105czone z pozwoleniem na pobyt:\u00a0<strong>Od 1300\u00a0EUR<\/strong> (+VAT, je\u015bli ma to zastosowanie)<\/div><p>Transfer w ramach tej samej firmy:<strong> Od 1300\u00a0EUR<\/strong> (+VAT, je\u015bli ma to zastosowanie)<\/p><p>(2\u00a0godziny konsultacji w\u00a0cenie)<\/p><p><b style=\"color: #f20947; font-family: Oswald, sans-serif; font-size: 22px;\">Pracownicy z dowolnego kraju<\/b><\/p><p>Karta ubezpieczenia spo\u0142ecznego: <strong>300\u00a0EUR<\/strong> (+VAT, je\u015bli ma to zastosowanie)<\/p><p>Identyfikator podatkowy: <strong>150\u00a0EUR<\/strong> (+VAT, je\u015bli ma to zastosowanie)<\/p><p>Sta\u0142a pomoc w\u00a0sprawach kadrowych: <strong>90 EUR<\/strong> (+VAT, je\u015bli ma to zastosowanie) za pracownika miesi\u0119cznie<\/p><p>Doradztwo kadrowe: <strong>150 EUR<\/strong> (+VAT, je\u015bli ma to zastosowanie) za godzin\u0119<\/p><p><b style=\"color: #f20947; font-family: Oswald, sans-serif; font-size: 22px;\">Doradztwo<\/b><\/p><p>Doradztwo podatkowe: <strong>130 EUR<\/strong> (+VAT, je\u015bli ma to zastosowanie) za godzin\u0119<\/p><p>Doradztwo prawa pracy: <strong>150 EUR<\/strong> (+VAT, je\u015bli ma to zastosowanie) za godzin\u0119<\/p>\t\t\t\t\t\t<\/div>\n\t\t\t\t<\/div>\n\t\t\t\t\t<\/div>\n\t\t<\/div>\n\t\t\t\t\t<\/div>\n\t\t<\/section>\n\t\t\t\t<\/div>\n\t\t","protected":false},"excerpt":{"rendered":"<p>Ceny Udzielamy wszelkiej pomocy przy przenoszeniu pracownik\u00f3w z\u00a0zagranicy na W\u0119gry! Ch\u0119tnie pomo\u017cemy Pa\u0144stwu w\u00a0zaplanowaniu ca\u0142ego projektu. Zajmiemy si\u0119 wyznaczeniem najwa\u017cniejszych cel\u00f3w, zaplanowaniem realistycznego harmonogramu, przygotowaniem um\u00f3w o\u00a0prac\u0119 i\u00a0z\u0142o\u017ceniem wniosk\u00f3w o\u00a0pozwolenia na prac\u0119 dla pracownik\u00f3w przyje\u017cd\u017caj\u0105cych na W\u0119gry z\u00a0zagranicy. Zach\u0119camy do kontaktu i\u00a0zapoznania si\u0119 z\u00a0wycen\u0105 przygotowan\u0105 na podstawie informacji o\u00a0planowanym projekcie. Pa\u0144stwa firma ma ju\u017c okre\u015blone [&hellip;]<\/p>\n","protected":false},"author":2,"featured_media":0,"parent":0,"menu_order":0,"comment_status":"closed","ping_status":"closed","template":"elementor_header_footer","meta":{"footnotes":""},"yoast_head":"<!-- This site is optimized with the Yoast SEO plugin v23.0 - https:\/\/yoast.com\/wordpress\/plugins\/seo\/ -->\n<title>Ceny - Hungarian Work Permit<\/title>\n<meta name=\"description\" content=\"Konsultacje w\u00a0zakresie pozwolenia na prac\u0119 na W\u0119grzech dla obywateli UE i\u00a0innych kraj\u00f3w. Karty meldunkowe, ubezpieczenia spo\u0142eczne, doradztwo podatkowe\u2026\" \/>\n<meta name=\"robots\" content=\"index, follow, max-snippet:-1, max-image-preview:large, max-video-preview:-1\" \/>\n<link rel=\"canonical\" href=\"https:\/\/workpermit.hu\/pl\/ceny\/\" \/>\n<meta property=\"og:locale\" content=\"pl_PL\" \/>\n<meta property=\"og:type\" content=\"article\" \/>\n<meta property=\"og:title\" content=\"Ceny - Hungarian Work Permit\" \/>\n<meta property=\"og:description\" content=\"Konsultacje w\u00a0zakresie pozwolenia na prac\u0119 na W\u0119grzech dla obywateli UE i\u00a0innych kraj\u00f3w. Karty meldunkowe, ubezpieczenia spo\u0142eczne, doradztwo podatkowe\u2026\" \/>\n<meta property=\"og:url\" content=\"https:\/\/workpermit.hu\/pl\/ceny\/\" \/>\n<meta property=\"og:site_name\" content=\"Hungarian Work Permit\" \/>\n<meta property=\"article:modified_time\" content=\"2026-01-16T13:56:33+00:00\" \/>\n<meta name=\"twitter:card\" content=\"summary_large_image\" \/>\n<meta name=\"twitter:label1\" content=\"Szacowany czas czytania\" \/>\n\t<meta name=\"twitter:data1\" content=\"2 minuty\" \/>\n<script type=\"application\/ld+json\" class=\"yoast-schema-graph\">{\"@context\":\"https:\/\/schema.org\",\"@graph\":[{\"@type\":\"WebPage\",\"@id\":\"https:\/\/workpermit.hu\/pl\/ceny\/\",\"url\":\"https:\/\/workpermit.hu\/pl\/ceny\/\",\"name\":\"Ceny - Hungarian Work Permit\",\"isPartOf\":{\"@id\":\"https:\/\/workpermit.hu\/pl\/#website\"},\"datePublished\":\"2022-01-18T16:06:27+00:00\",\"dateModified\":\"2026-01-16T13:56:33+00:00\",\"description\":\"Konsultacje w\u00a0zakresie pozwolenia na prac\u0119 na W\u0119grzech dla obywateli UE i\u00a0innych kraj\u00f3w. Karty meldunkowe, ubezpieczenia spo\u0142eczne, doradztwo podatkowe\u2026\",\"breadcrumb\":{\"@id\":\"https:\/\/workpermit.hu\/pl\/ceny\/#breadcrumb\"},\"inLanguage\":\"pl-PL\",\"potentialAction\":[{\"@type\":\"ReadAction\",\"target\":[\"https:\/\/workpermit.hu\/pl\/ceny\/\"]}]},{\"@type\":\"BreadcrumbList\",\"@id\":\"https:\/\/workpermit.hu\/pl\/ceny\/#breadcrumb\",\"itemListElement\":[{\"@type\":\"ListItem\",\"position\":1,\"name\":\"Home\",\"item\":\"https:\/\/workpermit.hu\/pl\/\"},{\"@type\":\"ListItem\",\"position\":2,\"name\":\"Ceny\"}]},{\"@type\":\"WebSite\",\"@id\":\"https:\/\/workpermit.hu\/pl\/#website\",\"url\":\"https:\/\/workpermit.hu\/pl\/\",\"name\":\"Hungarian Work Permit\",\"description\":\"by Helpers Hungary\",\"publisher\":{\"@id\":\"https:\/\/workpermit.hu\/pl\/#organization\"},\"potentialAction\":[{\"@type\":\"SearchAction\",\"target\":{\"@type\":\"EntryPoint\",\"urlTemplate\":\"https:\/\/workpermit.hu\/pl\/?s={search_term_string}\"},\"query-input\":\"required name=search_term_string\"}],\"inLanguage\":\"pl-PL\"},{\"@type\":\"Organization\",\"@id\":\"https:\/\/workpermit.hu\/pl\/#organization\",\"name\":\"Hungarian Work Permit\",\"url\":\"https:\/\/workpermit.hu\/pl\/\",\"logo\":{\"@type\":\"ImageObject\",\"inLanguage\":\"pl-PL\",\"@id\":\"https:\/\/workpermit.hu\/pl\/#\/schema\/logo\/image\/\",\"url\":\"https:\/\/workpermit.hu\/wp-content\/uploads\/2019\/06\/logo_workpermitwebsite_smaller.png\",\"contentUrl\":\"https:\/\/workpermit.hu\/wp-content\/uploads\/2019\/06\/logo_workpermitwebsite_smaller.png\",\"width\":450,\"height\":50,\"caption\":\"Hungarian Work Permit\"},\"image\":{\"@id\":\"https:\/\/workpermit.hu\/pl\/#\/schema\/logo\/image\/\"}}]}<\/script>\n<!-- \/ Yoast SEO plugin. -->","yoast_head_json":{"title":"Ceny - Hungarian Work Permit","description":"Konsultacje w\u00a0zakresie pozwolenia na prac\u0119 na W\u0119grzech dla obywateli UE i\u00a0innych kraj\u00f3w. Karty meldunkowe, ubezpieczenia spo\u0142eczne, doradztwo podatkowe\u2026","robots":{"index":"index","follow":"follow","max-snippet":"max-snippet:-1","max-image-preview":"max-image-preview:large","max-video-preview":"max-video-preview:-1"},"canonical":"https:\/\/workpermit.hu\/pl\/ceny\/","og_locale":"pl_PL","og_type":"article","og_title":"Ceny - Hungarian Work Permit","og_description":"Konsultacje w\u00a0zakresie pozwolenia na prac\u0119 na W\u0119grzech dla obywateli UE i\u00a0innych kraj\u00f3w. Karty meldunkowe, ubezpieczenia spo\u0142eczne, doradztwo podatkowe\u2026","og_url":"https:\/\/workpermit.hu\/pl\/ceny\/","og_site_name":"Hungarian Work Permit","article_modified_time":"2026-01-16T13:56:33+00:00","twitter_card":"summary_large_image","twitter_misc":{"Szacowany czas czytania":"2 minuty"},"schema":{"@context":"https:\/\/schema.org","@graph":[{"@type":"WebPage","@id":"https:\/\/workpermit.hu\/pl\/ceny\/","url":"https:\/\/workpermit.hu\/pl\/ceny\/","name":"Ceny - Hungarian Work Permit","isPartOf":{"@id":"https:\/\/workpermit.hu\/pl\/#website"},"datePublished":"2022-01-18T16:06:27+00:00","dateModified":"2026-01-16T13:56:33+00:00","description":"Konsultacje w\u00a0zakresie pozwolenia na prac\u0119 na W\u0119grzech dla obywateli UE i\u00a0innych kraj\u00f3w. Karty meldunkowe, ubezpieczenia spo\u0142eczne, doradztwo podatkowe\u2026","breadcrumb":{"@id":"https:\/\/workpermit.hu\/pl\/ceny\/#breadcrumb"},"inLanguage":"pl-PL","potentialAction":[{"@type":"ReadAction","target":["https:\/\/workpermit.hu\/pl\/ceny\/"]}]},{"@type":"BreadcrumbList","@id":"https:\/\/workpermit.hu\/pl\/ceny\/#breadcrumb","itemListElement":[{"@type":"ListItem","position":1,"name":"Home","item":"https:\/\/workpermit.hu\/pl\/"},{"@type":"ListItem","position":2,"name":"Ceny"}]},{"@type":"WebSite","@id":"https:\/\/workpermit.hu\/pl\/#website","url":"https:\/\/workpermit.hu\/pl\/","name":"Hungarian Work Permit","description":"by Helpers Hungary","publisher":{"@id":"https:\/\/workpermit.hu\/pl\/#organization"},"potentialAction":[{"@type":"SearchAction","target":{"@type":"EntryPoint","urlTemplate":"https:\/\/workpermit.hu\/pl\/?s={search_term_string}"},"query-input":"required name=search_term_string"}],"inLanguage":"pl-PL"},{"@type":"Organization","@id":"https:\/\/workpermit.hu\/pl\/#organization","name":"Hungarian Work Permit","url":"https:\/\/workpermit.hu\/pl\/","logo":{"@type":"ImageObject","inLanguage":"pl-PL","@id":"https:\/\/workpermit.hu\/pl\/#\/schema\/logo\/image\/","url":"https:\/\/workpermit.hu\/wp-content\/uploads\/2019\/06\/logo_workpermitwebsite_smaller.png","contentUrl":"https:\/\/workpermit.hu\/wp-content\/uploads\/2019\/06\/logo_workpermitwebsite_smaller.png","width":450,"height":50,"caption":"Hungarian Work Permit"},"image":{"@id":"https:\/\/workpermit.hu\/pl\/#\/schema\/logo\/image\/"}}]}},"_links":{"self":[{"href":"https:\/\/workpermit.hu\/pl\/wp-json\/wp\/v2\/pages\/3041"}],"collection":[{"href":"https:\/\/workpermit.hu\/pl\/wp-json\/wp\/v2\/pages"}],"about":[{"href":"https:\/\/workpermit.hu\/pl\/wp-json\/wp\/v2\/types\/page"}],"author":[{"embeddable":true,"href":"https:\/\/workpermit.hu\/pl\/wp-json\/wp\/v2\/users\/2"}],"replies":[{"embeddable":true,"href":"https:\/\/workpermit.hu\/pl\/wp-json\/wp\/v2\/comments?post=3041"}],"version-history":[{"count":34,"href":"https:\/\/workpermit.hu\/pl\/wp-json\/wp\/v2\/pages\/3041\/revisions"}],"predecessor-version":[{"id":4904,"href":"https:\/\/workpermit.hu\/pl\/wp-json\/wp\/v2\/pages\/3041\/revisions\/4904"}],"wp:attachment":[{"href":"https:\/\/workpermit.hu\/pl\/wp-json\/wp\/v2\/media?parent=3041"}],"curies":[{"name":"wp","href":"https:\/\/api.w.org\/{rel}","templated":true}]}}