{"id":3035,"date":"2022-01-18T15:53:57","date_gmt":"2022-01-18T15:53:57","guid":{"rendered":"https:\/\/workpermit.hu\/?page_id=3035"},"modified":"2022-01-18T16:03:41","modified_gmt":"2022-01-18T16:03:41","slug":"pomoc-w-sprawach-kadrowo-placowych","status":"publish","type":"page","link":"https:\/\/workpermit.hu\/pl\/pomoc-w-sprawach-kadrowo-placowych\/","title":{"rendered":"Pomoc w\u00a0sprawach kadrowo-p\u0142acowych"},"content":{"rendered":"\t\t<div data-elementor-type=\"wp-post\" data-elementor-id=\"3035\" class=\"elementor elementor-3035 elementor-468\">\n\t\t\t\t\t\t<section class=\"elementor-section elementor-top-section elementor-element elementor-element-ced4efe elementor-section-full_width elementor-section-height-default elementor-section-height-default\" data-id=\"ced4efe\" data-element_type=\"section\" data-settings=\"{&quot;background_background&quot;:&quot;classic&quot;}\">\n\t\t\t\t\t\t\t<div class=\"elementor-background-overlay\"><\/div>\n\t\t\t\t\t\t\t<div class=\"elementor-container elementor-column-gap-default\">\n\t\t\t\t\t<div class=\"elementor-column elementor-col-100 elementor-top-column elementor-element elementor-element-179ea70\" data-id=\"179ea70\" data-element_type=\"column\" data-settings=\"{&quot;background_background&quot;:&quot;classic&quot;}\">\n\t\t\t<div class=\"elementor-widget-wrap elementor-element-populated\">\n\t\t\t\t\t<div class=\"elementor-background-overlay\"><\/div>\n\t\t\t\t\t\t<div class=\"elementor-element elementor-element-052abbb elementor-widget elementor-widget-spacer\" data-id=\"052abbb\" data-element_type=\"widget\" data-widget_type=\"spacer.default\">\n\t\t\t\t<div class=\"elementor-widget-container\">\n\t\t\t\t\t<div class=\"elementor-spacer\">\n\t\t\t<div class=\"elementor-spacer-inner\"><\/div>\n\t\t<\/div>\n\t\t\t\t<\/div>\n\t\t\t\t<\/div>\n\t\t\t\t<div class=\"elementor-element elementor-element-9a4fbd1 elementor-widget elementor-widget-heading\" data-id=\"9a4fbd1\" data-element_type=\"widget\" data-widget_type=\"heading.default\">\n\t\t\t\t<div class=\"elementor-widget-container\">\n\t\t\t<h2 class=\"elementor-heading-title elementor-size-default\">Pomoc w\u00a0sprawach kadrowo-p\u0142acowych<\/h2>\t\t<\/div>\n\t\t\t\t<\/div>\n\t\t\t\t<div class=\"elementor-element elementor-element-f4b6c6d elementor-widget elementor-widget-spacer\" data-id=\"f4b6c6d\" data-element_type=\"widget\" data-widget_type=\"spacer.default\">\n\t\t\t\t<div class=\"elementor-widget-container\">\n\t\t\t\t\t<div class=\"elementor-spacer\">\n\t\t\t<div class=\"elementor-spacer-inner\"><\/div>\n\t\t<\/div>\n\t\t\t\t<\/div>\n\t\t\t\t<\/div>\n\t\t\t\t\t<\/div>\n\t\t<\/div>\n\t\t\t\t\t<\/div>\n\t\t<\/section>\n\t\t\t\t<section class=\"elementor-section elementor-top-section elementor-element elementor-element-65c3c41 elementor-section-boxed elementor-section-height-default elementor-section-height-default\" data-id=\"65c3c41\" data-element_type=\"section\">\n\t\t\t\t\t\t<div class=\"elementor-container elementor-column-gap-default\">\n\t\t\t\t\t<div class=\"elementor-column elementor-col-100 elementor-top-column elementor-element elementor-element-fc78a9a\" data-id=\"fc78a9a\" data-element_type=\"column\">\n\t\t\t<div class=\"elementor-widget-wrap elementor-element-populated\">\n\t\t\t\t\t\t<div class=\"elementor-element elementor-element-78fbb9c elementor-widget elementor-widget-spacer\" data-id=\"78fbb9c\" data-element_type=\"widget\" data-widget_type=\"spacer.default\">\n\t\t\t\t<div class=\"elementor-widget-container\">\n\t\t\t\t\t<div class=\"elementor-spacer\">\n\t\t\t<div class=\"elementor-spacer-inner\"><\/div>\n\t\t<\/div>\n\t\t\t\t<\/div>\n\t\t\t\t<\/div>\n\t\t\t\t\t<\/div>\n\t\t<\/div>\n\t\t\t\t\t<\/div>\n\t\t<\/section>\n\t\t\t\t<section class=\"elementor-section elementor-inner-section elementor-element elementor-element-52a29bf elementor-section-content-middle elementor-section-boxed elementor-section-height-default elementor-section-height-default\" data-id=\"52a29bf\" data-element_type=\"section\">\n\t\t\t\t\t\t<div class=\"elementor-container elementor-column-gap-default\">\n\t\t\t\t\t<div class=\"elementor-column elementor-col-50 elementor-inner-column elementor-element elementor-element-359d2a8\" data-id=\"359d2a8\" data-element_type=\"column\">\n\t\t\t<div class=\"elementor-widget-wrap elementor-element-populated\">\n\t\t\t\t\t\t<div class=\"elementor-element elementor-element-c6ca154 elementor-widget elementor-widget-image\" data-id=\"c6ca154\" data-element_type=\"widget\" data-widget_type=\"image.default\">\n\t\t\t\t<div class=\"elementor-widget-container\">\n\t\t\t\t\t\t\t\t\t\t\t\t\t<img fetchpriority=\"high\" decoding=\"async\" width=\"400\" height=\"400\" src=\"https:\/\/workpermit.hu\/wp-content\/uploads\/2019\/05\/illustration_workpermit2-400x400.png\" class=\"attachment-total-portfolio-thumb size-total-portfolio-thumb wp-image-2992\" alt=\"\" srcset=\"https:\/\/workpermit.hu\/wp-content\/uploads\/2019\/05\/illustration_workpermit2-400x400.png 400w, https:\/\/workpermit.hu\/wp-content\/uploads\/2019\/05\/illustration_workpermit2-150x150.png 150w, https:\/\/workpermit.hu\/wp-content\/uploads\/2019\/05\/illustration_workpermit2-100x100.png 100w\" sizes=\"(max-width: 400px) 100vw, 400px\" \/>\t\t\t\t\t\t\t\t\t\t\t\t\t<\/div>\n\t\t\t\t<\/div>\n\t\t\t\t\t<\/div>\n\t\t<\/div>\n\t\t\t\t<div class=\"elementor-column elementor-col-50 elementor-inner-column elementor-element elementor-element-cbd44e7\" data-id=\"cbd44e7\" data-element_type=\"column\">\n\t\t\t<div class=\"elementor-widget-wrap elementor-element-populated\">\n\t\t\t\t\t\t<div class=\"elementor-element elementor-element-0ba2280 elementor-widget elementor-widget-text-editor\" data-id=\"0ba2280\" data-element_type=\"widget\" data-widget_type=\"text-editor.default\">\n\t\t\t\t<div class=\"elementor-widget-container\">\n\t\t\t\t\t\t\t<p><span class=\"Apple-converted-space\">W\u0142a\u015bciciele firm z zagranicy cz\u0119sto nie wiedz\u0105, jak dok\u0142adnie przebiega lokalny proces rekrutacji i zatrudnienia ani jak zapewnia\u0107 pracownikom odpowiedni\u0105 opiek\u0119, przez co mog\u0105 nie by\u0107 w stanie wybra\u0107 najlepszych kandydat\u00f3w oraz zapewni\u0107 im motywuj\u0105cej, ale i osi\u0105galnej pensji, a tak\u017ce zadba\u0107 o zgodno\u015b\u0107 z przepisami prawa pracy i innymi wytycznymi <\/span><\/p>\t\t\t\t\t\t<\/div>\n\t\t\t\t<\/div>\n\t\t\t\t\t<\/div>\n\t\t<\/div>\n\t\t\t\t\t<\/div>\n\t\t<\/section>\n\t\t\t\t<section class=\"elementor-section elementor-top-section elementor-element elementor-element-158736a elementor-section-boxed elementor-section-height-default elementor-section-height-default\" data-id=\"158736a\" data-element_type=\"section\">\n\t\t\t\t\t\t<div class=\"elementor-container elementor-column-gap-default\">\n\t\t\t\t\t<div class=\"elementor-column elementor-col-100 elementor-top-column elementor-element elementor-element-f56c9b3\" data-id=\"f56c9b3\" data-element_type=\"column\">\n\t\t\t<div class=\"elementor-widget-wrap elementor-element-populated\">\n\t\t\t\t\t\t<div class=\"elementor-element elementor-element-b4d9685 elementor-widget elementor-widget-text-editor\" data-id=\"b4d9685\" data-element_type=\"widget\" data-widget_type=\"text-editor.default\">\n\t\t\t\t<div class=\"elementor-widget-container\">\n\t\t\t\t\t\t\t<p>Skorzystanie z\u00a0naszych kompleksowych us\u0142ug biznesowych daje pewno\u015b\u0107, \u017ce zasoby firmy b\u0119d\u0105 optymalnie wykorzystane, i\u00a0pozwala unikn\u0105\u0107 niewygodnych, kosztownych op\u00f3\u017anie\u0144. Gdy pierwszy pracownik zostanie ju\u017c zatrudniony, zajmiemy si\u0119 wszelkimi kwestiami administracyjno-kadrowymi, pilnuj\u0105c, aby Pa\u0144stwa firma ju\u017c od pierwszego dnia dzia\u0142a\u0142a zgodnie z\u00a0wszelkimi przepisami i\u00a0stanowi\u0142a atrakcyjne miejsce pracy dla utalentowanych os\u00f3b ze sporym potencja\u0142em.<\/p><p><b>Sta\u0142a pomoc w sprawach kadrowych<\/b><\/p><p>Nasza oferta obejmuje niedrogi pakiet ze sta\u0142\u0105 stawk\u0105, w ramach kt\u00f3rego zajmiemy si\u0119 wszystkimi czynno\u015bciami administracyjnymi i kadrowymi zwi\u0105zanymi z Pa\u0144stwa pracownikami. Nasza pomoc pozwala unikn\u0105\u0107 czasoch\u0142onnego zarz\u0105dzania wyp\u0142atami, urlopami i zwolnieniami lekarskimi oraz procesami zatrudniania i zwalniania pracownik\u00f3w \u2014 mo\u017cemy zaj\u0105\u0107 si\u0119 tymi sprawami, dzi\u0119ki czemu Pa\u0144stwo zyskaj\u0105 czas na rzeczywiste prowadzenie swojej dzia\u0142alno\u015bci<\/p><p>Podstawowe us\u0142ugi kadrowe obejmuj\u0105:<\/p><ul><li>konfigurowanie wyp\u0142at i\u00a0p\u0142atno\u015bci podatkowych w\u00a0bankowo\u015bci online firmy,<\/li><li>zarz\u0105dzanie urlopami,<\/li><li>zarz\u0105dzanie zwolnieniami lekarskimi,<\/li><li>comiesi\u0119czne zestawienia wyp\u0142at i\u00a0podatk\u00f3w,<\/li><li>podpisywanie dokument\u00f3w zwi\u0105zanych z\u00a0list\u0105 p\u0142ac w\u00a0imieniu pracodawcy (na podstawie upowa\u017cnienia).<\/li><\/ul><p>Us\u0142ugi dodatkowe:<\/p><ul><li>konfigurowanie firmowego systemu \u015bwiadcze\u0144 socjalnych,<\/li><li>konsultacje kadrowe w\u00a0zakresie konkretnych problem\u00f3w z\u00a0poszczeg\u00f3lnymi pracownikami,<\/li><li>wysy\u0142anie pracownikom zwrot\u00f3w podatku,<\/li><li>organizowanie obowi\u0105zkowych corocznych bada\u0144 lekarskich i szkole\u0144 BHP,<\/li><li>rozsy\u0142anie dokument\u00f3w ko\u0144coworocznych,<\/li><li>zmiany w\u00a0umowach o\u00a0prac\u0119,<\/li><li>umowy i\u00a0dokumenty dotycz\u0105ce premii,<\/li><li>dokumentacja zwi\u0105zana z\u00a0odej\u015bciem pracownika.<\/li><\/ul><p><b>Doradztwo kadrowe<\/b><\/p><p>Doradztwo kadrowe to nie tylko pomoc w\u00a0zatrudnianiu nowych utalentowanych os\u00f3b i\u00a0sporz\u0105dzaniu um\u00f3w o\u00a0prac\u0119. Nasi specjali\u015bci s\u0142u\u017c\u0105 wsparciem w\u00a0ramach ca\u0142ego realizowanego na W\u0119grzech projektu, od wst\u0119pnych konsultacji podatkowych i\u00a0przygotowania szablon\u00f3w um\u00f3w po organizacj\u0119 obowi\u0105zkowych corocznych bada\u0144 lekarskich i\u00a0szkole\u0144 PP\u017b. Zapraszamy do kontaktu i\u00a0zapoznania si\u0119 z\u00a0indywidualn\u0105 wycen\u0105!<\/p><p><strong>Doradztwo podatkowe<\/strong><\/p><p>Prowadz\u0105c dzia\u0142alno\u015b\u0107 mi\u0119dzynarodow\u0105, bardzo wa\u017cne jest, aby p\u0142aci\u0107 podatki do w\u0142a\u015bciwych instytucji \u2014 dotyczy to zar\u00f3wno podatk\u00f3w od towar\u00f3w i\u00a0us\u0142ug, jak i\u00a0od wyp\u0142at pracownik\u00f3w. Dost\u0119p do porad podatkowych w\u00a0chwili, gdy s\u0105 one potrzebne, pomaga \u015bwiadomie podejmowa\u0107 decyzje zwi\u0105zane z\u00a0planowaniem dzia\u0142a\u0144 i\u00a0alokacj\u0105 funduszy.<\/p><p style=\"caret-color: #000000; color: #000000; font-family: 'Barlow Condensed', sans-serif; font-size: 20px;\">Jednym z\u00a0istotnych aspekt\u00f3w doradztwa podatkowego jest to, \u017ce pracownicy staj\u0105 si\u0119 rezydentami podatkowymi na W\u0119grzech. Najprawdopodobniej b\u0119d\u0105 na W\u0119grzech p\u0142aci\u0107 podatek dochodowy i\u00a0sk\u0142adki na ubezpieczenie spo\u0142eczne, jednak warto sprawdzi\u0107 porozumienia zawarte pomi\u0119dzy W\u0119grami a\u00a0krajami pracownik\u00f3w w\u00a0kwestii podw\u00f3jnego opodatkowania.<\/p>\t\t\t\t\t\t<\/div>\n\t\t\t\t<\/div>\n\t\t\t\t<div class=\"elementor-element elementor-element-95f90e4 elementor-button-info elementor-align-center elementor-widget elementor-widget-button\" data-id=\"95f90e4\" data-element_type=\"widget\" data-widget_type=\"button.default\">\n\t\t\t\t<div class=\"elementor-widget-container\">\n\t\t\t\t\t<div class=\"elementor-button-wrapper\">\n\t\t\t<a class=\"elementor-button elementor-button-link elementor-size-sm\" href=\"\/pricing\/\">\n\t\t\t\t\t\t<span class=\"elementor-button-content-wrapper\">\n\t\t\t\t\t\t\t\t\t<span class=\"elementor-button-text\">Zach\u0119camy do zapoznania si\u0119 z\u00a0dost\u0119pnymi pakietami!<\/span>\n\t\t\t\t\t<\/span>\n\t\t\t\t\t<\/a>\n\t\t<\/div>\n\t\t\t\t<\/div>\n\t\t\t\t<\/div>\n\t\t\t\t\t<\/div>\n\t\t<\/div>\n\t\t\t\t\t<\/div>\n\t\t<\/section>\n\t\t\t\t<section class=\"elementor-section elementor-top-section elementor-element elementor-element-1dc40f4 elementor-section-full_width elementor-section-height-default elementor-section-height-default\" data-id=\"1dc40f4\" data-element_type=\"section\" data-settings=\"{&quot;background_background&quot;:&quot;classic&quot;}\">\n\t\t\t\t\t\t<div class=\"elementor-container elementor-column-gap-default\">\n\t\t\t\t\t<div class=\"elementor-column elementor-col-100 elementor-top-column elementor-element elementor-element-4fec8d1\" data-id=\"4fec8d1\" data-element_type=\"column\" data-settings=\"{&quot;background_background&quot;:&quot;classic&quot;}\">\n\t\t\t<div class=\"elementor-widget-wrap elementor-element-populated\">\n\t\t\t\t\t<div class=\"elementor-background-overlay\"><\/div>\n\t\t\t\t\t\t<div class=\"elementor-element elementor-element-eaa6440 elementor-widget elementor-widget-spacer\" data-id=\"eaa6440\" data-element_type=\"widget\" data-widget_type=\"spacer.default\">\n\t\t\t\t<div class=\"elementor-widget-container\">\n\t\t\t\t\t<div class=\"elementor-spacer\">\n\t\t\t<div class=\"elementor-spacer-inner\"><\/div>\n\t\t<\/div>\n\t\t\t\t<\/div>\n\t\t\t\t<\/div>\n\t\t\t\t<div class=\"elementor-element elementor-element-5840012 elementor-widget elementor-widget-spacer\" data-id=\"5840012\" data-element_type=\"widget\" data-widget_type=\"spacer.default\">\n\t\t\t\t<div class=\"elementor-widget-container\">\n\t\t\t\t\t<div class=\"elementor-spacer\">\n\t\t\t<div class=\"elementor-spacer-inner\"><\/div>\n\t\t<\/div>\n\t\t\t\t<\/div>\n\t\t\t\t<\/div>\n\t\t\t\t\t<\/div>\n\t\t<\/div>\n\t\t\t\t\t<\/div>\n\t\t<\/section>\n\t\t\t\t<\/div>\n\t\t","protected":false},"excerpt":{"rendered":"<p>Pomoc w\u00a0sprawach kadrowo-p\u0142acowych W\u0142a\u015bciciele firm z zagranicy cz\u0119sto nie wiedz\u0105, jak dok\u0142adnie przebiega lokalny proces rekrutacji i zatrudnienia ani jak zapewnia\u0107 pracownikom odpowiedni\u0105 opiek\u0119, przez co mog\u0105 nie by\u0107 w stanie wybra\u0107 najlepszych kandydat\u00f3w oraz zapewni\u0107 im motywuj\u0105cej, ale i osi\u0105galnej pensji, a tak\u017ce zadba\u0107 o zgodno\u015b\u0107 z przepisami prawa pracy i innymi wytycznymi Skorzystanie [&hellip;]<\/p>\n","protected":false},"author":2,"featured_media":0,"parent":0,"menu_order":0,"comment_status":"closed","ping_status":"closed","template":"elementor_header_footer","meta":{"footnotes":""},"yoast_head":"<!-- This site is optimized with the Yoast SEO plugin v23.0 - https:\/\/yoast.com\/wordpress\/plugins\/seo\/ -->\n<title>Pomoc w\u00a0sprawach kadrowo-p\u0142acowych - Hungarian Work Permit<\/title>\n<meta name=\"description\" content=\"Poza organizacj\u0105 relokacji i\u00a0sk\u0142adania wniosku o\u00a0pozwolenie na prac\u0119 na W\u0119grzech oferujemy pomoc w\u00a0rekrutacji i\u00a0doradztwo podatkowe.\" \/>\n<meta name=\"robots\" content=\"index, follow, max-snippet:-1, max-image-preview:large, max-video-preview:-1\" \/>\n<link rel=\"canonical\" href=\"https:\/\/workpermit.hu\/pl\/pomoc-w-sprawach-kadrowo-placowych\/\" \/>\n<meta property=\"og:locale\" content=\"pl_PL\" \/>\n<meta property=\"og:type\" content=\"article\" \/>\n<meta property=\"og:title\" content=\"Pomoc w\u00a0sprawach kadrowo-p\u0142acowych - Hungarian Work Permit\" \/>\n<meta property=\"og:description\" content=\"Poza organizacj\u0105 relokacji i\u00a0sk\u0142adania wniosku o\u00a0pozwolenie na prac\u0119 na W\u0119grzech oferujemy pomoc w\u00a0rekrutacji i\u00a0doradztwo podatkowe.\" \/>\n<meta property=\"og:url\" content=\"https:\/\/workpermit.hu\/pl\/pomoc-w-sprawach-kadrowo-placowych\/\" \/>\n<meta property=\"og:site_name\" content=\"Hungarian Work Permit\" \/>\n<meta property=\"article:modified_time\" content=\"2022-01-18T16:03:41+00:00\" \/>\n<meta property=\"og:image\" content=\"https:\/\/workpermit.hu\/wp-content\/uploads\/2019\/05\/illustration_workpermit2-400x400.png\" \/>\n<meta name=\"twitter:card\" content=\"summary_large_image\" \/>\n<meta name=\"twitter:label1\" content=\"Szacowany czas czytania\" \/>\n\t<meta name=\"twitter:data1\" content=\"3 minuty\" \/>\n<script type=\"application\/ld+json\" class=\"yoast-schema-graph\">{\"@context\":\"https:\/\/schema.org\",\"@graph\":[{\"@type\":\"WebPage\",\"@id\":\"https:\/\/workpermit.hu\/pl\/pomoc-w-sprawach-kadrowo-placowych\/\",\"url\":\"https:\/\/workpermit.hu\/pl\/pomoc-w-sprawach-kadrowo-placowych\/\",\"name\":\"Pomoc w\u00a0sprawach kadrowo-p\u0142acowych - Hungarian Work Permit\",\"isPartOf\":{\"@id\":\"https:\/\/workpermit.hu\/pl\/#website\"},\"primaryImageOfPage\":{\"@id\":\"https:\/\/workpermit.hu\/pl\/pomoc-w-sprawach-kadrowo-placowych\/#primaryimage\"},\"image\":{\"@id\":\"https:\/\/workpermit.hu\/pl\/pomoc-w-sprawach-kadrowo-placowych\/#primaryimage\"},\"thumbnailUrl\":\"https:\/\/workpermit.hu\/wp-content\/uploads\/2019\/05\/illustration_workpermit2-400x400.png\",\"datePublished\":\"2022-01-18T15:53:57+00:00\",\"dateModified\":\"2022-01-18T16:03:41+00:00\",\"description\":\"Poza organizacj\u0105 relokacji i\u00a0sk\u0142adania wniosku o\u00a0pozwolenie na prac\u0119 na W\u0119grzech oferujemy pomoc w\u00a0rekrutacji i\u00a0doradztwo podatkowe.\",\"breadcrumb\":{\"@id\":\"https:\/\/workpermit.hu\/pl\/pomoc-w-sprawach-kadrowo-placowych\/#breadcrumb\"},\"inLanguage\":\"pl-PL\",\"potentialAction\":[{\"@type\":\"ReadAction\",\"target\":[\"https:\/\/workpermit.hu\/pl\/pomoc-w-sprawach-kadrowo-placowych\/\"]}]},{\"@type\":\"ImageObject\",\"inLanguage\":\"pl-PL\",\"@id\":\"https:\/\/workpermit.hu\/pl\/pomoc-w-sprawach-kadrowo-placowych\/#primaryimage\",\"url\":\"https:\/\/workpermit.hu\/wp-content\/uploads\/2019\/05\/illustration_workpermit2-400x400.png\",\"contentUrl\":\"https:\/\/workpermit.hu\/wp-content\/uploads\/2019\/05\/illustration_workpermit2-400x400.png\"},{\"@type\":\"BreadcrumbList\",\"@id\":\"https:\/\/workpermit.hu\/pl\/pomoc-w-sprawach-kadrowo-placowych\/#breadcrumb\",\"itemListElement\":[{\"@type\":\"ListItem\",\"position\":1,\"name\":\"Home\",\"item\":\"https:\/\/workpermit.hu\/pl\/\"},{\"@type\":\"ListItem\",\"position\":2,\"name\":\"Pomoc w\u00a0sprawach kadrowo-p\u0142acowych\"}]},{\"@type\":\"WebSite\",\"@id\":\"https:\/\/workpermit.hu\/pl\/#website\",\"url\":\"https:\/\/workpermit.hu\/pl\/\",\"name\":\"Hungarian Work Permit\",\"description\":\"by Helpers Hungary\",\"publisher\":{\"@id\":\"https:\/\/workpermit.hu\/pl\/#organization\"},\"potentialAction\":[{\"@type\":\"SearchAction\",\"target\":{\"@type\":\"EntryPoint\",\"urlTemplate\":\"https:\/\/workpermit.hu\/pl\/?s={search_term_string}\"},\"query-input\":\"required name=search_term_string\"}],\"inLanguage\":\"pl-PL\"},{\"@type\":\"Organization\",\"@id\":\"https:\/\/workpermit.hu\/pl\/#organization\",\"name\":\"Hungarian Work Permit\",\"url\":\"https:\/\/workpermit.hu\/pl\/\",\"logo\":{\"@type\":\"ImageObject\",\"inLanguage\":\"pl-PL\",\"@id\":\"https:\/\/workpermit.hu\/pl\/#\/schema\/logo\/image\/\",\"url\":\"https:\/\/workpermit.hu\/wp-content\/uploads\/2019\/06\/logo_workpermitwebsite_smaller.png\",\"contentUrl\":\"https:\/\/workpermit.hu\/wp-content\/uploads\/2019\/06\/logo_workpermitwebsite_smaller.png\",\"width\":450,\"height\":50,\"caption\":\"Hungarian Work Permit\"},\"image\":{\"@id\":\"https:\/\/workpermit.hu\/pl\/#\/schema\/logo\/image\/\"}}]}<\/script>\n<!-- \/ Yoast SEO plugin. -->","yoast_head_json":{"title":"Pomoc w\u00a0sprawach kadrowo-p\u0142acowych - Hungarian Work Permit","description":"Poza organizacj\u0105 relokacji i\u00a0sk\u0142adania wniosku o\u00a0pozwolenie na prac\u0119 na W\u0119grzech oferujemy pomoc w\u00a0rekrutacji i\u00a0doradztwo podatkowe.","robots":{"index":"index","follow":"follow","max-snippet":"max-snippet:-1","max-image-preview":"max-image-preview:large","max-video-preview":"max-video-preview:-1"},"canonical":"https:\/\/workpermit.hu\/pl\/pomoc-w-sprawach-kadrowo-placowych\/","og_locale":"pl_PL","og_type":"article","og_title":"Pomoc w\u00a0sprawach kadrowo-p\u0142acowych - Hungarian Work Permit","og_description":"Poza organizacj\u0105 relokacji i\u00a0sk\u0142adania wniosku o\u00a0pozwolenie na prac\u0119 na W\u0119grzech oferujemy pomoc w\u00a0rekrutacji i\u00a0doradztwo podatkowe.","og_url":"https:\/\/workpermit.hu\/pl\/pomoc-w-sprawach-kadrowo-placowych\/","og_site_name":"Hungarian Work Permit","article_modified_time":"2022-01-18T16:03:41+00:00","og_image":[{"url":"https:\/\/workpermit.hu\/wp-content\/uploads\/2019\/05\/illustration_workpermit2-400x400.png"}],"twitter_card":"summary_large_image","twitter_misc":{"Szacowany czas czytania":"3 minuty"},"schema":{"@context":"https:\/\/schema.org","@graph":[{"@type":"WebPage","@id":"https:\/\/workpermit.hu\/pl\/pomoc-w-sprawach-kadrowo-placowych\/","url":"https:\/\/workpermit.hu\/pl\/pomoc-w-sprawach-kadrowo-placowych\/","name":"Pomoc w\u00a0sprawach kadrowo-p\u0142acowych - Hungarian Work Permit","isPartOf":{"@id":"https:\/\/workpermit.hu\/pl\/#website"},"primaryImageOfPage":{"@id":"https:\/\/workpermit.hu\/pl\/pomoc-w-sprawach-kadrowo-placowych\/#primaryimage"},"image":{"@id":"https:\/\/workpermit.hu\/pl\/pomoc-w-sprawach-kadrowo-placowych\/#primaryimage"},"thumbnailUrl":"https:\/\/workpermit.hu\/wp-content\/uploads\/2019\/05\/illustration_workpermit2-400x400.png","datePublished":"2022-01-18T15:53:57+00:00","dateModified":"2022-01-18T16:03:41+00:00","description":"Poza organizacj\u0105 relokacji i\u00a0sk\u0142adania wniosku o\u00a0pozwolenie na prac\u0119 na W\u0119grzech oferujemy pomoc w\u00a0rekrutacji i\u00a0doradztwo podatkowe.","breadcrumb":{"@id":"https:\/\/workpermit.hu\/pl\/pomoc-w-sprawach-kadrowo-placowych\/#breadcrumb"},"inLanguage":"pl-PL","potentialAction":[{"@type":"ReadAction","target":["https:\/\/workpermit.hu\/pl\/pomoc-w-sprawach-kadrowo-placowych\/"]}]},{"@type":"ImageObject","inLanguage":"pl-PL","@id":"https:\/\/workpermit.hu\/pl\/pomoc-w-sprawach-kadrowo-placowych\/#primaryimage","url":"https:\/\/workpermit.hu\/wp-content\/uploads\/2019\/05\/illustration_workpermit2-400x400.png","contentUrl":"https:\/\/workpermit.hu\/wp-content\/uploads\/2019\/05\/illustration_workpermit2-400x400.png"},{"@type":"BreadcrumbList","@id":"https:\/\/workpermit.hu\/pl\/pomoc-w-sprawach-kadrowo-placowych\/#breadcrumb","itemListElement":[{"@type":"ListItem","position":1,"name":"Home","item":"https:\/\/workpermit.hu\/pl\/"},{"@type":"ListItem","position":2,"name":"Pomoc w\u00a0sprawach kadrowo-p\u0142acowych"}]},{"@type":"WebSite","@id":"https:\/\/workpermit.hu\/pl\/#website","url":"https:\/\/workpermit.hu\/pl\/","name":"Hungarian Work Permit","description":"by Helpers Hungary","publisher":{"@id":"https:\/\/workpermit.hu\/pl\/#organization"},"potentialAction":[{"@type":"SearchAction","target":{"@type":"EntryPoint","urlTemplate":"https:\/\/workpermit.hu\/pl\/?s={search_term_string}"},"query-input":"required name=search_term_string"}],"inLanguage":"pl-PL"},{"@type":"Organization","@id":"https:\/\/workpermit.hu\/pl\/#organization","name":"Hungarian Work Permit","url":"https:\/\/workpermit.hu\/pl\/","logo":{"@type":"ImageObject","inLanguage":"pl-PL","@id":"https:\/\/workpermit.hu\/pl\/#\/schema\/logo\/image\/","url":"https:\/\/workpermit.hu\/wp-content\/uploads\/2019\/06\/logo_workpermitwebsite_smaller.png","contentUrl":"https:\/\/workpermit.hu\/wp-content\/uploads\/2019\/06\/logo_workpermitwebsite_smaller.png","width":450,"height":50,"caption":"Hungarian Work Permit"},"image":{"@id":"https:\/\/workpermit.hu\/pl\/#\/schema\/logo\/image\/"}}]}},"_links":{"self":[{"href":"https:\/\/workpermit.hu\/pl\/wp-json\/wp\/v2\/pages\/3035"}],"collection":[{"href":"https:\/\/workpermit.hu\/pl\/wp-json\/wp\/v2\/pages"}],"about":[{"href":"https:\/\/workpermit.hu\/pl\/wp-json\/wp\/v2\/types\/page"}],"author":[{"embeddable":true,"href":"https:\/\/workpermit.hu\/pl\/wp-json\/wp\/v2\/users\/2"}],"replies":[{"embeddable":true,"href":"https:\/\/workpermit.hu\/pl\/wp-json\/wp\/v2\/comments?post=3035"}],"version-history":[{"count":4,"href":"https:\/\/workpermit.hu\/pl\/wp-json\/wp\/v2\/pages\/3035\/revisions"}],"predecessor-version":[{"id":3040,"href":"https:\/\/workpermit.hu\/pl\/wp-json\/wp\/v2\/pages\/3035\/revisions\/3040"}],"wp:attachment":[{"href":"https:\/\/workpermit.hu\/pl\/wp-json\/wp\/v2\/media?parent=3035"}],"curies":[{"name":"wp","href":"https:\/\/api.w.org\/{rel}","templated":true}]}}