{"id":3030,"date":"2022-01-18T15:49:03","date_gmt":"2022-01-18T15:49:03","guid":{"rendered":"https:\/\/workpermit.hu\/?page_id=3030"},"modified":"2022-01-18T15:51:54","modified_gmt":"2022-01-18T15:51:54","slug":"zgodnosc-z-przepisami-i-optymalizacja-kosztow","status":"publish","type":"page","link":"https:\/\/workpermit.hu\/pl\/zgodnosc-z-przepisami-i-optymalizacja-kosztow\/","title":{"rendered":"Zgodno\u015b\u0107 z\u00a0przepisami i\u00a0optymalizacja koszt\u00f3w"},"content":{"rendered":"\t\t<div data-elementor-type=\"wp-post\" data-elementor-id=\"3030\" class=\"elementor elementor-3030 elementor-454\">\n\t\t\t\t\t\t<section class=\"elementor-section elementor-top-section elementor-element elementor-element-e5c7eda elementor-section-full_width elementor-section-height-default elementor-section-height-default\" data-id=\"e5c7eda\" data-element_type=\"section\" data-settings=\"{&quot;background_background&quot;:&quot;classic&quot;}\">\n\t\t\t\t\t\t\t<div class=\"elementor-background-overlay\"><\/div>\n\t\t\t\t\t\t\t<div class=\"elementor-container elementor-column-gap-default\">\n\t\t\t\t\t<div class=\"elementor-column elementor-col-100 elementor-top-column elementor-element elementor-element-53049b3\" data-id=\"53049b3\" data-element_type=\"column\" data-settings=\"{&quot;background_background&quot;:&quot;classic&quot;}\">\n\t\t\t<div class=\"elementor-widget-wrap elementor-element-populated\">\n\t\t\t\t\t<div class=\"elementor-background-overlay\"><\/div>\n\t\t\t\t\t\t<div class=\"elementor-element elementor-element-a5c10ad elementor-widget elementor-widget-spacer\" data-id=\"a5c10ad\" data-element_type=\"widget\" data-widget_type=\"spacer.default\">\n\t\t\t\t<div class=\"elementor-widget-container\">\n\t\t\t\t\t<div class=\"elementor-spacer\">\n\t\t\t<div class=\"elementor-spacer-inner\"><\/div>\n\t\t<\/div>\n\t\t\t\t<\/div>\n\t\t\t\t<\/div>\n\t\t\t\t<div class=\"elementor-element elementor-element-4ed6dbf elementor-widget elementor-widget-heading\" data-id=\"4ed6dbf\" data-element_type=\"widget\" data-widget_type=\"heading.default\">\n\t\t\t\t<div class=\"elementor-widget-container\">\n\t\t\t<h2 class=\"elementor-heading-title elementor-size-default\">Zgodno\u015b\u0107 z\u00a0przepisami i\u00a0optymalizacja koszt\u00f3w<\/h2>\t\t<\/div>\n\t\t\t\t<\/div>\n\t\t\t\t<div class=\"elementor-element elementor-element-8e179fd elementor-widget elementor-widget-spacer\" data-id=\"8e179fd\" data-element_type=\"widget\" data-widget_type=\"spacer.default\">\n\t\t\t\t<div class=\"elementor-widget-container\">\n\t\t\t\t\t<div class=\"elementor-spacer\">\n\t\t\t<div class=\"elementor-spacer-inner\"><\/div>\n\t\t<\/div>\n\t\t\t\t<\/div>\n\t\t\t\t<\/div>\n\t\t\t\t\t<\/div>\n\t\t<\/div>\n\t\t\t\t\t<\/div>\n\t\t<\/section>\n\t\t\t\t<section class=\"elementor-section elementor-top-section elementor-element elementor-element-76c2e77 elementor-section-boxed elementor-section-height-default elementor-section-height-default\" data-id=\"76c2e77\" data-element_type=\"section\" data-settings=\"{&quot;shape_divider_bottom&quot;:&quot;opacity-tilt&quot;}\">\n\t\t\t\t\t<div class=\"elementor-shape elementor-shape-bottom\" data-negative=\"false\">\n\t\t\t<svg xmlns=\"http:\/\/www.w3.org\/2000\/svg\" viewBox=\"0 0 2600 131.1\" preserveAspectRatio=\"none\">\n\t<path class=\"elementor-shape-fill\" d=\"M0 0L2600 0 2600 69.1 0 0z\"\/>\n\t<path class=\"elementor-shape-fill\" style=\"opacity:0.5\" d=\"M0 0L2600 0 2600 69.1 0 69.1z\"\/>\n\t<path class=\"elementor-shape-fill\" style=\"opacity:0.25\" d=\"M2600 0L0 0 0 130.1 2600 69.1z\"\/>\n<\/svg>\t\t<\/div>\n\t\t\t\t\t<div class=\"elementor-container elementor-column-gap-default\">\n\t\t\t\t\t<div class=\"elementor-column elementor-col-100 elementor-top-column elementor-element elementor-element-565caaa\" data-id=\"565caaa\" data-element_type=\"column\">\n\t\t\t<div class=\"elementor-widget-wrap elementor-element-populated\">\n\t\t\t\t\t\t<div class=\"elementor-element elementor-element-3040aeb elementor-widget elementor-widget-spacer\" data-id=\"3040aeb\" data-element_type=\"widget\" data-widget_type=\"spacer.default\">\n\t\t\t\t<div class=\"elementor-widget-container\">\n\t\t\t\t\t<div class=\"elementor-spacer\">\n\t\t\t<div class=\"elementor-spacer-inner\"><\/div>\n\t\t<\/div>\n\t\t\t\t<\/div>\n\t\t\t\t<\/div>\n\t\t\t\t<section class=\"elementor-section elementor-inner-section elementor-element elementor-element-1dd9483 elementor-section-content-middle elementor-section-boxed elementor-section-height-default elementor-section-height-default\" data-id=\"1dd9483\" data-element_type=\"section\">\n\t\t\t\t\t\t<div class=\"elementor-container elementor-column-gap-default\">\n\t\t\t\t\t<div class=\"elementor-column elementor-col-50 elementor-inner-column elementor-element elementor-element-a2bf91f\" data-id=\"a2bf91f\" data-element_type=\"column\">\n\t\t\t<div class=\"elementor-widget-wrap elementor-element-populated\">\n\t\t\t\t\t\t<div class=\"elementor-element elementor-element-7d43644 elementor-widget elementor-widget-image\" data-id=\"7d43644\" data-element_type=\"widget\" data-widget_type=\"image.default\">\n\t\t\t\t<div class=\"elementor-widget-container\">\n\t\t\t\t\t\t\t\t\t\t\t\t\t<img fetchpriority=\"high\" decoding=\"async\" width=\"400\" height=\"400\" src=\"https:\/\/workpermit.hu\/wp-content\/uploads\/2019\/04\/studio-republic-644339-unsplash-400x400.jpg\" class=\"attachment-total-portfolio-thumb size-total-portfolio-thumb wp-image-2955\" alt=\"\" srcset=\"https:\/\/workpermit.hu\/wp-content\/uploads\/2019\/04\/studio-republic-644339-unsplash-400x400.jpg 400w, https:\/\/workpermit.hu\/wp-content\/uploads\/2019\/04\/studio-republic-644339-unsplash-150x150.jpg 150w, https:\/\/workpermit.hu\/wp-content\/uploads\/2019\/04\/studio-republic-644339-unsplash-100x100.jpg 100w\" sizes=\"(max-width: 400px) 100vw, 400px\" \/>\t\t\t\t\t\t\t\t\t\t\t\t\t<\/div>\n\t\t\t\t<\/div>\n\t\t\t\t\t<\/div>\n\t\t<\/div>\n\t\t\t\t<div class=\"elementor-column elementor-col-50 elementor-inner-column elementor-element elementor-element-ec7aa34\" data-id=\"ec7aa34\" data-element_type=\"column\">\n\t\t\t<div class=\"elementor-widget-wrap elementor-element-populated\">\n\t\t\t\t\t\t<div class=\"elementor-element elementor-element-d72c89a elementor-widget elementor-widget-text-editor\" data-id=\"d72c89a\" data-element_type=\"widget\" data-widget_type=\"text-editor.default\">\n\t\t\t\t<div class=\"elementor-widget-container\">\n\t\t\t\t\t\t\t<p>Podczas planowania transferu pracownik\u00f3w z\u00a0zagranicy na W\u0119gry warto wzi\u0105\u0107 pod uwag\u0119 kilka wa\u017cnych kwestii. Ch\u0119tnie pomo\u017cemy w\u00a0realizacji ca\u0142ego projektu. Z\u00a0perspektywy d\u0142ugofalowej optymalizacja procesu pozwala zaoszcz\u0119dzi\u0107 czas i\u00a0pieni\u0105dze.<\/p>\t\t\t\t\t\t<\/div>\n\t\t\t\t<\/div>\n\t\t\t\t\t<\/div>\n\t\t<\/div>\n\t\t\t\t\t<\/div>\n\t\t<\/section>\n\t\t\t\t<div class=\"elementor-element elementor-element-e3d2fbd elementor-widget elementor-widget-spacer\" data-id=\"e3d2fbd\" data-element_type=\"widget\" data-widget_type=\"spacer.default\">\n\t\t\t\t<div class=\"elementor-widget-container\">\n\t\t\t\t\t<div class=\"elementor-spacer\">\n\t\t\t<div class=\"elementor-spacer-inner\"><\/div>\n\t\t<\/div>\n\t\t\t\t<\/div>\n\t\t\t\t<\/div>\n\t\t\t\t<div class=\"elementor-element elementor-element-1cc0607 elementor-widget elementor-widget-text-editor\" data-id=\"1cc0607\" data-element_type=\"widget\" data-widget_type=\"text-editor.default\">\n\t\t\t\t<div class=\"elementor-widget-container\">\n\t\t\t\t\t\t\t<p>Oto kilka najwa\u017cniejszych pyta\u0144, kt\u00f3re warto sobie zada\u0107:<\/p><ul><li>Ilu pracownik\u00f3w chc\u0105 Pa\u0144stwo przenie\u015b\u0107 na W\u0119gry?<\/li><li>Czy te osoby ju\u017c dla Pa\u0144stwa pracuj\u0105, czy dopiero zaczynaj\u0105 Pa\u0144stwo rekrutacj\u0119?<\/li><li>Jakie s\u0105 wymagane kwalifikacje?<\/li><li>Kiedy pracownicy maj\u0105 zacz\u0105\u0107 prac\u0119 na W\u0119grzech?<\/li><li>Kto b\u0119dzie zatrudnia\u0142 pracownik\u00f3w?<\/li><li>Czy podmiot zatrudniaj\u0105cy jest oddzia\u0142em Pa\u0144stwa firmy spoza W\u0119gier, niezale\u017cn\u0105 w\u0119giersk\u0105 firm\u0105 czy nale\u017c\u0105c\u0105 do Pa\u0144stwa firm\u0105 zagraniczn\u0105?<\/li><\/ul><p>Przygotowana przez nas bezp\u0142atna analiza (w\u00a0j\u0119zyku angielskim) pozwala sprawdzi\u0107, czy firma jest dobrze przygotowana do realizacji projektu, czy lepiej skorzysta\u0107 z\u00a0pomocy do\u015bwiadczonego zespo\u0142u, dzi\u0119ki kt\u00f3remu przeniesienie pracownik\u00f3w na W\u0119gry przebiegnie sprawnie i\u00a0bezstresowo.<\/p><p>Je\u015bli Pa\u0144stwa projekt nie jest jeszcze szczeg\u00f3\u0142owo dopracowany, a\u00a0chc\u0105 Pa\u0144stwo mie\u0107 pewno\u015b\u0107, \u017ce uwzgl\u0119dnia on wszystkie obowi\u0105zuj\u0105ce przepisy, zach\u0119camy do skorzystania z\u00a0naszej oferty <span style=\"color: #ed184a;\"><strong>kompleksowego planowania projektu<\/strong><\/span>, w\u00a0ramach kt\u00f3rej zaplanujemy wszystkie niezb\u0119dne dzia\u0142ania.<\/p>\t\t\t\t\t\t<\/div>\n\t\t\t\t<\/div>\n\t\t\t\t<div class=\"elementor-element elementor-element-2438214 elementor-align-center elementor-widget elementor-widget-button\" data-id=\"2438214\" data-element_type=\"widget\" data-widget_type=\"button.default\">\n\t\t\t\t<div class=\"elementor-widget-container\">\n\t\t\t\t\t<div class=\"elementor-button-wrapper\">\n\t\t\t<a class=\"elementor-button elementor-button-link elementor-size-sm\" href=\"https:\/\/helpershungary.typeform.com\/to\/r5hpe0\">\n\t\t\t\t\t\t<span class=\"elementor-button-content-wrapper\">\n\t\t\t\t\t\t\t\t\t<span class=\"elementor-button-text\">Wyb\u00f3r najlepszej procedury<\/span>\n\t\t\t\t\t<\/span>\n\t\t\t\t\t<\/a>\n\t\t<\/div>\n\t\t\t\t<\/div>\n\t\t\t\t<\/div>\n\t\t\t\t<div class=\"elementor-element elementor-element-f4cf87b elementor-widget elementor-widget-spacer\" data-id=\"f4cf87b\" data-element_type=\"widget\" data-widget_type=\"spacer.default\">\n\t\t\t\t<div class=\"elementor-widget-container\">\n\t\t\t\t\t<div class=\"elementor-spacer\">\n\t\t\t<div class=\"elementor-spacer-inner\"><\/div>\n\t\t<\/div>\n\t\t\t\t<\/div>\n\t\t\t\t<\/div>\n\t\t\t\t\t<\/div>\n\t\t<\/div>\n\t\t\t\t\t<\/div>\n\t\t<\/section>\n\t\t\t\t<section class=\"elementor-section elementor-top-section elementor-element elementor-element-05ef618 elementor-section-stretched elementor-section-full_width elementor-section-height-default elementor-section-height-default\" data-id=\"05ef618\" data-element_type=\"section\" data-settings=\"{&quot;background_background&quot;:&quot;classic&quot;,&quot;stretch_section&quot;:&quot;section-stretched&quot;}\">\n\t\t\t\t\t\t<div class=\"elementor-container elementor-column-gap-default\">\n\t\t\t\t\t<div class=\"elementor-column elementor-col-100 elementor-top-column elementor-element elementor-element-4beb002\" data-id=\"4beb002\" data-element_type=\"column\" data-settings=\"{&quot;background_background&quot;:&quot;classic&quot;}\">\n\t\t\t<div class=\"elementor-widget-wrap elementor-element-populated\">\n\t\t\t\t\t<div class=\"elementor-background-overlay\"><\/div>\n\t\t\t\t\t\t<div class=\"elementor-element elementor-element-d55eaf3 elementor-widget elementor-widget-spacer\" data-id=\"d55eaf3\" data-element_type=\"widget\" data-widget_type=\"spacer.default\">\n\t\t\t\t<div class=\"elementor-widget-container\">\n\t\t\t\t\t<div class=\"elementor-spacer\">\n\t\t\t<div class=\"elementor-spacer-inner\"><\/div>\n\t\t<\/div>\n\t\t\t\t<\/div>\n\t\t\t\t<\/div>\n\t\t\t\t\t<\/div>\n\t\t<\/div>\n\t\t\t\t\t<\/div>\n\t\t<\/section>\n\t\t\t\t<\/div>\n\t\t","protected":false},"excerpt":{"rendered":"<p>Zgodno\u015b\u0107 z\u00a0przepisami i\u00a0optymalizacja koszt\u00f3w Podczas planowania transferu pracownik\u00f3w z\u00a0zagranicy na W\u0119gry warto wzi\u0105\u0107 pod uwag\u0119 kilka wa\u017cnych kwestii. Ch\u0119tnie pomo\u017cemy w\u00a0realizacji ca\u0142ego projektu. Z\u00a0perspektywy d\u0142ugofalowej optymalizacja procesu pozwala zaoszcz\u0119dzi\u0107 czas i\u00a0pieni\u0105dze. Oto kilka najwa\u017cniejszych pyta\u0144, kt\u00f3re warto sobie zada\u0107: Ilu pracownik\u00f3w chc\u0105 Pa\u0144stwo przenie\u015b\u0107 na W\u0119gry? Czy te osoby ju\u017c dla Pa\u0144stwa pracuj\u0105, czy dopiero [&hellip;]<\/p>\n","protected":false},"author":2,"featured_media":0,"parent":0,"menu_order":0,"comment_status":"closed","ping_status":"closed","template":"elementor_header_footer","meta":{"footnotes":""},"yoast_head":"<!-- This site is optimized with the Yoast SEO plugin v23.0 - https:\/\/yoast.com\/wordpress\/plugins\/seo\/ -->\n<title>Zgodno\u015b\u0107 z\u00a0przepisami i\u00a0optymalizacja koszt\u00f3w - Hungarian Work Permit<\/title>\n<meta name=\"description\" content=\"Optymalizacja koszt\u00f3w przeniesienia pracownik\u00f3w na W\u0119gry. Dba\u0142o\u015b\u0107 o\u00a0zgodno\u015b\u0107 z\u00a0przepisami i\u00a0planowanie projektu. Wi\u0119cej informacji o\u00a0naszych us\u0142ugach\" \/>\n<meta name=\"robots\" content=\"index, follow, max-snippet:-1, max-image-preview:large, max-video-preview:-1\" \/>\n<link rel=\"canonical\" href=\"https:\/\/workpermit.hu\/pl\/zgodnosc-z-przepisami-i-optymalizacja-kosztow\/\" \/>\n<meta property=\"og:locale\" content=\"pl_PL\" \/>\n<meta property=\"og:type\" content=\"article\" \/>\n<meta property=\"og:title\" content=\"Zgodno\u015b\u0107 z\u00a0przepisami i\u00a0optymalizacja koszt\u00f3w - Hungarian Work Permit\" \/>\n<meta property=\"og:description\" content=\"Optymalizacja koszt\u00f3w przeniesienia pracownik\u00f3w na W\u0119gry. Dba\u0142o\u015b\u0107 o\u00a0zgodno\u015b\u0107 z\u00a0przepisami i\u00a0planowanie projektu. Wi\u0119cej informacji o\u00a0naszych us\u0142ugach\" \/>\n<meta property=\"og:url\" content=\"https:\/\/workpermit.hu\/pl\/zgodnosc-z-przepisami-i-optymalizacja-kosztow\/\" \/>\n<meta property=\"og:site_name\" content=\"Hungarian Work Permit\" \/>\n<meta property=\"article:modified_time\" content=\"2022-01-18T15:51:54+00:00\" \/>\n<meta property=\"og:image\" content=\"https:\/\/workpermit.hu\/wp-content\/uploads\/2019\/04\/studio-republic-644339-unsplash-400x400.jpg\" \/>\n<meta name=\"twitter:card\" content=\"summary_large_image\" \/>\n<meta name=\"twitter:label1\" content=\"Szacowany czas czytania\" \/>\n\t<meta name=\"twitter:data1\" content=\"2 minuty\" \/>\n<script type=\"application\/ld+json\" class=\"yoast-schema-graph\">{\"@context\":\"https:\/\/schema.org\",\"@graph\":[{\"@type\":\"WebPage\",\"@id\":\"https:\/\/workpermit.hu\/pl\/zgodnosc-z-przepisami-i-optymalizacja-kosztow\/\",\"url\":\"https:\/\/workpermit.hu\/pl\/zgodnosc-z-przepisami-i-optymalizacja-kosztow\/\",\"name\":\"Zgodno\u015b\u0107 z\u00a0przepisami i\u00a0optymalizacja koszt\u00f3w - Hungarian Work Permit\",\"isPartOf\":{\"@id\":\"https:\/\/workpermit.hu\/pl\/#website\"},\"primaryImageOfPage\":{\"@id\":\"https:\/\/workpermit.hu\/pl\/zgodnosc-z-przepisami-i-optymalizacja-kosztow\/#primaryimage\"},\"image\":{\"@id\":\"https:\/\/workpermit.hu\/pl\/zgodnosc-z-przepisami-i-optymalizacja-kosztow\/#primaryimage\"},\"thumbnailUrl\":\"https:\/\/workpermit.hu\/wp-content\/uploads\/2019\/04\/studio-republic-644339-unsplash-400x400.jpg\",\"datePublished\":\"2022-01-18T15:49:03+00:00\",\"dateModified\":\"2022-01-18T15:51:54+00:00\",\"description\":\"Optymalizacja koszt\u00f3w przeniesienia pracownik\u00f3w na W\u0119gry. Dba\u0142o\u015b\u0107 o\u00a0zgodno\u015b\u0107 z\u00a0przepisami i\u00a0planowanie projektu. Wi\u0119cej informacji o\u00a0naszych us\u0142ugach\",\"breadcrumb\":{\"@id\":\"https:\/\/workpermit.hu\/pl\/zgodnosc-z-przepisami-i-optymalizacja-kosztow\/#breadcrumb\"},\"inLanguage\":\"pl-PL\",\"potentialAction\":[{\"@type\":\"ReadAction\",\"target\":[\"https:\/\/workpermit.hu\/pl\/zgodnosc-z-przepisami-i-optymalizacja-kosztow\/\"]}]},{\"@type\":\"ImageObject\",\"inLanguage\":\"pl-PL\",\"@id\":\"https:\/\/workpermit.hu\/pl\/zgodnosc-z-przepisami-i-optymalizacja-kosztow\/#primaryimage\",\"url\":\"https:\/\/workpermit.hu\/wp-content\/uploads\/2019\/04\/studio-republic-644339-unsplash-400x400.jpg\",\"contentUrl\":\"https:\/\/workpermit.hu\/wp-content\/uploads\/2019\/04\/studio-republic-644339-unsplash-400x400.jpg\"},{\"@type\":\"BreadcrumbList\",\"@id\":\"https:\/\/workpermit.hu\/pl\/zgodnosc-z-przepisami-i-optymalizacja-kosztow\/#breadcrumb\",\"itemListElement\":[{\"@type\":\"ListItem\",\"position\":1,\"name\":\"Home\",\"item\":\"https:\/\/workpermit.hu\/pl\/\"},{\"@type\":\"ListItem\",\"position\":2,\"name\":\"Zgodno\u015b\u0107 z\u00a0przepisami i\u00a0optymalizacja koszt\u00f3w\"}]},{\"@type\":\"WebSite\",\"@id\":\"https:\/\/workpermit.hu\/pl\/#website\",\"url\":\"https:\/\/workpermit.hu\/pl\/\",\"name\":\"Hungarian Work Permit\",\"description\":\"by Helpers Hungary\",\"publisher\":{\"@id\":\"https:\/\/workpermit.hu\/pl\/#organization\"},\"potentialAction\":[{\"@type\":\"SearchAction\",\"target\":{\"@type\":\"EntryPoint\",\"urlTemplate\":\"https:\/\/workpermit.hu\/pl\/?s={search_term_string}\"},\"query-input\":\"required name=search_term_string\"}],\"inLanguage\":\"pl-PL\"},{\"@type\":\"Organization\",\"@id\":\"https:\/\/workpermit.hu\/pl\/#organization\",\"name\":\"Hungarian Work Permit\",\"url\":\"https:\/\/workpermit.hu\/pl\/\",\"logo\":{\"@type\":\"ImageObject\",\"inLanguage\":\"pl-PL\",\"@id\":\"https:\/\/workpermit.hu\/pl\/#\/schema\/logo\/image\/\",\"url\":\"https:\/\/workpermit.hu\/wp-content\/uploads\/2019\/06\/logo_workpermitwebsite_smaller.png\",\"contentUrl\":\"https:\/\/workpermit.hu\/wp-content\/uploads\/2019\/06\/logo_workpermitwebsite_smaller.png\",\"width\":450,\"height\":50,\"caption\":\"Hungarian Work Permit\"},\"image\":{\"@id\":\"https:\/\/workpermit.hu\/pl\/#\/schema\/logo\/image\/\"}}]}<\/script>\n<!-- \/ Yoast SEO plugin. -->","yoast_head_json":{"title":"Zgodno\u015b\u0107 z\u00a0przepisami i\u00a0optymalizacja koszt\u00f3w - Hungarian Work Permit","description":"Optymalizacja koszt\u00f3w przeniesienia pracownik\u00f3w na W\u0119gry. Dba\u0142o\u015b\u0107 o\u00a0zgodno\u015b\u0107 z\u00a0przepisami i\u00a0planowanie projektu. Wi\u0119cej informacji o\u00a0naszych us\u0142ugach","robots":{"index":"index","follow":"follow","max-snippet":"max-snippet:-1","max-image-preview":"max-image-preview:large","max-video-preview":"max-video-preview:-1"},"canonical":"https:\/\/workpermit.hu\/pl\/zgodnosc-z-przepisami-i-optymalizacja-kosztow\/","og_locale":"pl_PL","og_type":"article","og_title":"Zgodno\u015b\u0107 z\u00a0przepisami i\u00a0optymalizacja koszt\u00f3w - Hungarian Work Permit","og_description":"Optymalizacja koszt\u00f3w przeniesienia pracownik\u00f3w na W\u0119gry. Dba\u0142o\u015b\u0107 o\u00a0zgodno\u015b\u0107 z\u00a0przepisami i\u00a0planowanie projektu. Wi\u0119cej informacji o\u00a0naszych us\u0142ugach","og_url":"https:\/\/workpermit.hu\/pl\/zgodnosc-z-przepisami-i-optymalizacja-kosztow\/","og_site_name":"Hungarian Work Permit","article_modified_time":"2022-01-18T15:51:54+00:00","og_image":[{"url":"https:\/\/workpermit.hu\/wp-content\/uploads\/2019\/04\/studio-republic-644339-unsplash-400x400.jpg"}],"twitter_card":"summary_large_image","twitter_misc":{"Szacowany czas czytania":"2 minuty"},"schema":{"@context":"https:\/\/schema.org","@graph":[{"@type":"WebPage","@id":"https:\/\/workpermit.hu\/pl\/zgodnosc-z-przepisami-i-optymalizacja-kosztow\/","url":"https:\/\/workpermit.hu\/pl\/zgodnosc-z-przepisami-i-optymalizacja-kosztow\/","name":"Zgodno\u015b\u0107 z\u00a0przepisami i\u00a0optymalizacja koszt\u00f3w - Hungarian Work Permit","isPartOf":{"@id":"https:\/\/workpermit.hu\/pl\/#website"},"primaryImageOfPage":{"@id":"https:\/\/workpermit.hu\/pl\/zgodnosc-z-przepisami-i-optymalizacja-kosztow\/#primaryimage"},"image":{"@id":"https:\/\/workpermit.hu\/pl\/zgodnosc-z-przepisami-i-optymalizacja-kosztow\/#primaryimage"},"thumbnailUrl":"https:\/\/workpermit.hu\/wp-content\/uploads\/2019\/04\/studio-republic-644339-unsplash-400x400.jpg","datePublished":"2022-01-18T15:49:03+00:00","dateModified":"2022-01-18T15:51:54+00:00","description":"Optymalizacja koszt\u00f3w przeniesienia pracownik\u00f3w na W\u0119gry. Dba\u0142o\u015b\u0107 o\u00a0zgodno\u015b\u0107 z\u00a0przepisami i\u00a0planowanie projektu. Wi\u0119cej informacji o\u00a0naszych us\u0142ugach","breadcrumb":{"@id":"https:\/\/workpermit.hu\/pl\/zgodnosc-z-przepisami-i-optymalizacja-kosztow\/#breadcrumb"},"inLanguage":"pl-PL","potentialAction":[{"@type":"ReadAction","target":["https:\/\/workpermit.hu\/pl\/zgodnosc-z-przepisami-i-optymalizacja-kosztow\/"]}]},{"@type":"ImageObject","inLanguage":"pl-PL","@id":"https:\/\/workpermit.hu\/pl\/zgodnosc-z-przepisami-i-optymalizacja-kosztow\/#primaryimage","url":"https:\/\/workpermit.hu\/wp-content\/uploads\/2019\/04\/studio-republic-644339-unsplash-400x400.jpg","contentUrl":"https:\/\/workpermit.hu\/wp-content\/uploads\/2019\/04\/studio-republic-644339-unsplash-400x400.jpg"},{"@type":"BreadcrumbList","@id":"https:\/\/workpermit.hu\/pl\/zgodnosc-z-przepisami-i-optymalizacja-kosztow\/#breadcrumb","itemListElement":[{"@type":"ListItem","position":1,"name":"Home","item":"https:\/\/workpermit.hu\/pl\/"},{"@type":"ListItem","position":2,"name":"Zgodno\u015b\u0107 z\u00a0przepisami i\u00a0optymalizacja koszt\u00f3w"}]},{"@type":"WebSite","@id":"https:\/\/workpermit.hu\/pl\/#website","url":"https:\/\/workpermit.hu\/pl\/","name":"Hungarian Work Permit","description":"by Helpers Hungary","publisher":{"@id":"https:\/\/workpermit.hu\/pl\/#organization"},"potentialAction":[{"@type":"SearchAction","target":{"@type":"EntryPoint","urlTemplate":"https:\/\/workpermit.hu\/pl\/?s={search_term_string}"},"query-input":"required name=search_term_string"}],"inLanguage":"pl-PL"},{"@type":"Organization","@id":"https:\/\/workpermit.hu\/pl\/#organization","name":"Hungarian Work Permit","url":"https:\/\/workpermit.hu\/pl\/","logo":{"@type":"ImageObject","inLanguage":"pl-PL","@id":"https:\/\/workpermit.hu\/pl\/#\/schema\/logo\/image\/","url":"https:\/\/workpermit.hu\/wp-content\/uploads\/2019\/06\/logo_workpermitwebsite_smaller.png","contentUrl":"https:\/\/workpermit.hu\/wp-content\/uploads\/2019\/06\/logo_workpermitwebsite_smaller.png","width":450,"height":50,"caption":"Hungarian Work Permit"},"image":{"@id":"https:\/\/workpermit.hu\/pl\/#\/schema\/logo\/image\/"}}]}},"_links":{"self":[{"href":"https:\/\/workpermit.hu\/pl\/wp-json\/wp\/v2\/pages\/3030"}],"collection":[{"href":"https:\/\/workpermit.hu\/pl\/wp-json\/wp\/v2\/pages"}],"about":[{"href":"https:\/\/workpermit.hu\/pl\/wp-json\/wp\/v2\/types\/page"}],"author":[{"embeddable":true,"href":"https:\/\/workpermit.hu\/pl\/wp-json\/wp\/v2\/users\/2"}],"replies":[{"embeddable":true,"href":"https:\/\/workpermit.hu\/pl\/wp-json\/wp\/v2\/comments?post=3030"}],"version-history":[{"count":4,"href":"https:\/\/workpermit.hu\/pl\/wp-json\/wp\/v2\/pages\/3030\/revisions"}],"predecessor-version":[{"id":3034,"href":"https:\/\/workpermit.hu\/pl\/wp-json\/wp\/v2\/pages\/3030\/revisions\/3034"}],"wp:attachment":[{"href":"https:\/\/workpermit.hu\/pl\/wp-json\/wp\/v2\/media?parent=3030"}],"curies":[{"name":"wp","href":"https:\/\/api.w.org\/{rel}","templated":true}]}}