{"id":941,"date":"2019-09-18T12:21:28","date_gmt":"2019-09-18T12:21:28","guid":{"rendered":"https:\/\/workpermit.hu\/?page_id=941"},"modified":"2020-03-06T14:05:47","modified_gmt":"2020-03-06T14:05:47","slug":"torvenyi-megfeleles-es-koltsegcsokkentes","status":"publish","type":"page","link":"https:\/\/workpermit.hu\/hu\/torvenyi-megfeleles-es-koltsegcsokkentes\/","title":{"rendered":"T\u00f6rv\u00e9nyi megfelel\u00e9s \u00e9s k\u00f6lts\u00e9gcs\u00f6kkent\u00e9s"},"content":{"rendered":"\t\t<div data-elementor-type=\"wp-post\" data-elementor-id=\"941\" class=\"elementor elementor-941 elementor-454\">\n\t\t\t\t\t\t<section class=\"elementor-section elementor-top-section elementor-element elementor-element-39cda4ee elementor-section-full_width elementor-section-height-default elementor-section-height-default\" data-id=\"39cda4ee\" data-element_type=\"section\" data-settings=\"{&quot;background_background&quot;:&quot;classic&quot;}\">\n\t\t\t\t\t\t\t<div class=\"elementor-background-overlay\"><\/div>\n\t\t\t\t\t\t\t<div class=\"elementor-container elementor-column-gap-default\">\n\t\t\t\t\t<div class=\"elementor-column elementor-col-100 elementor-top-column elementor-element elementor-element-602407b\" data-id=\"602407b\" data-element_type=\"column\" data-settings=\"{&quot;background_background&quot;:&quot;classic&quot;}\">\n\t\t\t<div class=\"elementor-widget-wrap elementor-element-populated\">\n\t\t\t\t\t<div class=\"elementor-background-overlay\"><\/div>\n\t\t\t\t\t\t<div class=\"elementor-element elementor-element-68546d95 elementor-widget elementor-widget-spacer\" data-id=\"68546d95\" data-element_type=\"widget\" data-widget_type=\"spacer.default\">\n\t\t\t\t<div class=\"elementor-widget-container\">\n\t\t\t\t\t<div class=\"elementor-spacer\">\n\t\t\t<div class=\"elementor-spacer-inner\"><\/div>\n\t\t<\/div>\n\t\t\t\t<\/div>\n\t\t\t\t<\/div>\n\t\t\t\t<div class=\"elementor-element elementor-element-1a20311f elementor-widget elementor-widget-heading\" data-id=\"1a20311f\" data-element_type=\"widget\" data-widget_type=\"heading.default\">\n\t\t\t\t<div class=\"elementor-widget-container\">\n\t\t\t<h2 class=\"elementor-heading-title elementor-size-default\">T\u00f6rv\u00e9nyi megfelel\u00e9s \u00e9s k\u00f6lts\u00e9gcs\u00f6kkent\u00e9s<\/h2>\t\t<\/div>\n\t\t\t\t<\/div>\n\t\t\t\t<div class=\"elementor-element elementor-element-3da8fe6 elementor-widget elementor-widget-spacer\" data-id=\"3da8fe6\" data-element_type=\"widget\" data-widget_type=\"spacer.default\">\n\t\t\t\t<div class=\"elementor-widget-container\">\n\t\t\t\t\t<div class=\"elementor-spacer\">\n\t\t\t<div class=\"elementor-spacer-inner\"><\/div>\n\t\t<\/div>\n\t\t\t\t<\/div>\n\t\t\t\t<\/div>\n\t\t\t\t\t<\/div>\n\t\t<\/div>\n\t\t\t\t\t<\/div>\n\t\t<\/section>\n\t\t\t\t<section class=\"elementor-section elementor-top-section elementor-element elementor-element-18d75118 elementor-section-boxed elementor-section-height-default elementor-section-height-default\" data-id=\"18d75118\" data-element_type=\"section\" data-settings=\"{&quot;shape_divider_bottom&quot;:&quot;opacity-tilt&quot;}\">\n\t\t\t\t\t<div class=\"elementor-shape elementor-shape-bottom\" data-negative=\"false\">\n\t\t\t<svg xmlns=\"http:\/\/www.w3.org\/2000\/svg\" viewBox=\"0 0 2600 131.1\" preserveAspectRatio=\"none\">\n\t<path class=\"elementor-shape-fill\" d=\"M0 0L2600 0 2600 69.1 0 0z\"\/>\n\t<path class=\"elementor-shape-fill\" style=\"opacity:0.5\" d=\"M0 0L2600 0 2600 69.1 0 69.1z\"\/>\n\t<path class=\"elementor-shape-fill\" style=\"opacity:0.25\" d=\"M2600 0L0 0 0 130.1 2600 69.1z\"\/>\n<\/svg>\t\t<\/div>\n\t\t\t\t\t<div class=\"elementor-container elementor-column-gap-default\">\n\t\t\t\t\t<div class=\"elementor-column elementor-col-100 elementor-top-column elementor-element elementor-element-55adbcb8\" data-id=\"55adbcb8\" data-element_type=\"column\">\n\t\t\t<div class=\"elementor-widget-wrap elementor-element-populated\">\n\t\t\t\t\t\t<div class=\"elementor-element elementor-element-16a1902f elementor-widget elementor-widget-spacer\" data-id=\"16a1902f\" data-element_type=\"widget\" data-widget_type=\"spacer.default\">\n\t\t\t\t<div class=\"elementor-widget-container\">\n\t\t\t\t\t<div class=\"elementor-spacer\">\n\t\t\t<div class=\"elementor-spacer-inner\"><\/div>\n\t\t<\/div>\n\t\t\t\t<\/div>\n\t\t\t\t<\/div>\n\t\t\t\t<section class=\"elementor-section elementor-inner-section elementor-element elementor-element-5d626e2b elementor-section-content-middle elementor-section-boxed elementor-section-height-default elementor-section-height-default\" data-id=\"5d626e2b\" data-element_type=\"section\">\n\t\t\t\t\t\t<div class=\"elementor-container elementor-column-gap-default\">\n\t\t\t\t\t<div class=\"elementor-column elementor-col-50 elementor-inner-column elementor-element elementor-element-b555d38\" data-id=\"b555d38\" data-element_type=\"column\">\n\t\t\t<div class=\"elementor-widget-wrap elementor-element-populated\">\n\t\t\t\t\t\t<div class=\"elementor-element elementor-element-2ef5cabb elementor-widget elementor-widget-image\" data-id=\"2ef5cabb\" data-element_type=\"widget\" data-widget_type=\"image.default\">\n\t\t\t\t<div class=\"elementor-widget-container\">\n\t\t\t\t\t\t\t\t\t\t\t\t\t<img fetchpriority=\"high\" decoding=\"async\" width=\"400\" height=\"400\" src=\"https:\/\/workpermit.hu\/wp-content\/uploads\/2019\/04\/studio-republic-644339-unsplash-400x400.jpg\" class=\"attachment-total-portfolio-thumb size-total-portfolio-thumb wp-image-944\" alt=\"\" srcset=\"https:\/\/workpermit.hu\/wp-content\/uploads\/2019\/04\/studio-republic-644339-unsplash-400x400.jpg 400w, https:\/\/workpermit.hu\/wp-content\/uploads\/2019\/04\/studio-republic-644339-unsplash-150x150.jpg 150w, https:\/\/workpermit.hu\/wp-content\/uploads\/2019\/04\/studio-republic-644339-unsplash-100x100.jpg 100w\" sizes=\"(max-width: 400px) 100vw, 400px\" \/>\t\t\t\t\t\t\t\t\t\t\t\t\t<\/div>\n\t\t\t\t<\/div>\n\t\t\t\t\t<\/div>\n\t\t<\/div>\n\t\t\t\t<div class=\"elementor-column elementor-col-50 elementor-inner-column elementor-element elementor-element-701f01dd\" data-id=\"701f01dd\" data-element_type=\"column\">\n\t\t\t<div class=\"elementor-widget-wrap elementor-element-populated\">\n\t\t\t\t\t\t<div class=\"elementor-element elementor-element-742454f7 elementor-widget elementor-widget-text-editor\" data-id=\"742454f7\" data-element_type=\"widget\" data-widget_type=\"text-editor.default\">\n\t\t\t\t<div class=\"elementor-widget-container\">\n\t\t\t\t\t\t\t<p>Ha k\u00fclf\u00f6ldi munkav\u00e1llal\u00f3kat tervez alkalmazni magyarorsz\u00e1gi v\u00e1llalat\u00e1n\u00e1l, sz\u00e1mos t\u00e9nyez\u0151t figyelembe kell venni. Mi seg\u00edt\u00fcnk megval\u00f3s\u00edtani terveit. A folyamatok optimaliz\u00e1l\u00e1sa hossz\u00fa t\u00e1von id\u0151t \u00e9s k\u00f6lts\u00e9get takar\u00edt meg c\u00e9g\u00e9nek.<\/p>\t\t\t\t\t\t<\/div>\n\t\t\t\t<\/div>\n\t\t\t\t\t<\/div>\n\t\t<\/div>\n\t\t\t\t\t<\/div>\n\t\t<\/section>\n\t\t\t\t<div class=\"elementor-element elementor-element-53514583 elementor-widget elementor-widget-spacer\" data-id=\"53514583\" data-element_type=\"widget\" data-widget_type=\"spacer.default\">\n\t\t\t\t<div class=\"elementor-widget-container\">\n\t\t\t\t\t<div class=\"elementor-spacer\">\n\t\t\t<div class=\"elementor-spacer-inner\"><\/div>\n\t\t<\/div>\n\t\t\t\t<\/div>\n\t\t\t\t<\/div>\n\t\t\t\t<div class=\"elementor-element elementor-element-1a2f9078 elementor-widget elementor-widget-text-editor\" data-id=\"1a2f9078\" data-element_type=\"widget\" data-widget_type=\"text-editor.default\">\n\t\t\t\t<div class=\"elementor-widget-container\">\n\t\t\t\t\t\t\t<p>\u00cdme n\u00e9h\u00e1ny fontos k\u00e9rd\u00e9s, melyet mihamarabb tiszt\u00e1zni kell:<\/p><ul><li>H\u00e1ny munkav\u00e1llal\u00f3t szeretne Magyarorsz\u00e1gra hozni?<\/li><li>Ezek az emberek m\u00e1r most is a v\u00e1llalatcsoport alkalmazottai, vagy csak most kezd\u0151dik a toborz\u00e1s?<\/li><li>Milyen k\u00e9pzetts\u00e9gek sz\u00fcks\u00e9gesek a munka ell\u00e1t\u00e1s\u00e1hoz?<\/li><li>Mikor kell az alkalmazottainak munk\u00e1ba \u00e1llniuk Magyarorsz\u00e1gon?<\/li><li>Ki lesz a munkaad\u00f3?<\/li><li>A munkaad\u00f3 egy \u00f6n\u00e1ll\u00f3 magyar c\u00e9g, egy k\u00fclf\u00f6ldi c\u00e9g magyar le\u00e1nyv\u00e1llalata, vagy egy k\u00fclf\u00f6ldi c\u00e9g?<\/li><\/ul><p>T\u00f6ltse ki ingyenes, angol nyelv\u0171 k\u00e9rd\u0151\u00edv\u00fcnket, melyb\u0151l l\u00e1tni fogja, minden tud\u00e1ssal rendelkezik-e ahhoz, hogy Magyarorsz\u00e1gra hozza k\u00fclf\u00f6ldi munkav\u00e1llal\u00f3it, vagy esetleg komolyabb seg\u00edts\u00e9gre van sz\u00fcks\u00e9ge szakk\u00e9pzett \u00e9s tapasztalt munkat\u00e1rsainkt\u00f3l a folyamat megtervez\u00e9s\u00e9hez \u00e9s lebonyol\u00edt\u00e1s\u00e1hoz! Ha m\u00e9g nincs kidolgozva a relok\u00e1ci\u00f3s projekt minden r\u00e9szlete \u00e9s szeretne gondoskodni a teljesk\u00f6r\u0171 jogi megfelel\u0151s\u00e9gr\u0151l, <b style=\"color: #f20947;\">\u00e1tfog\u00f3 szolg\u00e1ltat\u00e1sunk<\/b> keret\u00e9ben pontosan megtervezz\u00fck, mikor mit kell tennie, hogy a folyamat egyszer\u0171 \u00e9s k\u00f6lts\u00e9ghat\u00e9kony legyen.<\/p>\t\t\t\t\t\t<\/div>\n\t\t\t\t<\/div>\n\t\t\t\t<div class=\"elementor-element elementor-element-495a3f8c elementor-align-center elementor-widget elementor-widget-button\" data-id=\"495a3f8c\" data-element_type=\"widget\" data-widget_type=\"button.default\">\n\t\t\t\t<div class=\"elementor-widget-container\">\n\t\t\t\t\t<div class=\"elementor-button-wrapper\">\n\t\t\t<a class=\"elementor-button elementor-button-link elementor-size-sm\" href=\"https:\/\/helpershungary.typeform.com\/to\/r5hpe0\">\n\t\t\t\t\t\t<span class=\"elementor-button-content-wrapper\">\n\t\t\t\t\t\t\t\t\t<span class=\"elementor-button-text\">Ellen\u0151rizze, melyik folyamat fedi le c\u00e9ge sz\u00fcks\u00e9gleteit!<\/span>\n\t\t\t\t\t<\/span>\n\t\t\t\t\t<\/a>\n\t\t<\/div>\n\t\t\t\t<\/div>\n\t\t\t\t<\/div>\n\t\t\t\t<div class=\"elementor-element elementor-element-52a7e7d1 elementor-widget elementor-widget-spacer\" data-id=\"52a7e7d1\" data-element_type=\"widget\" data-widget_type=\"spacer.default\">\n\t\t\t\t<div class=\"elementor-widget-container\">\n\t\t\t\t\t<div class=\"elementor-spacer\">\n\t\t\t<div class=\"elementor-spacer-inner\"><\/div>\n\t\t<\/div>\n\t\t\t\t<\/div>\n\t\t\t\t<\/div>\n\t\t\t\t\t<\/div>\n\t\t<\/div>\n\t\t\t\t\t<\/div>\n\t\t<\/section>\n\t\t\t\t<section class=\"elementor-section elementor-top-section elementor-element elementor-element-12932bb9 elementor-section-stretched elementor-section-full_width elementor-section-height-default elementor-section-height-default\" data-id=\"12932bb9\" data-element_type=\"section\" data-settings=\"{&quot;background_background&quot;:&quot;classic&quot;,&quot;stretch_section&quot;:&quot;section-stretched&quot;}\">\n\t\t\t\t\t\t<div class=\"elementor-container elementor-column-gap-default\">\n\t\t\t\t\t<div class=\"elementor-column elementor-col-100 elementor-top-column elementor-element elementor-element-cfbf5ad\" data-id=\"cfbf5ad\" data-element_type=\"column\" data-settings=\"{&quot;background_background&quot;:&quot;classic&quot;}\">\n\t\t\t<div class=\"elementor-widget-wrap elementor-element-populated\">\n\t\t\t\t\t<div class=\"elementor-background-overlay\"><\/div>\n\t\t\t\t\t\t<div class=\"elementor-element elementor-element-38190078 elementor-widget elementor-widget-spacer\" data-id=\"38190078\" data-element_type=\"widget\" data-widget_type=\"spacer.default\">\n\t\t\t\t<div class=\"elementor-widget-container\">\n\t\t\t\t\t<div class=\"elementor-spacer\">\n\t\t\t<div class=\"elementor-spacer-inner\"><\/div>\n\t\t<\/div>\n\t\t\t\t<\/div>\n\t\t\t\t<\/div>\n\t\t\t\t\t<\/div>\n\t\t<\/div>\n\t\t\t\t\t<\/div>\n\t\t<\/section>\n\t\t\t\t<\/div>\n\t\t","protected":false},"excerpt":{"rendered":"<p>T\u00f6rv\u00e9nyi megfelel\u00e9s \u00e9s k\u00f6lts\u00e9gcs\u00f6kkent\u00e9s Ha k\u00fclf\u00f6ldi munkav\u00e1llal\u00f3kat tervez alkalmazni magyarorsz\u00e1gi v\u00e1llalat\u00e1n\u00e1l, sz\u00e1mos t\u00e9nyez\u0151t figyelembe kell venni. Mi seg\u00edt\u00fcnk megval\u00f3s\u00edtani terveit. A folyamatok optimaliz\u00e1l\u00e1sa hossz\u00fa t\u00e1von id\u0151t \u00e9s k\u00f6lts\u00e9get takar\u00edt meg c\u00e9g\u00e9nek. \u00cdme n\u00e9h\u00e1ny fontos k\u00e9rd\u00e9s, melyet mihamarabb tiszt\u00e1zni kell: H\u00e1ny munkav\u00e1llal\u00f3t szeretne Magyarorsz\u00e1gra hozni? Ezek az emberek m\u00e1r most is a v\u00e1llalatcsoport alkalmazottai, vagy csak [&hellip;]<\/p>\n","protected":false},"author":2,"featured_media":0,"parent":0,"menu_order":0,"comment_status":"closed","ping_status":"closed","template":"elementor_header_footer","meta":{"footnotes":""},"yoast_head":"<!-- This site is optimized with the Yoast SEO plugin v23.0 - https:\/\/yoast.com\/wordpress\/plugins\/seo\/ -->\n<title>T\u00f6rv\u00e9nyi megfelel\u00e9s \u00e9s k\u00f6lts\u00e9gcs\u00f6kkent\u00e9s - Hungarian Work Permit<\/title>\n<meta name=\"robots\" content=\"index, follow, max-snippet:-1, max-image-preview:large, max-video-preview:-1\" \/>\n<link rel=\"canonical\" href=\"https:\/\/workpermit.hu\/hu\/torvenyi-megfeleles-es-koltsegcsokkentes\/\" \/>\n<meta property=\"og:locale\" content=\"hu_HU\" \/>\n<meta property=\"og:type\" content=\"article\" \/>\n<meta property=\"og:title\" content=\"T\u00f6rv\u00e9nyi megfelel\u00e9s \u00e9s k\u00f6lts\u00e9gcs\u00f6kkent\u00e9s - Hungarian Work Permit\" \/>\n<meta property=\"og:description\" content=\"T\u00f6rv\u00e9nyi megfelel\u00e9s \u00e9s k\u00f6lts\u00e9gcs\u00f6kkent\u00e9s Ha k\u00fclf\u00f6ldi munkav\u00e1llal\u00f3kat tervez alkalmazni magyarorsz\u00e1gi v\u00e1llalat\u00e1n\u00e1l, sz\u00e1mos t\u00e9nyez\u0151t figyelembe kell venni. Mi seg\u00edt\u00fcnk megval\u00f3s\u00edtani terveit. A folyamatok optimaliz\u00e1l\u00e1sa hossz\u00fa t\u00e1von id\u0151t \u00e9s k\u00f6lts\u00e9get takar\u00edt meg c\u00e9g\u00e9nek. \u00cdme n\u00e9h\u00e1ny fontos k\u00e9rd\u00e9s, melyet mihamarabb tiszt\u00e1zni kell: H\u00e1ny munkav\u00e1llal\u00f3t szeretne Magyarorsz\u00e1gra hozni? Ezek az emberek m\u00e1r most is a v\u00e1llalatcsoport alkalmazottai, vagy csak [&hellip;]\" \/>\n<meta property=\"og:url\" content=\"https:\/\/workpermit.hu\/hu\/torvenyi-megfeleles-es-koltsegcsokkentes\/\" \/>\n<meta property=\"og:site_name\" content=\"Hungarian Work Permit\" \/>\n<meta property=\"article:modified_time\" content=\"2020-03-06T14:05:47+00:00\" \/>\n<meta property=\"og:image\" content=\"https:\/\/workpermit.hu\/wp-content\/uploads\/2019\/04\/studio-republic-644339-unsplash-400x400.jpg\" \/>\n<meta name=\"twitter:card\" content=\"summary_large_image\" \/>\n<meta name=\"twitter:label1\" content=\"Becs\u00fclt olvas\u00e1si id\u0151\" \/>\n\t<meta name=\"twitter:data1\" content=\"1 perc\" \/>\n<script type=\"application\/ld+json\" class=\"yoast-schema-graph\">{\"@context\":\"https:\/\/schema.org\",\"@graph\":[{\"@type\":\"WebPage\",\"@id\":\"https:\/\/workpermit.hu\/hu\/torvenyi-megfeleles-es-koltsegcsokkentes\/\",\"url\":\"https:\/\/workpermit.hu\/hu\/torvenyi-megfeleles-es-koltsegcsokkentes\/\",\"name\":\"T\u00f6rv\u00e9nyi megfelel\u00e9s \u00e9s k\u00f6lts\u00e9gcs\u00f6kkent\u00e9s - Hungarian Work Permit\",\"isPartOf\":{\"@id\":\"https:\/\/workpermit.hu\/hu\/#website\"},\"primaryImageOfPage\":{\"@id\":\"https:\/\/workpermit.hu\/hu\/torvenyi-megfeleles-es-koltsegcsokkentes\/#primaryimage\"},\"image\":{\"@id\":\"https:\/\/workpermit.hu\/hu\/torvenyi-megfeleles-es-koltsegcsokkentes\/#primaryimage\"},\"thumbnailUrl\":\"https:\/\/workpermit.hu\/wp-content\/uploads\/2019\/04\/studio-republic-644339-unsplash-400x400.jpg\",\"datePublished\":\"2019-09-18T12:21:28+00:00\",\"dateModified\":\"2020-03-06T14:05:47+00:00\",\"breadcrumb\":{\"@id\":\"https:\/\/workpermit.hu\/hu\/torvenyi-megfeleles-es-koltsegcsokkentes\/#breadcrumb\"},\"inLanguage\":\"hu\",\"potentialAction\":[{\"@type\":\"ReadAction\",\"target\":[\"https:\/\/workpermit.hu\/hu\/torvenyi-megfeleles-es-koltsegcsokkentes\/\"]}]},{\"@type\":\"ImageObject\",\"inLanguage\":\"hu\",\"@id\":\"https:\/\/workpermit.hu\/hu\/torvenyi-megfeleles-es-koltsegcsokkentes\/#primaryimage\",\"url\":\"https:\/\/workpermit.hu\/wp-content\/uploads\/2019\/04\/studio-republic-644339-unsplash-400x400.jpg\",\"contentUrl\":\"https:\/\/workpermit.hu\/wp-content\/uploads\/2019\/04\/studio-republic-644339-unsplash-400x400.jpg\"},{\"@type\":\"BreadcrumbList\",\"@id\":\"https:\/\/workpermit.hu\/hu\/torvenyi-megfeleles-es-koltsegcsokkentes\/#breadcrumb\",\"itemListElement\":[{\"@type\":\"ListItem\",\"position\":1,\"name\":\"Home\",\"item\":\"https:\/\/workpermit.hu\/hu\/\"},{\"@type\":\"ListItem\",\"position\":2,\"name\":\"T\u00f6rv\u00e9nyi megfelel\u00e9s \u00e9s k\u00f6lts\u00e9gcs\u00f6kkent\u00e9s\"}]},{\"@type\":\"WebSite\",\"@id\":\"https:\/\/workpermit.hu\/hu\/#website\",\"url\":\"https:\/\/workpermit.hu\/hu\/\",\"name\":\"Hungarian Work Permit\",\"description\":\"by Helpers Hungary\",\"publisher\":{\"@id\":\"https:\/\/workpermit.hu\/hu\/#organization\"},\"potentialAction\":[{\"@type\":\"SearchAction\",\"target\":{\"@type\":\"EntryPoint\",\"urlTemplate\":\"https:\/\/workpermit.hu\/hu\/?s={search_term_string}\"},\"query-input\":\"required name=search_term_string\"}],\"inLanguage\":\"hu\"},{\"@type\":\"Organization\",\"@id\":\"https:\/\/workpermit.hu\/hu\/#organization\",\"name\":\"Hungarian Work Permit\",\"url\":\"https:\/\/workpermit.hu\/hu\/\",\"logo\":{\"@type\":\"ImageObject\",\"inLanguage\":\"hu\",\"@id\":\"https:\/\/workpermit.hu\/hu\/#\/schema\/logo\/image\/\",\"url\":\"https:\/\/workpermit.hu\/wp-content\/uploads\/2019\/06\/logo_workpermitwebsite_smaller.png\",\"contentUrl\":\"https:\/\/workpermit.hu\/wp-content\/uploads\/2019\/06\/logo_workpermitwebsite_smaller.png\",\"width\":450,\"height\":50,\"caption\":\"Hungarian Work Permit\"},\"image\":{\"@id\":\"https:\/\/workpermit.hu\/hu\/#\/schema\/logo\/image\/\"}}]}<\/script>\n<!-- \/ Yoast SEO plugin. -->","yoast_head_json":{"title":"T\u00f6rv\u00e9nyi megfelel\u00e9s \u00e9s k\u00f6lts\u00e9gcs\u00f6kkent\u00e9s - Hungarian Work Permit","robots":{"index":"index","follow":"follow","max-snippet":"max-snippet:-1","max-image-preview":"max-image-preview:large","max-video-preview":"max-video-preview:-1"},"canonical":"https:\/\/workpermit.hu\/hu\/torvenyi-megfeleles-es-koltsegcsokkentes\/","og_locale":"hu_HU","og_type":"article","og_title":"T\u00f6rv\u00e9nyi megfelel\u00e9s \u00e9s k\u00f6lts\u00e9gcs\u00f6kkent\u00e9s - Hungarian Work Permit","og_description":"T\u00f6rv\u00e9nyi megfelel\u00e9s \u00e9s k\u00f6lts\u00e9gcs\u00f6kkent\u00e9s Ha k\u00fclf\u00f6ldi munkav\u00e1llal\u00f3kat tervez alkalmazni magyarorsz\u00e1gi v\u00e1llalat\u00e1n\u00e1l, sz\u00e1mos t\u00e9nyez\u0151t figyelembe kell venni. Mi seg\u00edt\u00fcnk megval\u00f3s\u00edtani terveit. A folyamatok optimaliz\u00e1l\u00e1sa hossz\u00fa t\u00e1von id\u0151t \u00e9s k\u00f6lts\u00e9get takar\u00edt meg c\u00e9g\u00e9nek. \u00cdme n\u00e9h\u00e1ny fontos k\u00e9rd\u00e9s, melyet mihamarabb tiszt\u00e1zni kell: H\u00e1ny munkav\u00e1llal\u00f3t szeretne Magyarorsz\u00e1gra hozni? Ezek az emberek m\u00e1r most is a v\u00e1llalatcsoport alkalmazottai, vagy csak [&hellip;]","og_url":"https:\/\/workpermit.hu\/hu\/torvenyi-megfeleles-es-koltsegcsokkentes\/","og_site_name":"Hungarian Work Permit","article_modified_time":"2020-03-06T14:05:47+00:00","og_image":[{"url":"https:\/\/workpermit.hu\/wp-content\/uploads\/2019\/04\/studio-republic-644339-unsplash-400x400.jpg"}],"twitter_card":"summary_large_image","twitter_misc":{"Becs\u00fclt olvas\u00e1si id\u0151":"1 perc"},"schema":{"@context":"https:\/\/schema.org","@graph":[{"@type":"WebPage","@id":"https:\/\/workpermit.hu\/hu\/torvenyi-megfeleles-es-koltsegcsokkentes\/","url":"https:\/\/workpermit.hu\/hu\/torvenyi-megfeleles-es-koltsegcsokkentes\/","name":"T\u00f6rv\u00e9nyi megfelel\u00e9s \u00e9s k\u00f6lts\u00e9gcs\u00f6kkent\u00e9s - Hungarian Work Permit","isPartOf":{"@id":"https:\/\/workpermit.hu\/hu\/#website"},"primaryImageOfPage":{"@id":"https:\/\/workpermit.hu\/hu\/torvenyi-megfeleles-es-koltsegcsokkentes\/#primaryimage"},"image":{"@id":"https:\/\/workpermit.hu\/hu\/torvenyi-megfeleles-es-koltsegcsokkentes\/#primaryimage"},"thumbnailUrl":"https:\/\/workpermit.hu\/wp-content\/uploads\/2019\/04\/studio-republic-644339-unsplash-400x400.jpg","datePublished":"2019-09-18T12:21:28+00:00","dateModified":"2020-03-06T14:05:47+00:00","breadcrumb":{"@id":"https:\/\/workpermit.hu\/hu\/torvenyi-megfeleles-es-koltsegcsokkentes\/#breadcrumb"},"inLanguage":"hu","potentialAction":[{"@type":"ReadAction","target":["https:\/\/workpermit.hu\/hu\/torvenyi-megfeleles-es-koltsegcsokkentes\/"]}]},{"@type":"ImageObject","inLanguage":"hu","@id":"https:\/\/workpermit.hu\/hu\/torvenyi-megfeleles-es-koltsegcsokkentes\/#primaryimage","url":"https:\/\/workpermit.hu\/wp-content\/uploads\/2019\/04\/studio-republic-644339-unsplash-400x400.jpg","contentUrl":"https:\/\/workpermit.hu\/wp-content\/uploads\/2019\/04\/studio-republic-644339-unsplash-400x400.jpg"},{"@type":"BreadcrumbList","@id":"https:\/\/workpermit.hu\/hu\/torvenyi-megfeleles-es-koltsegcsokkentes\/#breadcrumb","itemListElement":[{"@type":"ListItem","position":1,"name":"Home","item":"https:\/\/workpermit.hu\/hu\/"},{"@type":"ListItem","position":2,"name":"T\u00f6rv\u00e9nyi megfelel\u00e9s \u00e9s k\u00f6lts\u00e9gcs\u00f6kkent\u00e9s"}]},{"@type":"WebSite","@id":"https:\/\/workpermit.hu\/hu\/#website","url":"https:\/\/workpermit.hu\/hu\/","name":"Hungarian Work Permit","description":"by Helpers Hungary","publisher":{"@id":"https:\/\/workpermit.hu\/hu\/#organization"},"potentialAction":[{"@type":"SearchAction","target":{"@type":"EntryPoint","urlTemplate":"https:\/\/workpermit.hu\/hu\/?s={search_term_string}"},"query-input":"required name=search_term_string"}],"inLanguage":"hu"},{"@type":"Organization","@id":"https:\/\/workpermit.hu\/hu\/#organization","name":"Hungarian Work Permit","url":"https:\/\/workpermit.hu\/hu\/","logo":{"@type":"ImageObject","inLanguage":"hu","@id":"https:\/\/workpermit.hu\/hu\/#\/schema\/logo\/image\/","url":"https:\/\/workpermit.hu\/wp-content\/uploads\/2019\/06\/logo_workpermitwebsite_smaller.png","contentUrl":"https:\/\/workpermit.hu\/wp-content\/uploads\/2019\/06\/logo_workpermitwebsite_smaller.png","width":450,"height":50,"caption":"Hungarian Work Permit"},"image":{"@id":"https:\/\/workpermit.hu\/hu\/#\/schema\/logo\/image\/"}}]}},"_links":{"self":[{"href":"https:\/\/workpermit.hu\/hu\/wp-json\/wp\/v2\/pages\/941"}],"collection":[{"href":"https:\/\/workpermit.hu\/hu\/wp-json\/wp\/v2\/pages"}],"about":[{"href":"https:\/\/workpermit.hu\/hu\/wp-json\/wp\/v2\/types\/page"}],"author":[{"embeddable":true,"href":"https:\/\/workpermit.hu\/hu\/wp-json\/wp\/v2\/users\/2"}],"replies":[{"embeddable":true,"href":"https:\/\/workpermit.hu\/hu\/wp-json\/wp\/v2\/comments?post=941"}],"version-history":[{"count":8,"href":"https:\/\/workpermit.hu\/hu\/wp-json\/wp\/v2\/pages\/941\/revisions"}],"predecessor-version":[{"id":1948,"href":"https:\/\/workpermit.hu\/hu\/wp-json\/wp\/v2\/pages\/941\/revisions\/1948"}],"wp:attachment":[{"href":"https:\/\/workpermit.hu\/hu\/wp-json\/wp\/v2\/media?parent=941"}],"curies":[{"name":"wp","href":"https:\/\/api.w.org\/{rel}","templated":true}]}}