{"id":1018,"date":"2019-09-18T13:01:14","date_gmt":"2019-09-18T13:01:14","guid":{"rendered":"https:\/\/workpermit.hu\/?page_id=1018"},"modified":"2021-02-11T15:40:19","modified_gmt":"2021-02-11T15:40:19","slug":"hr-tanacsadas-berszamfejtes","status":"publish","type":"page","link":"https:\/\/workpermit.hu\/hu\/hr-tanacsadas-berszamfejtes\/","title":{"rendered":"HR tan\u00e1csad\u00e1s \u00e9s b\u00e9rsz\u00e1mfejt\u00e9s"},"content":{"rendered":"\t\t<div data-elementor-type=\"wp-post\" data-elementor-id=\"1018\" class=\"elementor elementor-1018 elementor-468\">\n\t\t\t\t\t\t<section class=\"elementor-section elementor-top-section elementor-element elementor-element-1681b577 elementor-section-full_width elementor-section-height-default elementor-section-height-default\" data-id=\"1681b577\" data-element_type=\"section\" data-settings=\"{&quot;background_background&quot;:&quot;classic&quot;}\">\n\t\t\t\t\t\t\t<div class=\"elementor-background-overlay\"><\/div>\n\t\t\t\t\t\t\t<div class=\"elementor-container elementor-column-gap-default\">\n\t\t\t\t\t<div class=\"elementor-column elementor-col-100 elementor-top-column elementor-element elementor-element-35c055b7\" data-id=\"35c055b7\" data-element_type=\"column\" data-settings=\"{&quot;background_background&quot;:&quot;classic&quot;}\">\n\t\t\t<div class=\"elementor-widget-wrap elementor-element-populated\">\n\t\t\t\t\t<div class=\"elementor-background-overlay\"><\/div>\n\t\t\t\t\t\t<div class=\"elementor-element elementor-element-4d258042 elementor-widget elementor-widget-spacer\" data-id=\"4d258042\" data-element_type=\"widget\" data-widget_type=\"spacer.default\">\n\t\t\t\t<div class=\"elementor-widget-container\">\n\t\t\t\t\t<div class=\"elementor-spacer\">\n\t\t\t<div class=\"elementor-spacer-inner\"><\/div>\n\t\t<\/div>\n\t\t\t\t<\/div>\n\t\t\t\t<\/div>\n\t\t\t\t<div class=\"elementor-element elementor-element-3a7e344a elementor-widget elementor-widget-heading\" data-id=\"3a7e344a\" data-element_type=\"widget\" data-widget_type=\"heading.default\">\n\t\t\t\t<div class=\"elementor-widget-container\">\n\t\t\t<h2 class=\"elementor-heading-title elementor-size-default\">HR tan\u00e1csad\u00e1s \u00e9s b\u00e9rsz\u00e1mfejt\u00e9s<\/h2>\t\t<\/div>\n\t\t\t\t<\/div>\n\t\t\t\t<div class=\"elementor-element elementor-element-19fe9ada elementor-widget elementor-widget-spacer\" data-id=\"19fe9ada\" data-element_type=\"widget\" data-widget_type=\"spacer.default\">\n\t\t\t\t<div class=\"elementor-widget-container\">\n\t\t\t\t\t<div class=\"elementor-spacer\">\n\t\t\t<div class=\"elementor-spacer-inner\"><\/div>\n\t\t<\/div>\n\t\t\t\t<\/div>\n\t\t\t\t<\/div>\n\t\t\t\t\t<\/div>\n\t\t<\/div>\n\t\t\t\t\t<\/div>\n\t\t<\/section>\n\t\t\t\t<section class=\"elementor-section elementor-top-section elementor-element elementor-element-468c758d elementor-section-boxed elementor-section-height-default elementor-section-height-default\" data-id=\"468c758d\" data-element_type=\"section\">\n\t\t\t\t\t\t<div class=\"elementor-container elementor-column-gap-default\">\n\t\t\t\t\t<div class=\"elementor-column elementor-col-100 elementor-top-column elementor-element elementor-element-4f3fd960\" data-id=\"4f3fd960\" data-element_type=\"column\">\n\t\t\t<div class=\"elementor-widget-wrap elementor-element-populated\">\n\t\t\t\t\t\t<div class=\"elementor-element elementor-element-62b5de67 elementor-widget elementor-widget-spacer\" data-id=\"62b5de67\" data-element_type=\"widget\" data-widget_type=\"spacer.default\">\n\t\t\t\t<div class=\"elementor-widget-container\">\n\t\t\t\t\t<div class=\"elementor-spacer\">\n\t\t\t<div class=\"elementor-spacer-inner\"><\/div>\n\t\t<\/div>\n\t\t\t\t<\/div>\n\t\t\t\t<\/div>\n\t\t\t\t\t<\/div>\n\t\t<\/div>\n\t\t\t\t\t<\/div>\n\t\t<\/section>\n\t\t\t\t<section class=\"elementor-section elementor-inner-section elementor-element elementor-element-65470387 elementor-section-content-middle elementor-section-boxed elementor-section-height-default elementor-section-height-default\" data-id=\"65470387\" data-element_type=\"section\">\n\t\t\t\t\t\t<div class=\"elementor-container elementor-column-gap-default\">\n\t\t\t\t\t<div class=\"elementor-column elementor-col-50 elementor-inner-column elementor-element elementor-element-3da307c\" data-id=\"3da307c\" data-element_type=\"column\">\n\t\t\t<div class=\"elementor-widget-wrap elementor-element-populated\">\n\t\t\t\t\t\t<div class=\"elementor-element elementor-element-37bd36ad elementor-widget elementor-widget-image\" data-id=\"37bd36ad\" data-element_type=\"widget\" data-widget_type=\"image.default\">\n\t\t\t\t<div class=\"elementor-widget-container\">\n\t\t\t\t\t\t\t\t\t\t\t\t\t<img fetchpriority=\"high\" decoding=\"async\" width=\"400\" height=\"400\" src=\"https:\/\/workpermit.hu\/wp-content\/uploads\/2019\/05\/illustration_workpermit2-400x400.png\" class=\"attachment-total-portfolio-thumb size-total-portfolio-thumb wp-image-1021\" alt=\"\" srcset=\"https:\/\/workpermit.hu\/wp-content\/uploads\/2019\/05\/illustration_workpermit2-400x400.png 400w, https:\/\/workpermit.hu\/wp-content\/uploads\/2019\/05\/illustration_workpermit2-150x150.png 150w, https:\/\/workpermit.hu\/wp-content\/uploads\/2019\/05\/illustration_workpermit2-100x100.png 100w\" sizes=\"(max-width: 400px) 100vw, 400px\" \/>\t\t\t\t\t\t\t\t\t\t\t\t\t<\/div>\n\t\t\t\t<\/div>\n\t\t\t\t\t<\/div>\n\t\t<\/div>\n\t\t\t\t<div class=\"elementor-column elementor-col-50 elementor-inner-column elementor-element elementor-element-3ed6094e\" data-id=\"3ed6094e\" data-element_type=\"column\">\n\t\t\t<div class=\"elementor-widget-wrap elementor-element-populated\">\n\t\t\t\t\t\t<div class=\"elementor-element elementor-element-377d4f8e elementor-widget elementor-widget-text-editor\" data-id=\"377d4f8e\" data-element_type=\"widget\" data-widget_type=\"text-editor.default\">\n\t\t\t\t<div class=\"elementor-widget-container\">\n\t\t\t\t\t\t\t<p><span class=\"Apple-converted-space\">K\u00fclf\u00f6ldi v\u00e1llalatvezet\u0151k\u00e9nt olykor neh\u00e9z kiismerni a toborz\u00e1sra, munk\u00e1ba \u00e1ll\u00e1sra \u00e9s munk\u00e1ltat\u00e1sra vonatkoz\u00f3 helyi szok\u00e1sokat, mik\u00f6zben arr\u00f3l is gondoskodni kell, hogy a lehet\u0151 legjobb embereket vegy\u00fck fel motiv\u00e1l\u00f3, m\u00e9gis megfizethet\u0151 fizet\u00e9ssel, r\u00e1ad\u00e1sul v\u00e9gig meg kell felelni a helyi jogszab\u00e1lyoknak is. <\/span><\/p>\t\t\t\t\t\t<\/div>\n\t\t\t\t<\/div>\n\t\t\t\t\t<\/div>\n\t\t<\/div>\n\t\t\t\t\t<\/div>\n\t\t<\/section>\n\t\t\t\t<section class=\"elementor-section elementor-top-section elementor-element elementor-element-1cc93928 elementor-section-boxed elementor-section-height-default elementor-section-height-default\" data-id=\"1cc93928\" data-element_type=\"section\">\n\t\t\t\t\t\t<div class=\"elementor-container elementor-column-gap-default\">\n\t\t\t\t\t<div class=\"elementor-column elementor-col-100 elementor-top-column elementor-element elementor-element-4be1320b\" data-id=\"4be1320b\" data-element_type=\"column\">\n\t\t\t<div class=\"elementor-widget-wrap elementor-element-populated\">\n\t\t\t\t\t\t<div class=\"elementor-element elementor-element-2f78adc1 elementor-widget elementor-widget-text-editor\" data-id=\"2f78adc1\" data-element_type=\"widget\" data-widget_type=\"text-editor.default\">\n\t\t\t\t<div class=\"elementor-widget-container\">\n\t\t\t\t\t\t\t<p>A Helpers \u00fczleti szolg\u00e1ltat\u00e1saival optim\u00e1lisan haszn\u00e1lhatja fel a rendelkez\u00e9s\u00e9re \u00e1ll\u00f3 er\u0151forr\u00e1sokat, \u00e9s elker\u00fclheti a k\u00f6lts\u00e9ges vagy bosszant\u00f3 kit\u00e9r\u0151ket. Az els\u0151 munkat\u00e1rs alkalmaz\u00e1s\u00e1t k\u00f6vet\u0151en is gondoskodunk a folyamatos adminisztr\u00e1ci\u00f3r\u00f3l \u00e9s megadjuk a sz\u00fcks\u00e9ges HR-t\u00e1mogat\u00e1st, hogy a v\u00e1llalkoz\u00e1s mindig a szab\u00e1lyoz\u00e1snak megfelel\u0151en m\u0171k\u00f6dj\u00f6n, \u00e9s az els\u0151 napt\u00f3l kezdve vonz\u00f3 munkahely legyen a tehets\u00e9ges munkaer\u0151 sz\u00e1m\u00e1ra.<\/p><p><b>Folyamatos HR tan\u00e1csad\u00e1s<\/b><\/p><p>Gazdas\u00e1gos, egyszer\u0171 \u00e1raz\u00e1s\u00fa szolg\u00e1ltat\u00e1scsomagot alak\u00edtottunk ki, mely lefed minden, az alkalmazottakkal kapcsolatos adminisztr\u00e1ci\u00f3t. Gondoskodunk a bel\u00e9ptet\u00e9sr\u0151l, a kil\u00e9ptet\u00e9sr\u0151l \u00e9s a b\u00e9rsz\u00e1mfejt\u00e9sr\u0151l, a szabads\u00e1gol\u00e1s \u00e9s a t\u00e1pp\u00e9nz adminisztr\u00e1ci\u00f3j\u00e1r\u00f3l. Mindezeket ak\u00e1r k\u00f6zvetlen\u00fcl az alkalmazottal is int\u00e9zhetj\u00fck, \u00edgy az \u00fcgyvezet\u0151 minden energi\u00e1j\u00e1val arra koncentr\u00e1lhat, hogy a v\u00e1llalkoz\u00e1st sikerre vigye.<\/p><p>Alapvet\u0151 szolg\u00e1ltat\u00e1saink:<\/p><ul><li>B\u00e9rek \u00e9s kapcsol\u00f3d\u00f3 j\u00e1rul\u00e9kok kifizet\u00e9s\u00e9nek be\u00e1ll\u00edt\u00e1sa az internetbankban<\/li><li>Szabads\u00e1gol\u00e1s adminisztr\u00e1ci\u00f3ja<\/li><li>Betegszabads\u00e1g, t\u00e1pp\u00e9nz adminisztr\u00e1ci\u00f3ja<\/li><li>Havi b\u00e9rsz\u00e1mfejt\u00e9s \u00e9s b\u00e9rjegyz\u00e9k elk\u00e9sz\u00edt\u00e9se<\/li><li>B\u00e9rsz\u00e1mfejt\u00e9shez kapcsol\u00f3d\u00f3 dokumentumok al\u00e1\u00edr\u00e1sa a munk\u00e1ltat\u00f3 nev\u00e9ben (meghatalmaz\u00e1ssal)<\/li><\/ul><p>Ezeken fel\u00fcl a tov\u00e1bbiakat k\u00edn\u00e1ljuk:<\/p><ul><li>Cafeteria-csomag kialak\u00edt\u00e1sa<\/li><li>HR-tan\u00e1csad\u00e1s, konkr\u00e9t k\u00e9rd\u00e9sek megvitat\u00e1sa<\/li><li>Alkalmazottak j\u00f6vedelemad\u00f3-bevall\u00e1sa<\/li><li>\u00c9venk\u00e9nt k\u00f6telez\u0151 t\u0171zv\u00e9delmi k\u00e9pz\u00e9s \u00e9s \u00fczemorvosi vizsg\u00e1lat megszervez\u00e9se<\/li><li>\u00c9ves \u00f6sszes\u00edt\u0151k elk\u00e9sz\u00edt\u00e9se \u00e9s kioszt\u00e1sa<\/li><li>Szerz\u0151d\u00e9sm\u00f3dos\u00edt\u00e1s<\/li><li>Jutalmakkal kapcsolatos dokument\u00e1ci\u00f3<\/li><li>Kil\u00e9p\u0151 iratok \u00f6ssze\u00e1ll\u00edt\u00e1sa az alkalmazott t\u00e1voz\u00e1sa eset\u00e9n<\/li><\/ul><p><strong>HR tan\u00e1csad\u00e1s<\/strong><\/p><p>A szem\u00e9ly\u00fcgyi tan\u00e1csad\u00e1s nem csak az \u00faj alkalmazottak felv\u00e9tel\u00e9t \u00e9s a munkaszerz\u0151d\u00e9sek el\u0151k\u00e9sz\u00edt\u00e9s\u00e9t foglalja mag\u00e1ba. Szak\u00e9rt\u0151ink v\u00e9gigk\u00f6vetik a teljes magyarorsz\u00e1gi projektet az el\u0151zetes ad\u00f3tan\u00e1csad\u00e1st\u00f3l kezdve a szerz\u0151d\u00e9sek el\u0151k\u00e9sz\u00edt\u00e9s\u00e9n \u00e1t eg\u00e9szen az \u00e9ves k\u00f6telez\u0151 t\u0171zv\u00e9delmi k\u00e9pz\u00e9sek \u00e9s \u00fczemorvosi vizsg\u00e1latok megszervez\u00e9s\u00e9ig. K\u00e9rjen testre szabott \u00e1raj\u00e1nlatot m\u00e9g ma!<\/p><p><strong>Ad\u00f3tan\u00e1csad\u00e1s<\/strong><\/p><p>Nemzetk\u00f6zi projektek eset\u00e9ben kulcsfontoss\u00e1g\u00fa, hogy minden ad\u00f3t a megfelel\u0151 orsz\u00e1gban fizess\u00fcnk be, kapcsol\u00f3djanak ezek ak\u00e1r a szolg\u00e1ltat\u00e1sok vagy \u00e1ruk \u00e9rt\u00e9kes\u00edt\u00e9s\u00e9hez, ak\u00e1r a sz\u00e1ll\u00edt\u00e1shoz, ak\u00e1r a munkav\u00e1llal\u00f3i fizet\u00e9sekhez. A megfelel\u0151 id\u0151ben kapott ad\u00f3tan\u00e1csad\u00e1s seg\u00edt megalapozott d\u00f6nt\u00e9seket hozni a tev\u00e9kenys\u00e9gek tervez\u00e9se \u00e9s a k\u00f6lts\u00e9gvet\u00e9s kialak\u00edt\u00e1sa sor\u00e1n.<\/p><p>Ilyenkor az ad\u00f3tan\u00e1csad\u00e1s egyik jelent\u0151s pontja, hogy a Magyarorsz\u00e1gra \u00e9rkez\u0151 munkav\u00e1llal\u00f3 itt vagy az anyaorsz\u00e1gban fog-e ad\u00f3t fizetni. A k\u00fclf\u00f6ldi alkalmazott nagy val\u00f3sz\u00edn\u0171s\u00e9ggel Magyarorsz\u00e1gon fizeti majd a szem\u00e9lyi j\u00f6vedelemad\u00f3t \u00e9s az eg\u00e9szs\u00e9g\u00fcgyi hozz\u00e1j\u00e1rul\u00e1st, de minkenk\u00e9pp \u00e9rdemes ellen\u0151rizni a k\u00e9t orsz\u00e1g k\u00f6z\u00f6tti, a kett\u0151s ad\u00f3ztat\u00e1s elker\u00fcl\u00e9s\u00e9re szolg\u00e1l\u00f3 egyezm\u00e9nyeket.<\/p>\t\t\t\t\t\t<\/div>\n\t\t\t\t<\/div>\n\t\t\t\t<div class=\"elementor-element elementor-element-bfc85d1 elementor-button-info elementor-align-center elementor-widget elementor-widget-button\" data-id=\"bfc85d1\" data-element_type=\"widget\" data-widget_type=\"button.default\">\n\t\t\t\t<div class=\"elementor-widget-container\">\n\t\t\t\t\t<div class=\"elementor-button-wrapper\">\n\t\t\t<a class=\"elementor-button elementor-button-link elementor-size-sm\" href=\"\/hu\/munkavallalasi-engedely-tanacsadas-arak\">\n\t\t\t\t\t\t<span class=\"elementor-button-content-wrapper\">\n\t\t\t\t\t\t\t\t\t<span class=\"elementor-button-text\">Tekintse meg szolg\u00e1lat\u00e1sainkat \u00e9s csomagjainkat!<\/span>\n\t\t\t\t\t<\/span>\n\t\t\t\t\t<\/a>\n\t\t<\/div>\n\t\t\t\t<\/div>\n\t\t\t\t<\/div>\n\t\t\t\t\t<\/div>\n\t\t<\/div>\n\t\t\t\t\t<\/div>\n\t\t<\/section>\n\t\t\t\t<section class=\"elementor-section elementor-top-section elementor-element elementor-element-7f8d1849 elementor-section-full_width elementor-section-height-default elementor-section-height-default\" data-id=\"7f8d1849\" data-element_type=\"section\" data-settings=\"{&quot;background_background&quot;:&quot;classic&quot;}\">\n\t\t\t\t\t\t<div class=\"elementor-container elementor-column-gap-default\">\n\t\t\t\t\t<div class=\"elementor-column elementor-col-100 elementor-top-column elementor-element elementor-element-7c62a116\" data-id=\"7c62a116\" data-element_type=\"column\" data-settings=\"{&quot;background_background&quot;:&quot;classic&quot;}\">\n\t\t\t<div class=\"elementor-widget-wrap elementor-element-populated\">\n\t\t\t\t\t<div class=\"elementor-background-overlay\"><\/div>\n\t\t\t\t\t\t<div class=\"elementor-element elementor-element-399eeb9 elementor-widget elementor-widget-spacer\" data-id=\"399eeb9\" data-element_type=\"widget\" data-widget_type=\"spacer.default\">\n\t\t\t\t<div class=\"elementor-widget-container\">\n\t\t\t\t\t<div class=\"elementor-spacer\">\n\t\t\t<div class=\"elementor-spacer-inner\"><\/div>\n\t\t<\/div>\n\t\t\t\t<\/div>\n\t\t\t\t<\/div>\n\t\t\t\t<div class=\"elementor-element elementor-element-4577609a elementor-widget elementor-widget-spacer\" data-id=\"4577609a\" data-element_type=\"widget\" data-widget_type=\"spacer.default\">\n\t\t\t\t<div class=\"elementor-widget-container\">\n\t\t\t\t\t<div class=\"elementor-spacer\">\n\t\t\t<div class=\"elementor-spacer-inner\"><\/div>\n\t\t<\/div>\n\t\t\t\t<\/div>\n\t\t\t\t<\/div>\n\t\t\t\t\t<\/div>\n\t\t<\/div>\n\t\t\t\t\t<\/div>\n\t\t<\/section>\n\t\t\t\t<\/div>\n\t\t","protected":false},"excerpt":{"rendered":"<p>HR tan\u00e1csad\u00e1s \u00e9s b\u00e9rsz\u00e1mfejt\u00e9s K\u00fclf\u00f6ldi v\u00e1llalatvezet\u0151k\u00e9nt olykor neh\u00e9z kiismerni a toborz\u00e1sra, munk\u00e1ba \u00e1ll\u00e1sra \u00e9s munk\u00e1ltat\u00e1sra vonatkoz\u00f3 helyi szok\u00e1sokat, mik\u00f6zben arr\u00f3l is gondoskodni kell, hogy a lehet\u0151 legjobb embereket vegy\u00fck fel motiv\u00e1l\u00f3, m\u00e9gis megfizethet\u0151 fizet\u00e9ssel, r\u00e1ad\u00e1sul v\u00e9gig meg kell felelni a helyi jogszab\u00e1lyoknak is. A Helpers \u00fczleti szolg\u00e1ltat\u00e1saival optim\u00e1lisan haszn\u00e1lhatja fel a rendelkez\u00e9s\u00e9re \u00e1ll\u00f3 er\u0151forr\u00e1sokat, \u00e9s [&hellip;]<\/p>\n","protected":false},"author":2,"featured_media":0,"parent":0,"menu_order":0,"comment_status":"closed","ping_status":"closed","template":"elementor_header_footer","meta":{"footnotes":""},"yoast_head":"<!-- This site is optimized with the Yoast SEO plugin v23.0 - https:\/\/yoast.com\/wordpress\/plugins\/seo\/ -->\n<title>HR tan\u00e1csad\u00e1s \u00e9s b\u00e9rsz\u00e1mfejt\u00e9s - Hungarian Work Permit<\/title>\n<meta name=\"description\" content=\"Nemcsak munkav\u00e1llal\u00e1si enged\u00e9lyek megszerz\u00e9s\u00e9ben seg\u00edt\u00fcnk: a helyi toborz\u00e1s \u00e9s a b\u00e9rsz\u00e1mfejt\u00e9s folyamat\u00e1t is t\u00e1mogatjuk, ak\u00e1r HR tan\u00e1csad\u00e1ssal kieg\u00e9sz\u00edtve.\" \/>\n<meta name=\"robots\" content=\"index, follow, max-snippet:-1, max-image-preview:large, max-video-preview:-1\" \/>\n<link rel=\"canonical\" href=\"https:\/\/workpermit.hu\/hu\/hr-tanacsadas-berszamfejtes\/\" \/>\n<meta property=\"og:locale\" content=\"hu_HU\" \/>\n<meta property=\"og:type\" content=\"article\" \/>\n<meta property=\"og:title\" content=\"HR tan\u00e1csad\u00e1s \u00e9s b\u00e9rsz\u00e1mfejt\u00e9s - Hungarian Work Permit\" \/>\n<meta property=\"og:description\" content=\"Nemcsak munkav\u00e1llal\u00e1si enged\u00e9lyek megszerz\u00e9s\u00e9ben seg\u00edt\u00fcnk: a helyi toborz\u00e1s \u00e9s a b\u00e9rsz\u00e1mfejt\u00e9s folyamat\u00e1t is t\u00e1mogatjuk, ak\u00e1r HR tan\u00e1csad\u00e1ssal kieg\u00e9sz\u00edtve.\" \/>\n<meta property=\"og:url\" content=\"https:\/\/workpermit.hu\/hu\/hr-tanacsadas-berszamfejtes\/\" \/>\n<meta property=\"og:site_name\" content=\"Hungarian Work Permit\" \/>\n<meta property=\"article:modified_time\" content=\"2021-02-11T15:40:19+00:00\" \/>\n<meta property=\"og:image\" content=\"https:\/\/workpermit.hu\/wp-content\/uploads\/2019\/05\/illustration_workpermit2-400x400.png\" \/>\n<meta name=\"twitter:card\" content=\"summary_large_image\" \/>\n<meta name=\"twitter:label1\" content=\"Becs\u00fclt olvas\u00e1si id\u0151\" \/>\n\t<meta name=\"twitter:data1\" content=\"3 perc\" \/>\n<script type=\"application\/ld+json\" class=\"yoast-schema-graph\">{\"@context\":\"https:\/\/schema.org\",\"@graph\":[{\"@type\":\"WebPage\",\"@id\":\"https:\/\/workpermit.hu\/hu\/hr-tanacsadas-berszamfejtes\/\",\"url\":\"https:\/\/workpermit.hu\/hu\/hr-tanacsadas-berszamfejtes\/\",\"name\":\"HR tan\u00e1csad\u00e1s \u00e9s b\u00e9rsz\u00e1mfejt\u00e9s - Hungarian Work Permit\",\"isPartOf\":{\"@id\":\"https:\/\/workpermit.hu\/hu\/#website\"},\"primaryImageOfPage\":{\"@id\":\"https:\/\/workpermit.hu\/hu\/hr-tanacsadas-berszamfejtes\/#primaryimage\"},\"image\":{\"@id\":\"https:\/\/workpermit.hu\/hu\/hr-tanacsadas-berszamfejtes\/#primaryimage\"},\"thumbnailUrl\":\"https:\/\/workpermit.hu\/wp-content\/uploads\/2019\/05\/illustration_workpermit2-400x400.png\",\"datePublished\":\"2019-09-18T13:01:14+00:00\",\"dateModified\":\"2021-02-11T15:40:19+00:00\",\"description\":\"Nemcsak munkav\u00e1llal\u00e1si enged\u00e9lyek megszerz\u00e9s\u00e9ben seg\u00edt\u00fcnk: a helyi toborz\u00e1s \u00e9s a b\u00e9rsz\u00e1mfejt\u00e9s folyamat\u00e1t is t\u00e1mogatjuk, ak\u00e1r HR tan\u00e1csad\u00e1ssal kieg\u00e9sz\u00edtve.\",\"breadcrumb\":{\"@id\":\"https:\/\/workpermit.hu\/hu\/hr-tanacsadas-berszamfejtes\/#breadcrumb\"},\"inLanguage\":\"hu\",\"potentialAction\":[{\"@type\":\"ReadAction\",\"target\":[\"https:\/\/workpermit.hu\/hu\/hr-tanacsadas-berszamfejtes\/\"]}]},{\"@type\":\"ImageObject\",\"inLanguage\":\"hu\",\"@id\":\"https:\/\/workpermit.hu\/hu\/hr-tanacsadas-berszamfejtes\/#primaryimage\",\"url\":\"https:\/\/workpermit.hu\/wp-content\/uploads\/2019\/05\/illustration_workpermit2-400x400.png\",\"contentUrl\":\"https:\/\/workpermit.hu\/wp-content\/uploads\/2019\/05\/illustration_workpermit2-400x400.png\"},{\"@type\":\"BreadcrumbList\",\"@id\":\"https:\/\/workpermit.hu\/hu\/hr-tanacsadas-berszamfejtes\/#breadcrumb\",\"itemListElement\":[{\"@type\":\"ListItem\",\"position\":1,\"name\":\"Home\",\"item\":\"https:\/\/workpermit.hu\/hu\/\"},{\"@type\":\"ListItem\",\"position\":2,\"name\":\"HR tan\u00e1csad\u00e1s \u00e9s b\u00e9rsz\u00e1mfejt\u00e9s\"}]},{\"@type\":\"WebSite\",\"@id\":\"https:\/\/workpermit.hu\/hu\/#website\",\"url\":\"https:\/\/workpermit.hu\/hu\/\",\"name\":\"Hungarian Work Permit\",\"description\":\"by Helpers Hungary\",\"publisher\":{\"@id\":\"https:\/\/workpermit.hu\/hu\/#organization\"},\"potentialAction\":[{\"@type\":\"SearchAction\",\"target\":{\"@type\":\"EntryPoint\",\"urlTemplate\":\"https:\/\/workpermit.hu\/hu\/?s={search_term_string}\"},\"query-input\":\"required name=search_term_string\"}],\"inLanguage\":\"hu\"},{\"@type\":\"Organization\",\"@id\":\"https:\/\/workpermit.hu\/hu\/#organization\",\"name\":\"Hungarian Work Permit\",\"url\":\"https:\/\/workpermit.hu\/hu\/\",\"logo\":{\"@type\":\"ImageObject\",\"inLanguage\":\"hu\",\"@id\":\"https:\/\/workpermit.hu\/hu\/#\/schema\/logo\/image\/\",\"url\":\"https:\/\/workpermit.hu\/wp-content\/uploads\/2019\/06\/logo_workpermitwebsite_smaller.png\",\"contentUrl\":\"https:\/\/workpermit.hu\/wp-content\/uploads\/2019\/06\/logo_workpermitwebsite_smaller.png\",\"width\":450,\"height\":50,\"caption\":\"Hungarian Work Permit\"},\"image\":{\"@id\":\"https:\/\/workpermit.hu\/hu\/#\/schema\/logo\/image\/\"}}]}<\/script>\n<!-- \/ Yoast SEO plugin. -->","yoast_head_json":{"title":"HR tan\u00e1csad\u00e1s \u00e9s b\u00e9rsz\u00e1mfejt\u00e9s - Hungarian Work Permit","description":"Nemcsak munkav\u00e1llal\u00e1si enged\u00e9lyek megszerz\u00e9s\u00e9ben seg\u00edt\u00fcnk: a helyi toborz\u00e1s \u00e9s a b\u00e9rsz\u00e1mfejt\u00e9s folyamat\u00e1t is t\u00e1mogatjuk, ak\u00e1r HR tan\u00e1csad\u00e1ssal kieg\u00e9sz\u00edtve.","robots":{"index":"index","follow":"follow","max-snippet":"max-snippet:-1","max-image-preview":"max-image-preview:large","max-video-preview":"max-video-preview:-1"},"canonical":"https:\/\/workpermit.hu\/hu\/hr-tanacsadas-berszamfejtes\/","og_locale":"hu_HU","og_type":"article","og_title":"HR tan\u00e1csad\u00e1s \u00e9s b\u00e9rsz\u00e1mfejt\u00e9s - Hungarian Work Permit","og_description":"Nemcsak munkav\u00e1llal\u00e1si enged\u00e9lyek megszerz\u00e9s\u00e9ben seg\u00edt\u00fcnk: a helyi toborz\u00e1s \u00e9s a b\u00e9rsz\u00e1mfejt\u00e9s folyamat\u00e1t is t\u00e1mogatjuk, ak\u00e1r HR tan\u00e1csad\u00e1ssal kieg\u00e9sz\u00edtve.","og_url":"https:\/\/workpermit.hu\/hu\/hr-tanacsadas-berszamfejtes\/","og_site_name":"Hungarian Work Permit","article_modified_time":"2021-02-11T15:40:19+00:00","og_image":[{"url":"https:\/\/workpermit.hu\/wp-content\/uploads\/2019\/05\/illustration_workpermit2-400x400.png"}],"twitter_card":"summary_large_image","twitter_misc":{"Becs\u00fclt olvas\u00e1si id\u0151":"3 perc"},"schema":{"@context":"https:\/\/schema.org","@graph":[{"@type":"WebPage","@id":"https:\/\/workpermit.hu\/hu\/hr-tanacsadas-berszamfejtes\/","url":"https:\/\/workpermit.hu\/hu\/hr-tanacsadas-berszamfejtes\/","name":"HR tan\u00e1csad\u00e1s \u00e9s b\u00e9rsz\u00e1mfejt\u00e9s - Hungarian Work Permit","isPartOf":{"@id":"https:\/\/workpermit.hu\/hu\/#website"},"primaryImageOfPage":{"@id":"https:\/\/workpermit.hu\/hu\/hr-tanacsadas-berszamfejtes\/#primaryimage"},"image":{"@id":"https:\/\/workpermit.hu\/hu\/hr-tanacsadas-berszamfejtes\/#primaryimage"},"thumbnailUrl":"https:\/\/workpermit.hu\/wp-content\/uploads\/2019\/05\/illustration_workpermit2-400x400.png","datePublished":"2019-09-18T13:01:14+00:00","dateModified":"2021-02-11T15:40:19+00:00","description":"Nemcsak munkav\u00e1llal\u00e1si enged\u00e9lyek megszerz\u00e9s\u00e9ben seg\u00edt\u00fcnk: a helyi toborz\u00e1s \u00e9s a b\u00e9rsz\u00e1mfejt\u00e9s folyamat\u00e1t is t\u00e1mogatjuk, ak\u00e1r HR tan\u00e1csad\u00e1ssal kieg\u00e9sz\u00edtve.","breadcrumb":{"@id":"https:\/\/workpermit.hu\/hu\/hr-tanacsadas-berszamfejtes\/#breadcrumb"},"inLanguage":"hu","potentialAction":[{"@type":"ReadAction","target":["https:\/\/workpermit.hu\/hu\/hr-tanacsadas-berszamfejtes\/"]}]},{"@type":"ImageObject","inLanguage":"hu","@id":"https:\/\/workpermit.hu\/hu\/hr-tanacsadas-berszamfejtes\/#primaryimage","url":"https:\/\/workpermit.hu\/wp-content\/uploads\/2019\/05\/illustration_workpermit2-400x400.png","contentUrl":"https:\/\/workpermit.hu\/wp-content\/uploads\/2019\/05\/illustration_workpermit2-400x400.png"},{"@type":"BreadcrumbList","@id":"https:\/\/workpermit.hu\/hu\/hr-tanacsadas-berszamfejtes\/#breadcrumb","itemListElement":[{"@type":"ListItem","position":1,"name":"Home","item":"https:\/\/workpermit.hu\/hu\/"},{"@type":"ListItem","position":2,"name":"HR tan\u00e1csad\u00e1s \u00e9s b\u00e9rsz\u00e1mfejt\u00e9s"}]},{"@type":"WebSite","@id":"https:\/\/workpermit.hu\/hu\/#website","url":"https:\/\/workpermit.hu\/hu\/","name":"Hungarian Work Permit","description":"by Helpers Hungary","publisher":{"@id":"https:\/\/workpermit.hu\/hu\/#organization"},"potentialAction":[{"@type":"SearchAction","target":{"@type":"EntryPoint","urlTemplate":"https:\/\/workpermit.hu\/hu\/?s={search_term_string}"},"query-input":"required name=search_term_string"}],"inLanguage":"hu"},{"@type":"Organization","@id":"https:\/\/workpermit.hu\/hu\/#organization","name":"Hungarian Work Permit","url":"https:\/\/workpermit.hu\/hu\/","logo":{"@type":"ImageObject","inLanguage":"hu","@id":"https:\/\/workpermit.hu\/hu\/#\/schema\/logo\/image\/","url":"https:\/\/workpermit.hu\/wp-content\/uploads\/2019\/06\/logo_workpermitwebsite_smaller.png","contentUrl":"https:\/\/workpermit.hu\/wp-content\/uploads\/2019\/06\/logo_workpermitwebsite_smaller.png","width":450,"height":50,"caption":"Hungarian Work Permit"},"image":{"@id":"https:\/\/workpermit.hu\/hu\/#\/schema\/logo\/image\/"}}]}},"_links":{"self":[{"href":"https:\/\/workpermit.hu\/hu\/wp-json\/wp\/v2\/pages\/1018"}],"collection":[{"href":"https:\/\/workpermit.hu\/hu\/wp-json\/wp\/v2\/pages"}],"about":[{"href":"https:\/\/workpermit.hu\/hu\/wp-json\/wp\/v2\/types\/page"}],"author":[{"embeddable":true,"href":"https:\/\/workpermit.hu\/hu\/wp-json\/wp\/v2\/users\/2"}],"replies":[{"embeddable":true,"href":"https:\/\/workpermit.hu\/hu\/wp-json\/wp\/v2\/comments?post=1018"}],"version-history":[{"count":5,"href":"https:\/\/workpermit.hu\/hu\/wp-json\/wp\/v2\/pages\/1018\/revisions"}],"predecessor-version":[{"id":1977,"href":"https:\/\/workpermit.hu\/hu\/wp-json\/wp\/v2\/pages\/1018\/revisions\/1977"}],"wp:attachment":[{"href":"https:\/\/workpermit.hu\/hu\/wp-json\/wp\/v2\/media?parent=1018"}],"curies":[{"name":"wp","href":"https:\/\/api.w.org\/{rel}","templated":true}]}}