{"id":1007,"date":"2019-09-18T12:56:36","date_gmt":"2019-09-18T12:56:36","guid":{"rendered":"https:\/\/workpermit.hu\/?page_id=1007"},"modified":"2026-01-16T13:35:14","modified_gmt":"2026-01-16T13:35:14","slug":"munkavallalasi-engedely-tanacsadas-arak","status":"publish","type":"page","link":"https:\/\/workpermit.hu\/hu\/munkavallalasi-engedely-tanacsadas-arak\/","title":{"rendered":"\u00c1rak"},"content":{"rendered":"\t\t<div data-elementor-type=\"wp-post\" data-elementor-id=\"1007\" class=\"elementor elementor-1007 elementor-471\">\n\t\t\t\t\t\t<section class=\"elementor-section elementor-top-section elementor-element elementor-element-60ef23fb elementor-section-full_width elementor-section-height-default elementor-section-height-default\" data-id=\"60ef23fb\" data-element_type=\"section\" data-settings=\"{&quot;background_background&quot;:&quot;classic&quot;}\">\n\t\t\t\t\t\t<div class=\"elementor-container elementor-column-gap-default\">\n\t\t\t\t\t<div class=\"elementor-column elementor-col-100 elementor-top-column elementor-element elementor-element-38b52a7f\" data-id=\"38b52a7f\" data-element_type=\"column\" data-settings=\"{&quot;background_background&quot;:&quot;classic&quot;}\">\n\t\t\t<div class=\"elementor-widget-wrap elementor-element-populated\">\n\t\t\t\t\t<div class=\"elementor-background-overlay\"><\/div>\n\t\t\t\t\t\t<div class=\"elementor-element elementor-element-34a7ad6c elementor-widget elementor-widget-spacer\" data-id=\"34a7ad6c\" data-element_type=\"widget\" data-widget_type=\"spacer.default\">\n\t\t\t\t<div class=\"elementor-widget-container\">\n\t\t\t\t\t<div class=\"elementor-spacer\">\n\t\t\t<div class=\"elementor-spacer-inner\"><\/div>\n\t\t<\/div>\n\t\t\t\t<\/div>\n\t\t\t\t<\/div>\n\t\t\t\t<div class=\"elementor-element elementor-element-4a26fb4a elementor-widget elementor-widget-heading\" data-id=\"4a26fb4a\" data-element_type=\"widget\" data-widget_type=\"heading.default\">\n\t\t\t\t<div class=\"elementor-widget-container\">\n\t\t\t<h2 class=\"elementor-heading-title elementor-size-default\">\u00c1rak<\/h2>\t\t<\/div>\n\t\t\t\t<\/div>\n\t\t\t\t<div class=\"elementor-element elementor-element-31299b7e elementor-widget elementor-widget-spacer\" data-id=\"31299b7e\" data-element_type=\"widget\" data-widget_type=\"spacer.default\">\n\t\t\t\t<div class=\"elementor-widget-container\">\n\t\t\t\t\t<div class=\"elementor-spacer\">\n\t\t\t<div class=\"elementor-spacer-inner\"><\/div>\n\t\t<\/div>\n\t\t\t\t<\/div>\n\t\t\t\t<\/div>\n\t\t\t\t\t<\/div>\n\t\t<\/div>\n\t\t\t\t\t<\/div>\n\t\t<\/section>\n\t\t\t\t<section class=\"elementor-section elementor-top-section elementor-element elementor-element-73a246c0 elementor-section-boxed elementor-section-height-default elementor-section-height-default\" data-id=\"73a246c0\" data-element_type=\"section\">\n\t\t\t\t\t\t<div class=\"elementor-container elementor-column-gap-default\">\n\t\t\t\t\t<div class=\"elementor-column elementor-col-100 elementor-top-column elementor-element elementor-element-3d5e1071\" data-id=\"3d5e1071\" data-element_type=\"column\">\n\t\t\t<div class=\"elementor-widget-wrap elementor-element-populated\">\n\t\t\t\t\t\t<div class=\"elementor-element elementor-element-560c27f9 elementor-widget elementor-widget-spacer\" data-id=\"560c27f9\" data-element_type=\"widget\" data-widget_type=\"spacer.default\">\n\t\t\t\t<div class=\"elementor-widget-container\">\n\t\t\t\t\t<div class=\"elementor-spacer\">\n\t\t\t<div class=\"elementor-spacer-inner\"><\/div>\n\t\t<\/div>\n\t\t\t\t<\/div>\n\t\t\t\t<\/div>\n\t\t\t\t\t<\/div>\n\t\t<\/div>\n\t\t\t\t\t<\/div>\n\t\t<\/section>\n\t\t\t\t<section class=\"elementor-section elementor-top-section elementor-element elementor-element-33f74898 elementor-section-boxed elementor-section-height-default elementor-section-height-default\" data-id=\"33f74898\" data-element_type=\"section\">\n\t\t\t\t\t\t<div class=\"elementor-container elementor-column-gap-default\">\n\t\t\t\t\t<div class=\"elementor-column elementor-col-100 elementor-top-column elementor-element elementor-element-3b1a11d5\" data-id=\"3b1a11d5\" data-element_type=\"column\">\n\t\t\t<div class=\"elementor-widget-wrap elementor-element-populated\">\n\t\t\t\t\t\t<div class=\"elementor-element elementor-element-40ebb33a elementor-widget elementor-widget-text-editor\" data-id=\"40ebb33a\" data-element_type=\"widget\" data-widget_type=\"text-editor.default\">\n\t\t\t\t<div class=\"elementor-widget-container\">\n\t\t\t\t\t\t\t<p>\u00c1tfog\u00f3 szolg\u00e1ltat\u00e1saink a k\u00fclf\u00f6ldi munkav\u00e1llal\u00f3k Magyarorsz\u00e1gra hozatal\u00e1val kapcsolatos \u00fcgyint\u00e9z\u00e9s minden aspektus\u00e1t lefedik. \u00c1llunk rendelkez\u00e9s\u00e9re a projekt els\u0151 perc\u00e9t\u0151l az utols\u00f3ig. Meghat\u00e1rozzuk a m\u00e9rf\u00f6ldk\u00f6veket, re\u00e1lis hat\u00e1rid\u0151ket szabunk, el\u0151k\u00e9sz\u00edtj\u00fck a munkaszerz\u0151d\u00e9seket \u00e9s \u00f6ssze\u00e1ll\u00edtjuk a tartozkod\u00e1si enged\u00e9ly k\u00e9relmez\u00e9s\u00e9hez sz\u00fcks\u00e9ges anyagokat. K\u00e9rjen egyedi \u00e1raj\u00e1nlatot! M\u00e1r tudja, mire van sz\u00fcks\u00e9ge? Tekintse meg \u00e1rainkat!<\/p><p><b style=\"color: #f20947; font-family: Oswald, sans-serif; font-size: 22px;\">EU-s \u00e1llampolg\u00e1roknak<\/b><\/p><div>Regisztr\u00e1ci\u00f3s k\u00e1rtya: <strong>1000 eur\u00f3<\/strong> (+\u00e1fa)<\/div><div>\u00a0<\/div><p><b style=\"color: #f20947; font-family: Oswald, sans-serif; font-size: 22px;\">Harmadik orsz\u00e1gbelieknek<\/b><\/p><p>Munkav\u00e1llal\u00e1si \u00e9s tart\u00f3zkod\u00e1si enged\u00e9ly: <strong>1300 eur\u00f3t\u00f3l<\/strong> (+\u00e1fa)<\/p><p>V\u00e1llalaton bel\u00fcli \u00e1thelyez\u00e9s: <strong>1300 eur\u00f3t\u00f3l<\/strong> (+\u00e1fa)<br \/>(2 \u00f3ra konzult\u00e1ci\u00f3val)<\/p><p><b style=\"color: #f20947; font-family: Oswald, sans-serif; font-size: 22px;\">Sz\u00e1rmaz\u00e1st\u00f3l f\u00fcggetlen\u00fcl<\/b><\/p><p>TAJ-k\u00e1rtya: <strong>300 eur\u00f3<\/strong> (+\u00e1fa)<\/p><p>Ad\u00f3azonos\u00edt\u00f3: <strong>150 eur\u00f3<\/strong> (+\u00e1fa)<\/p><p>Folyamatos HR tan\u00e1csad\u00e1s: <strong>90 eur\u00f3<\/strong> \/ munkav\u00e1llal\u00f3 \/ h\u00f3nap (+\u00e1fa)<\/p><p>HR konzult\u00e1ci\u00f3: <strong>150 eur\u00f3<\/strong> \/ \u00f3ra (+\u00e1fa)<\/p><p><b style=\"color: #f20947; font-family: Oswald, sans-serif; font-size: 22px;\">Tan\u00e1csad\u00e1s<\/b><\/p><p>Ad\u00f3tan\u00e1csad\u00e1s: <strong>130 eur\u00f3 <\/strong>\/ \u00f3ra (+\u00e1fa)<\/p><p>Munkajogi tan\u00e1csad\u00e1s: <strong>150 eur\u00f3 <\/strong>\/ \u00f3ra (+\u00e1fa)<\/p>\t\t\t\t\t\t<\/div>\n\t\t\t\t<\/div>\n\t\t\t\t\t<\/div>\n\t\t<\/div>\n\t\t\t\t\t<\/div>\n\t\t<\/section>\n\t\t\t\t<\/div>\n\t\t","protected":false},"excerpt":{"rendered":"<p>\u00c1rak \u00c1tfog\u00f3 szolg\u00e1ltat\u00e1saink a k\u00fclf\u00f6ldi munkav\u00e1llal\u00f3k Magyarorsz\u00e1gra hozatal\u00e1val kapcsolatos \u00fcgyint\u00e9z\u00e9s minden aspektus\u00e1t lefedik. \u00c1llunk rendelkez\u00e9s\u00e9re a projekt els\u0151 perc\u00e9t\u0151l az utols\u00f3ig. Meghat\u00e1rozzuk a m\u00e9rf\u00f6ldk\u00f6veket, re\u00e1lis hat\u00e1rid\u0151ket szabunk, el\u0151k\u00e9sz\u00edtj\u00fck a munkaszerz\u0151d\u00e9seket \u00e9s \u00f6ssze\u00e1ll\u00edtjuk a tartozkod\u00e1si enged\u00e9ly k\u00e9relmez\u00e9s\u00e9hez sz\u00fcks\u00e9ges anyagokat. K\u00e9rjen egyedi \u00e1raj\u00e1nlatot! M\u00e1r tudja, mire van sz\u00fcks\u00e9ge? Tekintse meg \u00e1rainkat! EU-s \u00e1llampolg\u00e1roknak Regisztr\u00e1ci\u00f3s k\u00e1rtya: 1000 eur\u00f3 [&hellip;]<\/p>\n","protected":false},"author":2,"featured_media":0,"parent":0,"menu_order":0,"comment_status":"closed","ping_status":"closed","template":"elementor_header_footer","meta":{"footnotes":""},"yoast_head":"<!-- This site is optimized with the Yoast SEO plugin v23.0 - https:\/\/yoast.com\/wordpress\/plugins\/seo\/ -->\n<title>\u00c1rak - Hungarian Work Permit<\/title>\n<meta name=\"description\" content=\"Magyarorsz\u00e1gi munkav\u00e1llal\u00e1si enged\u00e9ly megszerz\u00e9s\u00e9vel kapcsolatos tan\u00e1csad\u00e1s EU-s \u00e9s nem EU-s \u00e1llampolg\u00e1roknak. Regisztr\u00e1ci\u00f3s k\u00e1rtya, TB, ad\u00f3azonos\u00edt\u00f3...\" \/>\n<meta name=\"robots\" content=\"index, follow, max-snippet:-1, max-image-preview:large, max-video-preview:-1\" \/>\n<link rel=\"canonical\" href=\"https:\/\/workpermit.hu\/hu\/munkavallalasi-engedely-tanacsadas-arak\/\" \/>\n<meta property=\"og:locale\" content=\"hu_HU\" \/>\n<meta property=\"og:type\" content=\"article\" \/>\n<meta property=\"og:title\" content=\"\u00c1rak - Hungarian Work Permit\" \/>\n<meta property=\"og:description\" content=\"Magyarorsz\u00e1gi munkav\u00e1llal\u00e1si enged\u00e9ly megszerz\u00e9s\u00e9vel kapcsolatos tan\u00e1csad\u00e1s EU-s \u00e9s nem EU-s \u00e1llampolg\u00e1roknak. Regisztr\u00e1ci\u00f3s k\u00e1rtya, TB, ad\u00f3azonos\u00edt\u00f3...\" \/>\n<meta property=\"og:url\" content=\"https:\/\/workpermit.hu\/hu\/munkavallalasi-engedely-tanacsadas-arak\/\" \/>\n<meta property=\"og:site_name\" content=\"Hungarian Work Permit\" \/>\n<meta property=\"article:modified_time\" content=\"2026-01-16T13:35:14+00:00\" \/>\n<meta name=\"twitter:card\" content=\"summary_large_image\" \/>\n<meta name=\"twitter:label1\" content=\"Becs\u00fclt olvas\u00e1si id\u0151\" \/>\n\t<meta name=\"twitter:data1\" content=\"1 perc\" \/>\n<script type=\"application\/ld+json\" class=\"yoast-schema-graph\">{\"@context\":\"https:\/\/schema.org\",\"@graph\":[{\"@type\":\"WebPage\",\"@id\":\"https:\/\/workpermit.hu\/hu\/munkavallalasi-engedely-tanacsadas-arak\/\",\"url\":\"https:\/\/workpermit.hu\/hu\/munkavallalasi-engedely-tanacsadas-arak\/\",\"name\":\"\u00c1rak - Hungarian Work Permit\",\"isPartOf\":{\"@id\":\"https:\/\/workpermit.hu\/hu\/#website\"},\"datePublished\":\"2019-09-18T12:56:36+00:00\",\"dateModified\":\"2026-01-16T13:35:14+00:00\",\"description\":\"Magyarorsz\u00e1gi munkav\u00e1llal\u00e1si enged\u00e9ly megszerz\u00e9s\u00e9vel kapcsolatos tan\u00e1csad\u00e1s EU-s \u00e9s nem EU-s \u00e1llampolg\u00e1roknak. Regisztr\u00e1ci\u00f3s k\u00e1rtya, TB, ad\u00f3azonos\u00edt\u00f3...\",\"breadcrumb\":{\"@id\":\"https:\/\/workpermit.hu\/hu\/munkavallalasi-engedely-tanacsadas-arak\/#breadcrumb\"},\"inLanguage\":\"hu\",\"potentialAction\":[{\"@type\":\"ReadAction\",\"target\":[\"https:\/\/workpermit.hu\/hu\/munkavallalasi-engedely-tanacsadas-arak\/\"]}]},{\"@type\":\"BreadcrumbList\",\"@id\":\"https:\/\/workpermit.hu\/hu\/munkavallalasi-engedely-tanacsadas-arak\/#breadcrumb\",\"itemListElement\":[{\"@type\":\"ListItem\",\"position\":1,\"name\":\"Home\",\"item\":\"https:\/\/workpermit.hu\/hu\/\"},{\"@type\":\"ListItem\",\"position\":2,\"name\":\"\u00c1rak\"}]},{\"@type\":\"WebSite\",\"@id\":\"https:\/\/workpermit.hu\/hu\/#website\",\"url\":\"https:\/\/workpermit.hu\/hu\/\",\"name\":\"Hungarian Work Permit\",\"description\":\"by Helpers Hungary\",\"publisher\":{\"@id\":\"https:\/\/workpermit.hu\/hu\/#organization\"},\"potentialAction\":[{\"@type\":\"SearchAction\",\"target\":{\"@type\":\"EntryPoint\",\"urlTemplate\":\"https:\/\/workpermit.hu\/hu\/?s={search_term_string}\"},\"query-input\":\"required name=search_term_string\"}],\"inLanguage\":\"hu\"},{\"@type\":\"Organization\",\"@id\":\"https:\/\/workpermit.hu\/hu\/#organization\",\"name\":\"Hungarian Work Permit\",\"url\":\"https:\/\/workpermit.hu\/hu\/\",\"logo\":{\"@type\":\"ImageObject\",\"inLanguage\":\"hu\",\"@id\":\"https:\/\/workpermit.hu\/hu\/#\/schema\/logo\/image\/\",\"url\":\"https:\/\/workpermit.hu\/wp-content\/uploads\/2019\/06\/logo_workpermitwebsite_smaller.png\",\"contentUrl\":\"https:\/\/workpermit.hu\/wp-content\/uploads\/2019\/06\/logo_workpermitwebsite_smaller.png\",\"width\":450,\"height\":50,\"caption\":\"Hungarian Work Permit\"},\"image\":{\"@id\":\"https:\/\/workpermit.hu\/hu\/#\/schema\/logo\/image\/\"}}]}<\/script>\n<!-- \/ Yoast SEO plugin. -->","yoast_head_json":{"title":"\u00c1rak - Hungarian Work Permit","description":"Magyarorsz\u00e1gi munkav\u00e1llal\u00e1si enged\u00e9ly megszerz\u00e9s\u00e9vel kapcsolatos tan\u00e1csad\u00e1s EU-s \u00e9s nem EU-s \u00e1llampolg\u00e1roknak. Regisztr\u00e1ci\u00f3s k\u00e1rtya, TB, ad\u00f3azonos\u00edt\u00f3...","robots":{"index":"index","follow":"follow","max-snippet":"max-snippet:-1","max-image-preview":"max-image-preview:large","max-video-preview":"max-video-preview:-1"},"canonical":"https:\/\/workpermit.hu\/hu\/munkavallalasi-engedely-tanacsadas-arak\/","og_locale":"hu_HU","og_type":"article","og_title":"\u00c1rak - Hungarian Work Permit","og_description":"Magyarorsz\u00e1gi munkav\u00e1llal\u00e1si enged\u00e9ly megszerz\u00e9s\u00e9vel kapcsolatos tan\u00e1csad\u00e1s EU-s \u00e9s nem EU-s \u00e1llampolg\u00e1roknak. Regisztr\u00e1ci\u00f3s k\u00e1rtya, TB, ad\u00f3azonos\u00edt\u00f3...","og_url":"https:\/\/workpermit.hu\/hu\/munkavallalasi-engedely-tanacsadas-arak\/","og_site_name":"Hungarian Work Permit","article_modified_time":"2026-01-16T13:35:14+00:00","twitter_card":"summary_large_image","twitter_misc":{"Becs\u00fclt olvas\u00e1si id\u0151":"1 perc"},"schema":{"@context":"https:\/\/schema.org","@graph":[{"@type":"WebPage","@id":"https:\/\/workpermit.hu\/hu\/munkavallalasi-engedely-tanacsadas-arak\/","url":"https:\/\/workpermit.hu\/hu\/munkavallalasi-engedely-tanacsadas-arak\/","name":"\u00c1rak - Hungarian Work Permit","isPartOf":{"@id":"https:\/\/workpermit.hu\/hu\/#website"},"datePublished":"2019-09-18T12:56:36+00:00","dateModified":"2026-01-16T13:35:14+00:00","description":"Magyarorsz\u00e1gi munkav\u00e1llal\u00e1si enged\u00e9ly megszerz\u00e9s\u00e9vel kapcsolatos tan\u00e1csad\u00e1s EU-s \u00e9s nem EU-s \u00e1llampolg\u00e1roknak. Regisztr\u00e1ci\u00f3s k\u00e1rtya, TB, ad\u00f3azonos\u00edt\u00f3...","breadcrumb":{"@id":"https:\/\/workpermit.hu\/hu\/munkavallalasi-engedely-tanacsadas-arak\/#breadcrumb"},"inLanguage":"hu","potentialAction":[{"@type":"ReadAction","target":["https:\/\/workpermit.hu\/hu\/munkavallalasi-engedely-tanacsadas-arak\/"]}]},{"@type":"BreadcrumbList","@id":"https:\/\/workpermit.hu\/hu\/munkavallalasi-engedely-tanacsadas-arak\/#breadcrumb","itemListElement":[{"@type":"ListItem","position":1,"name":"Home","item":"https:\/\/workpermit.hu\/hu\/"},{"@type":"ListItem","position":2,"name":"\u00c1rak"}]},{"@type":"WebSite","@id":"https:\/\/workpermit.hu\/hu\/#website","url":"https:\/\/workpermit.hu\/hu\/","name":"Hungarian Work Permit","description":"by Helpers Hungary","publisher":{"@id":"https:\/\/workpermit.hu\/hu\/#organization"},"potentialAction":[{"@type":"SearchAction","target":{"@type":"EntryPoint","urlTemplate":"https:\/\/workpermit.hu\/hu\/?s={search_term_string}"},"query-input":"required name=search_term_string"}],"inLanguage":"hu"},{"@type":"Organization","@id":"https:\/\/workpermit.hu\/hu\/#organization","name":"Hungarian Work Permit","url":"https:\/\/workpermit.hu\/hu\/","logo":{"@type":"ImageObject","inLanguage":"hu","@id":"https:\/\/workpermit.hu\/hu\/#\/schema\/logo\/image\/","url":"https:\/\/workpermit.hu\/wp-content\/uploads\/2019\/06\/logo_workpermitwebsite_smaller.png","contentUrl":"https:\/\/workpermit.hu\/wp-content\/uploads\/2019\/06\/logo_workpermitwebsite_smaller.png","width":450,"height":50,"caption":"Hungarian Work Permit"},"image":{"@id":"https:\/\/workpermit.hu\/hu\/#\/schema\/logo\/image\/"}}]}},"_links":{"self":[{"href":"https:\/\/workpermit.hu\/hu\/wp-json\/wp\/v2\/pages\/1007"}],"collection":[{"href":"https:\/\/workpermit.hu\/hu\/wp-json\/wp\/v2\/pages"}],"about":[{"href":"https:\/\/workpermit.hu\/hu\/wp-json\/wp\/v2\/types\/page"}],"author":[{"embeddable":true,"href":"https:\/\/workpermit.hu\/hu\/wp-json\/wp\/v2\/users\/2"}],"replies":[{"embeddable":true,"href":"https:\/\/workpermit.hu\/hu\/wp-json\/wp\/v2\/comments?post=1007"}],"version-history":[{"count":33,"href":"https:\/\/workpermit.hu\/hu\/wp-json\/wp\/v2\/pages\/1007\/revisions"}],"predecessor-version":[{"id":4882,"href":"https:\/\/workpermit.hu\/hu\/wp-json\/wp\/v2\/pages\/1007\/revisions\/4882"}],"wp:attachment":[{"href":"https:\/\/workpermit.hu\/hu\/wp-json\/wp\/v2\/media?parent=1007"}],"curies":[{"name":"wp","href":"https:\/\/api.w.org\/{rel}","templated":true}]}}