{"id":1482,"date":"2019-10-03T16:35:08","date_gmt":"2019-10-03T16:35:08","guid":{"rendered":"https:\/\/workpermit.hu\/?page_id=1482"},"modified":"2021-02-11T15:41:16","modified_gmt":"2021-02-11T15:41:16","slug":"personaldienstleistungen-und-lohnbuchhaltung","status":"publish","type":"page","link":"https:\/\/workpermit.hu\/de\/personaldienstleistungen-und-lohnbuchhaltung\/","title":{"rendered":"Personaldienstleistungen und Lohnbuchhaltung"},"content":{"rendered":"\t\t<div data-elementor-type=\"wp-post\" data-elementor-id=\"1482\" class=\"elementor elementor-1482 elementor-468\">\n\t\t\t\t\t\t<section class=\"elementor-section elementor-top-section elementor-element elementor-element-75aa6cf3 elementor-section-full_width elementor-section-height-default elementor-section-height-default\" data-id=\"75aa6cf3\" data-element_type=\"section\" data-settings=\"{&quot;background_background&quot;:&quot;classic&quot;}\">\n\t\t\t\t\t\t\t<div class=\"elementor-background-overlay\"><\/div>\n\t\t\t\t\t\t\t<div class=\"elementor-container elementor-column-gap-default\">\n\t\t\t\t\t<div class=\"elementor-column elementor-col-100 elementor-top-column elementor-element elementor-element-d5982f0\" data-id=\"d5982f0\" data-element_type=\"column\" data-settings=\"{&quot;background_background&quot;:&quot;classic&quot;}\">\n\t\t\t<div class=\"elementor-widget-wrap elementor-element-populated\">\n\t\t\t\t\t<div class=\"elementor-background-overlay\"><\/div>\n\t\t\t\t\t\t<div class=\"elementor-element elementor-element-6bc17f88 elementor-widget elementor-widget-spacer\" data-id=\"6bc17f88\" data-element_type=\"widget\" data-widget_type=\"spacer.default\">\n\t\t\t\t<div class=\"elementor-widget-container\">\n\t\t\t\t\t<div class=\"elementor-spacer\">\n\t\t\t<div class=\"elementor-spacer-inner\"><\/div>\n\t\t<\/div>\n\t\t\t\t<\/div>\n\t\t\t\t<\/div>\n\t\t\t\t<div class=\"elementor-element elementor-element-fff9df4 elementor-widget elementor-widget-heading\" data-id=\"fff9df4\" data-element_type=\"widget\" data-widget_type=\"heading.default\">\n\t\t\t\t<div class=\"elementor-widget-container\">\n\t\t\t<h2 class=\"elementor-heading-title elementor-size-default\">Personaldienstleistungen und Lohnbuchhaltung\n<\/h2>\t\t<\/div>\n\t\t\t\t<\/div>\n\t\t\t\t<div class=\"elementor-element elementor-element-502fd26d elementor-widget elementor-widget-spacer\" data-id=\"502fd26d\" data-element_type=\"widget\" data-widget_type=\"spacer.default\">\n\t\t\t\t<div class=\"elementor-widget-container\">\n\t\t\t\t\t<div class=\"elementor-spacer\">\n\t\t\t<div class=\"elementor-spacer-inner\"><\/div>\n\t\t<\/div>\n\t\t\t\t<\/div>\n\t\t\t\t<\/div>\n\t\t\t\t\t<\/div>\n\t\t<\/div>\n\t\t\t\t\t<\/div>\n\t\t<\/section>\n\t\t\t\t<section class=\"elementor-section elementor-top-section elementor-element elementor-element-46217ad3 elementor-section-boxed elementor-section-height-default elementor-section-height-default\" data-id=\"46217ad3\" data-element_type=\"section\">\n\t\t\t\t\t\t<div class=\"elementor-container elementor-column-gap-default\">\n\t\t\t\t\t<div class=\"elementor-column elementor-col-100 elementor-top-column elementor-element elementor-element-436b0251\" data-id=\"436b0251\" data-element_type=\"column\">\n\t\t\t<div class=\"elementor-widget-wrap elementor-element-populated\">\n\t\t\t\t\t\t<div class=\"elementor-element elementor-element-7cedcfca elementor-widget elementor-widget-spacer\" data-id=\"7cedcfca\" data-element_type=\"widget\" data-widget_type=\"spacer.default\">\n\t\t\t\t<div class=\"elementor-widget-container\">\n\t\t\t\t\t<div class=\"elementor-spacer\">\n\t\t\t<div class=\"elementor-spacer-inner\"><\/div>\n\t\t<\/div>\n\t\t\t\t<\/div>\n\t\t\t\t<\/div>\n\t\t\t\t\t<\/div>\n\t\t<\/div>\n\t\t\t\t\t<\/div>\n\t\t<\/section>\n\t\t\t\t<section class=\"elementor-section elementor-inner-section elementor-element elementor-element-1f4f95ba elementor-section-content-middle elementor-section-boxed elementor-section-height-default elementor-section-height-default\" data-id=\"1f4f95ba\" data-element_type=\"section\">\n\t\t\t\t\t\t<div class=\"elementor-container elementor-column-gap-default\">\n\t\t\t\t\t<div class=\"elementor-column elementor-col-50 elementor-inner-column elementor-element elementor-element-307d5d94\" data-id=\"307d5d94\" data-element_type=\"column\">\n\t\t\t<div class=\"elementor-widget-wrap elementor-element-populated\">\n\t\t\t\t\t\t<div class=\"elementor-element elementor-element-34e6d7d7 elementor-widget elementor-widget-image\" data-id=\"34e6d7d7\" data-element_type=\"widget\" data-widget_type=\"image.default\">\n\t\t\t\t<div class=\"elementor-widget-container\">\n\t\t\t\t\t\t\t\t\t\t\t\t\t<img fetchpriority=\"high\" decoding=\"async\" width=\"400\" height=\"400\" src=\"https:\/\/workpermit.hu\/wp-content\/uploads\/2019\/05\/illustration_workpermit2-400x400.png\" class=\"attachment-total-portfolio-thumb size-total-portfolio-thumb wp-image-1485\" alt=\"\" srcset=\"https:\/\/workpermit.hu\/wp-content\/uploads\/2019\/05\/illustration_workpermit2-400x400.png 400w, https:\/\/workpermit.hu\/wp-content\/uploads\/2019\/05\/illustration_workpermit2-150x150.png 150w, https:\/\/workpermit.hu\/wp-content\/uploads\/2019\/05\/illustration_workpermit2-100x100.png 100w\" sizes=\"(max-width: 400px) 100vw, 400px\" \/>\t\t\t\t\t\t\t\t\t\t\t\t\t<\/div>\n\t\t\t\t<\/div>\n\t\t\t\t\t<\/div>\n\t\t<\/div>\n\t\t\t\t<div class=\"elementor-column elementor-col-50 elementor-inner-column elementor-element elementor-element-592d8216\" data-id=\"592d8216\" data-element_type=\"column\">\n\t\t\t<div class=\"elementor-widget-wrap elementor-element-populated\">\n\t\t\t\t\t\t<div class=\"elementor-element elementor-element-12b5f1e7 elementor-widget elementor-widget-text-editor\" data-id=\"12b5f1e7\" data-element_type=\"widget\" data-widget_type=\"text-editor.default\">\n\t\t\t\t<div class=\"elementor-widget-container\">\n\t\t\t\t\t\t\t<p><span class=\"Apple-converted-space\">Als ausl\u00e4ndischer Unternehmer kann es schwierig sein, lokale Praktiken zur Beschaffung und Einstellung von Personal und deren Betreuung zu verstehen, um sicherzustellen, die besten Mitarbeiter zu einem ansprechenden Gehalt einzustellen und alle Arbeitsgesetze und andere Vorschriften in Ihrem Betrieb einzuhalten. <\/span><\/p>\t\t\t\t\t\t<\/div>\n\t\t\t\t<\/div>\n\t\t\t\t\t<\/div>\n\t\t<\/div>\n\t\t\t\t\t<\/div>\n\t\t<\/section>\n\t\t\t\t<section class=\"elementor-section elementor-top-section elementor-element elementor-element-2e748780 elementor-section-boxed elementor-section-height-default elementor-section-height-default\" data-id=\"2e748780\" data-element_type=\"section\">\n\t\t\t\t\t\t<div class=\"elementor-container elementor-column-gap-default\">\n\t\t\t\t\t<div class=\"elementor-column elementor-col-100 elementor-top-column elementor-element elementor-element-2c332a34\" data-id=\"2c332a34\" data-element_type=\"column\">\n\t\t\t<div class=\"elementor-widget-wrap elementor-element-populated\">\n\t\t\t\t\t\t<div class=\"elementor-element elementor-element-22bec3ce elementor-widget elementor-widget-text-editor\" data-id=\"22bec3ce\" data-element_type=\"widget\" data-widget_type=\"text-editor.default\">\n\t\t\t\t<div class=\"elementor-widget-container\">\n\t\t\t\t\t\t\t<p>Mithilfe unserer vielf\u00e4ltigen Unternehmensdienstleistungen stellen Sie sicher, dass Ihre Ressourcen optimal genutzt werden und keine kostspieligen und unangenehmen Umwege erforderlich sind. Nach der Einstellung Ihres ersten Mitarbeiters \u00fcbernehmen wir alle regelm\u00e4\u00dfig anfallenden Verwaltungsaufgaben und Personaldienstleistungen, um sicherzustellen, dass Ihr Unternehmen stets alle Vorschriften einh\u00e4lt und vom ersten Tag einen attraktiven Arbeitsplatz f\u00fcr hochqualifizierte Bewerber mit gro\u00dfem Potenzial bietet.<\/p><p><b>Fortlaufende Personaldienstleistungen<\/b><\/p><p>Wir freuen uns, dass wir Ihnen eine g\u00fcnstige Pauschale f\u00fcr die Erledigung aller administrativen Aufgaben und Vorg\u00e4nge im Personalwesen anbieten k\u00f6nnen. Sparen Sie sich die M\u00fchen aller administrativen Aufgaben der Lohnbuchhaltung, der Verwaltung von Urlaubs- und Krankheitstagen sowie Einstellungen und K\u00fcndigungen. Wir erledigen dies auf Wunsch f\u00fcr Sie direkt mit Ihrem Mitarbeiter, damit Sie sich auf die Leitung Ihres Unternehmens konzentrieren k\u00f6nnen.<\/p><p>Grundlegende Personaldienstleistungen umfassen:<\/p><ul><li>Einrichten von Lohn- und Steuerzahlungen im Internetbanking des Unternehmens<\/li><li>Urlaubsverwaltung<\/li><li>Verwaltung von Krankheitstagen<\/li><li>Monatliche Lohnabrechnungen und Steuerbescheinigungen<\/li><li>Unterzeichnung von Dokumenten in Verbindung mit Geh\u00e4ltern im Namen des Arbeitgebers (mit Autorisierung)<\/li><\/ul><p>Zus\u00e4tzlich werden folgende Optionen angeboten:<\/p><ul><li>Einrichten eines Systems mit Nebenleistungen des Unternehmens<\/li><li>Beratung der Personalabteilung im Umgang mit Sondersituationen einzelner Mitarbeiter<\/li><li>Einreichen der pers\u00f6nlichen Einkommensteuererkl\u00e4rung f\u00fcr Mitarbeiter<\/li><li>Organisation vorgeschriebener j\u00e4hrlicher Gesundheits\u00fcberpr\u00fcfungen und Schulungen zum Brandschutz<\/li><li>Weiterleitung von Jahresabschl\u00fcssen<\/li><li>\u00c4nderungen an Arbeitsvertr\u00e4gen<\/li><li>Bonusvereinbarungen und Dokumentation<\/li><li>Anfertigung von Dokumenten beim Ausscheiden aus dem Unternehmen<\/li><\/ul><p><b>Personalberatung<\/b><\/p><p>Die Personalberatung umfasst nicht nur die Einstellung qualifizierter Mitarbeiter und die Ausarbeitung von Arbeitsvertr\u00e4gen. Unsere Experten unterst\u00fctzen Sie w\u00e4hrend Ihres gesamten Projekts in Ungarn von einer anf\u00e4nglichen Steuerberatung \u00fcber die Ausarbeitung von Vertr\u00e4gen, die Organisation vorgeschriebener j\u00e4hrlicher Gesundheits\u00fcberpr\u00fcfungen und Schulungen zum Brandschutz. Bitte kontaktieren Sie uns, um ein individuelles Angebot anzufordern!<\/p><p><strong>Steuerberatung<\/strong><\/p><p>Bei der Aus\u00fcbung internationaler Gesch\u00e4fte m\u00fcssen Steuern dort bezahlt werden, wo sie anfallen, ganz gleich ob dies Steuern f\u00fcr den Warenverkehr, die Bereitstellung von Dienstleistungen oder Lohnzahlungen an Ihre Mitarbeiter sind. Eine rechtzeitige Steuerberatung hilft Ihnen, die richtigen Entscheidungen bei der Planung Ihrer Aktivit\u00e4ten und der Budgetierung zu treffen.<\/p><p>Ein wesentlicher Aspekt der Steuerberatung betrifft Ihre Mitarbeiter, die in Ungarn steuerpflichtig werden. Sie werden h\u00f6chstwahrscheinlich Einkommensteuer und Sozialversicherungsbeitr\u00e4ge in Ungarn bezahlen. Trotzdem sollten Sie \u00fcberpr\u00fcfen, ob Doppelbesteuerungsabkommen zwischen ihren Heimatl\u00e4ndern und Ungarn bestehen.<\/p>\t\t\t\t\t\t<\/div>\n\t\t\t\t<\/div>\n\t\t\t\t<div class=\"elementor-element elementor-element-51f5d0ea elementor-button-info elementor-align-center elementor-widget elementor-widget-button\" data-id=\"51f5d0ea\" data-element_type=\"widget\" data-widget_type=\"button.default\">\n\t\t\t\t<div class=\"elementor-widget-container\">\n\t\t\t\t\t<div class=\"elementor-button-wrapper\">\n\t\t\t<a class=\"elementor-button elementor-button-link elementor-size-sm\" href=\"\/de\/preisgestaltung\/\">\n\t\t\t\t\t\t<span class=\"elementor-button-content-wrapper\">\n\t\t\t\t\t\t\t\t\t<span class=\"elementor-button-text\">Sehen Sie hier, zwischen welchen Paketen Sie w\u00e4hlen k\u00f6nnen!<\/span>\n\t\t\t\t\t<\/span>\n\t\t\t\t\t<\/a>\n\t\t<\/div>\n\t\t\t\t<\/div>\n\t\t\t\t<\/div>\n\t\t\t\t\t<\/div>\n\t\t<\/div>\n\t\t\t\t\t<\/div>\n\t\t<\/section>\n\t\t\t\t<section class=\"elementor-section elementor-top-section elementor-element elementor-element-50e5b8d7 elementor-section-full_width elementor-section-height-default elementor-section-height-default\" data-id=\"50e5b8d7\" data-element_type=\"section\" data-settings=\"{&quot;background_background&quot;:&quot;classic&quot;}\">\n\t\t\t\t\t\t<div class=\"elementor-container elementor-column-gap-default\">\n\t\t\t\t\t<div class=\"elementor-column elementor-col-100 elementor-top-column elementor-element elementor-element-3f1d68ff\" data-id=\"3f1d68ff\" data-element_type=\"column\" data-settings=\"{&quot;background_background&quot;:&quot;classic&quot;}\">\n\t\t\t<div class=\"elementor-widget-wrap elementor-element-populated\">\n\t\t\t\t\t<div class=\"elementor-background-overlay\"><\/div>\n\t\t\t\t\t\t<div class=\"elementor-element elementor-element-12d81671 elementor-widget elementor-widget-spacer\" data-id=\"12d81671\" data-element_type=\"widget\" data-widget_type=\"spacer.default\">\n\t\t\t\t<div class=\"elementor-widget-container\">\n\t\t\t\t\t<div class=\"elementor-spacer\">\n\t\t\t<div class=\"elementor-spacer-inner\"><\/div>\n\t\t<\/div>\n\t\t\t\t<\/div>\n\t\t\t\t<\/div>\n\t\t\t\t<div class=\"elementor-element elementor-element-46b5d742 elementor-widget elementor-widget-spacer\" data-id=\"46b5d742\" data-element_type=\"widget\" data-widget_type=\"spacer.default\">\n\t\t\t\t<div class=\"elementor-widget-container\">\n\t\t\t\t\t<div class=\"elementor-spacer\">\n\t\t\t<div class=\"elementor-spacer-inner\"><\/div>\n\t\t<\/div>\n\t\t\t\t<\/div>\n\t\t\t\t<\/div>\n\t\t\t\t\t<\/div>\n\t\t<\/div>\n\t\t\t\t\t<\/div>\n\t\t<\/section>\n\t\t\t\t<\/div>\n\t\t","protected":false},"excerpt":{"rendered":"<p>Personaldienstleistungen und Lohnbuchhaltung Als ausl\u00e4ndischer Unternehmer kann es schwierig sein, lokale Praktiken zur Beschaffung und Einstellung von Personal und deren Betreuung zu verstehen, um sicherzustellen, die besten Mitarbeiter zu einem ansprechenden Gehalt einzustellen und alle Arbeitsgesetze und andere Vorschriften in Ihrem Betrieb einzuhalten. Mithilfe unserer vielf\u00e4ltigen Unternehmensdienstleistungen stellen Sie sicher, dass Ihre Ressourcen optimal genutzt [&hellip;]<\/p>\n","protected":false},"author":2,"featured_media":0,"parent":0,"menu_order":0,"comment_status":"closed","ping_status":"closed","template":"elementor_header_footer","meta":{"footnotes":""},"yoast_head":"<!-- This site is optimized with the Yoast SEO plugin v23.0 - https:\/\/yoast.com\/wordpress\/plugins\/seo\/ -->\n<title>Personaldienstleistungen und Lohnbuchhaltung - Hungarian Work Permit<\/title>\n<meta name=\"description\" content=\"Neben Arbeitserlaubnissen f\u00fcr Ungarn k\u00fcmmern wir uns um Ihre Lohnbuchhaltung und Personaldienstleistungen wie Personalbeschaffung und Steuerberatung.\" \/>\n<meta name=\"robots\" content=\"index, follow, max-snippet:-1, max-image-preview:large, max-video-preview:-1\" \/>\n<link rel=\"canonical\" href=\"https:\/\/workpermit.hu\/de\/personaldienstleistungen-und-lohnbuchhaltung\/\" \/>\n<meta property=\"og:locale\" content=\"de_DE\" \/>\n<meta property=\"og:type\" content=\"article\" \/>\n<meta property=\"og:title\" content=\"Personaldienstleistungen und Lohnbuchhaltung - Hungarian Work Permit\" \/>\n<meta property=\"og:description\" content=\"Neben Arbeitserlaubnissen f\u00fcr Ungarn k\u00fcmmern wir uns um Ihre Lohnbuchhaltung und Personaldienstleistungen wie Personalbeschaffung und Steuerberatung.\" \/>\n<meta property=\"og:url\" content=\"https:\/\/workpermit.hu\/de\/personaldienstleistungen-und-lohnbuchhaltung\/\" \/>\n<meta property=\"og:site_name\" content=\"Hungarian Work Permit\" \/>\n<meta property=\"article:modified_time\" content=\"2021-02-11T15:41:16+00:00\" \/>\n<meta property=\"og:image\" content=\"https:\/\/workpermit.hu\/wp-content\/uploads\/2019\/05\/illustration_workpermit2-400x400.png\" \/>\n<meta name=\"twitter:card\" content=\"summary_large_image\" \/>\n<meta name=\"twitter:label1\" content=\"Gesch\u00e4tzte Lesezeit\" \/>\n\t<meta name=\"twitter:data1\" content=\"2\u00a0Minuten\" \/>\n<script type=\"application\/ld+json\" class=\"yoast-schema-graph\">{\"@context\":\"https:\/\/schema.org\",\"@graph\":[{\"@type\":\"WebPage\",\"@id\":\"https:\/\/workpermit.hu\/de\/personaldienstleistungen-und-lohnbuchhaltung\/\",\"url\":\"https:\/\/workpermit.hu\/de\/personaldienstleistungen-und-lohnbuchhaltung\/\",\"name\":\"Personaldienstleistungen und Lohnbuchhaltung - Hungarian Work Permit\",\"isPartOf\":{\"@id\":\"https:\/\/workpermit.hu\/de\/#website\"},\"primaryImageOfPage\":{\"@id\":\"https:\/\/workpermit.hu\/de\/personaldienstleistungen-und-lohnbuchhaltung\/#primaryimage\"},\"image\":{\"@id\":\"https:\/\/workpermit.hu\/de\/personaldienstleistungen-und-lohnbuchhaltung\/#primaryimage\"},\"thumbnailUrl\":\"https:\/\/workpermit.hu\/wp-content\/uploads\/2019\/05\/illustration_workpermit2-400x400.png\",\"datePublished\":\"2019-10-03T16:35:08+00:00\",\"dateModified\":\"2021-02-11T15:41:16+00:00\",\"description\":\"Neben Arbeitserlaubnissen f\u00fcr Ungarn k\u00fcmmern wir uns um Ihre Lohnbuchhaltung und Personaldienstleistungen wie Personalbeschaffung und Steuerberatung.\",\"breadcrumb\":{\"@id\":\"https:\/\/workpermit.hu\/de\/personaldienstleistungen-und-lohnbuchhaltung\/#breadcrumb\"},\"inLanguage\":\"de\",\"potentialAction\":[{\"@type\":\"ReadAction\",\"target\":[\"https:\/\/workpermit.hu\/de\/personaldienstleistungen-und-lohnbuchhaltung\/\"]}]},{\"@type\":\"ImageObject\",\"inLanguage\":\"de\",\"@id\":\"https:\/\/workpermit.hu\/de\/personaldienstleistungen-und-lohnbuchhaltung\/#primaryimage\",\"url\":\"https:\/\/workpermit.hu\/wp-content\/uploads\/2019\/05\/illustration_workpermit2-400x400.png\",\"contentUrl\":\"https:\/\/workpermit.hu\/wp-content\/uploads\/2019\/05\/illustration_workpermit2-400x400.png\"},{\"@type\":\"BreadcrumbList\",\"@id\":\"https:\/\/workpermit.hu\/de\/personaldienstleistungen-und-lohnbuchhaltung\/#breadcrumb\",\"itemListElement\":[{\"@type\":\"ListItem\",\"position\":1,\"name\":\"Home\",\"item\":\"https:\/\/workpermit.hu\/de\/\"},{\"@type\":\"ListItem\",\"position\":2,\"name\":\"Personaldienstleistungen und Lohnbuchhaltung\"}]},{\"@type\":\"WebSite\",\"@id\":\"https:\/\/workpermit.hu\/de\/#website\",\"url\":\"https:\/\/workpermit.hu\/de\/\",\"name\":\"Hungarian Work Permit\",\"description\":\"by Helpers Hungary\",\"publisher\":{\"@id\":\"https:\/\/workpermit.hu\/de\/#organization\"},\"potentialAction\":[{\"@type\":\"SearchAction\",\"target\":{\"@type\":\"EntryPoint\",\"urlTemplate\":\"https:\/\/workpermit.hu\/de\/?s={search_term_string}\"},\"query-input\":\"required name=search_term_string\"}],\"inLanguage\":\"de\"},{\"@type\":\"Organization\",\"@id\":\"https:\/\/workpermit.hu\/de\/#organization\",\"name\":\"Hungarian Work Permit\",\"url\":\"https:\/\/workpermit.hu\/de\/\",\"logo\":{\"@type\":\"ImageObject\",\"inLanguage\":\"de\",\"@id\":\"https:\/\/workpermit.hu\/de\/#\/schema\/logo\/image\/\",\"url\":\"https:\/\/workpermit.hu\/wp-content\/uploads\/2019\/06\/logo_workpermitwebsite_smaller.png\",\"contentUrl\":\"https:\/\/workpermit.hu\/wp-content\/uploads\/2019\/06\/logo_workpermitwebsite_smaller.png\",\"width\":450,\"height\":50,\"caption\":\"Hungarian Work Permit\"},\"image\":{\"@id\":\"https:\/\/workpermit.hu\/de\/#\/schema\/logo\/image\/\"}}]}<\/script>\n<!-- \/ Yoast SEO plugin. -->","yoast_head_json":{"title":"Personaldienstleistungen und Lohnbuchhaltung - Hungarian Work Permit","description":"Neben Arbeitserlaubnissen f\u00fcr Ungarn k\u00fcmmern wir uns um Ihre Lohnbuchhaltung und Personaldienstleistungen wie Personalbeschaffung und Steuerberatung.","robots":{"index":"index","follow":"follow","max-snippet":"max-snippet:-1","max-image-preview":"max-image-preview:large","max-video-preview":"max-video-preview:-1"},"canonical":"https:\/\/workpermit.hu\/de\/personaldienstleistungen-und-lohnbuchhaltung\/","og_locale":"de_DE","og_type":"article","og_title":"Personaldienstleistungen und Lohnbuchhaltung - Hungarian Work Permit","og_description":"Neben Arbeitserlaubnissen f\u00fcr Ungarn k\u00fcmmern wir uns um Ihre Lohnbuchhaltung und Personaldienstleistungen wie Personalbeschaffung und Steuerberatung.","og_url":"https:\/\/workpermit.hu\/de\/personaldienstleistungen-und-lohnbuchhaltung\/","og_site_name":"Hungarian Work Permit","article_modified_time":"2021-02-11T15:41:16+00:00","og_image":[{"url":"https:\/\/workpermit.hu\/wp-content\/uploads\/2019\/05\/illustration_workpermit2-400x400.png"}],"twitter_card":"summary_large_image","twitter_misc":{"Gesch\u00e4tzte Lesezeit":"2\u00a0Minuten"},"schema":{"@context":"https:\/\/schema.org","@graph":[{"@type":"WebPage","@id":"https:\/\/workpermit.hu\/de\/personaldienstleistungen-und-lohnbuchhaltung\/","url":"https:\/\/workpermit.hu\/de\/personaldienstleistungen-und-lohnbuchhaltung\/","name":"Personaldienstleistungen und Lohnbuchhaltung - Hungarian Work Permit","isPartOf":{"@id":"https:\/\/workpermit.hu\/de\/#website"},"primaryImageOfPage":{"@id":"https:\/\/workpermit.hu\/de\/personaldienstleistungen-und-lohnbuchhaltung\/#primaryimage"},"image":{"@id":"https:\/\/workpermit.hu\/de\/personaldienstleistungen-und-lohnbuchhaltung\/#primaryimage"},"thumbnailUrl":"https:\/\/workpermit.hu\/wp-content\/uploads\/2019\/05\/illustration_workpermit2-400x400.png","datePublished":"2019-10-03T16:35:08+00:00","dateModified":"2021-02-11T15:41:16+00:00","description":"Neben Arbeitserlaubnissen f\u00fcr Ungarn k\u00fcmmern wir uns um Ihre Lohnbuchhaltung und Personaldienstleistungen wie Personalbeschaffung und Steuerberatung.","breadcrumb":{"@id":"https:\/\/workpermit.hu\/de\/personaldienstleistungen-und-lohnbuchhaltung\/#breadcrumb"},"inLanguage":"de","potentialAction":[{"@type":"ReadAction","target":["https:\/\/workpermit.hu\/de\/personaldienstleistungen-und-lohnbuchhaltung\/"]}]},{"@type":"ImageObject","inLanguage":"de","@id":"https:\/\/workpermit.hu\/de\/personaldienstleistungen-und-lohnbuchhaltung\/#primaryimage","url":"https:\/\/workpermit.hu\/wp-content\/uploads\/2019\/05\/illustration_workpermit2-400x400.png","contentUrl":"https:\/\/workpermit.hu\/wp-content\/uploads\/2019\/05\/illustration_workpermit2-400x400.png"},{"@type":"BreadcrumbList","@id":"https:\/\/workpermit.hu\/de\/personaldienstleistungen-und-lohnbuchhaltung\/#breadcrumb","itemListElement":[{"@type":"ListItem","position":1,"name":"Home","item":"https:\/\/workpermit.hu\/de\/"},{"@type":"ListItem","position":2,"name":"Personaldienstleistungen und Lohnbuchhaltung"}]},{"@type":"WebSite","@id":"https:\/\/workpermit.hu\/de\/#website","url":"https:\/\/workpermit.hu\/de\/","name":"Hungarian Work Permit","description":"by Helpers Hungary","publisher":{"@id":"https:\/\/workpermit.hu\/de\/#organization"},"potentialAction":[{"@type":"SearchAction","target":{"@type":"EntryPoint","urlTemplate":"https:\/\/workpermit.hu\/de\/?s={search_term_string}"},"query-input":"required name=search_term_string"}],"inLanguage":"de"},{"@type":"Organization","@id":"https:\/\/workpermit.hu\/de\/#organization","name":"Hungarian Work Permit","url":"https:\/\/workpermit.hu\/de\/","logo":{"@type":"ImageObject","inLanguage":"de","@id":"https:\/\/workpermit.hu\/de\/#\/schema\/logo\/image\/","url":"https:\/\/workpermit.hu\/wp-content\/uploads\/2019\/06\/logo_workpermitwebsite_smaller.png","contentUrl":"https:\/\/workpermit.hu\/wp-content\/uploads\/2019\/06\/logo_workpermitwebsite_smaller.png","width":450,"height":50,"caption":"Hungarian Work Permit"},"image":{"@id":"https:\/\/workpermit.hu\/de\/#\/schema\/logo\/image\/"}}]}},"_links":{"self":[{"href":"https:\/\/workpermit.hu\/de\/wp-json\/wp\/v2\/pages\/1482"}],"collection":[{"href":"https:\/\/workpermit.hu\/de\/wp-json\/wp\/v2\/pages"}],"about":[{"href":"https:\/\/workpermit.hu\/de\/wp-json\/wp\/v2\/types\/page"}],"author":[{"embeddable":true,"href":"https:\/\/workpermit.hu\/de\/wp-json\/wp\/v2\/users\/2"}],"replies":[{"embeddable":true,"href":"https:\/\/workpermit.hu\/de\/wp-json\/wp\/v2\/comments?post=1482"}],"version-history":[{"count":5,"href":"https:\/\/workpermit.hu\/de\/wp-json\/wp\/v2\/pages\/1482\/revisions"}],"predecessor-version":[{"id":1978,"href":"https:\/\/workpermit.hu\/de\/wp-json\/wp\/v2\/pages\/1482\/revisions\/1978"}],"wp:attachment":[{"href":"https:\/\/workpermit.hu\/de\/wp-json\/wp\/v2\/media?parent=1482"}],"curies":[{"name":"wp","href":"https:\/\/api.w.org\/{rel}","templated":true}]}}