{"id":1175,"date":"2019-10-03T13:21:11","date_gmt":"2019-10-03T13:21:11","guid":{"rendered":"https:\/\/workpermit.hu\/?page_id=1175"},"modified":"2026-01-16T13:43:47","modified_gmt":"2026-01-16T13:43:47","slug":"preisgestaltung","status":"publish","type":"page","link":"https:\/\/workpermit.hu\/de\/preisgestaltung\/","title":{"rendered":"Preisgestaltung"},"content":{"rendered":"\t\t<div data-elementor-type=\"wp-post\" data-elementor-id=\"1175\" class=\"elementor elementor-1175 elementor-471\">\n\t\t\t\t\t\t<section class=\"elementor-section elementor-top-section elementor-element elementor-element-66700135 elementor-section-full_width elementor-section-height-default elementor-section-height-default\" data-id=\"66700135\" data-element_type=\"section\" data-settings=\"{&quot;background_background&quot;:&quot;classic&quot;}\">\n\t\t\t\t\t\t<div class=\"elementor-container elementor-column-gap-default\">\n\t\t\t\t\t<div class=\"elementor-column elementor-col-100 elementor-top-column elementor-element elementor-element-3257764c\" data-id=\"3257764c\" data-element_type=\"column\" data-settings=\"{&quot;background_background&quot;:&quot;classic&quot;}\">\n\t\t\t<div class=\"elementor-widget-wrap elementor-element-populated\">\n\t\t\t\t\t<div class=\"elementor-background-overlay\"><\/div>\n\t\t\t\t\t\t<div class=\"elementor-element elementor-element-625e9d1f elementor-widget elementor-widget-spacer\" data-id=\"625e9d1f\" data-element_type=\"widget\" data-widget_type=\"spacer.default\">\n\t\t\t\t<div class=\"elementor-widget-container\">\n\t\t\t\t\t<div class=\"elementor-spacer\">\n\t\t\t<div class=\"elementor-spacer-inner\"><\/div>\n\t\t<\/div>\n\t\t\t\t<\/div>\n\t\t\t\t<\/div>\n\t\t\t\t<div class=\"elementor-element elementor-element-567c83e1 elementor-widget elementor-widget-heading\" data-id=\"567c83e1\" data-element_type=\"widget\" data-widget_type=\"heading.default\">\n\t\t\t\t<div class=\"elementor-widget-container\">\n\t\t\t<h2 class=\"elementor-heading-title elementor-size-default\">Preisgestaltung\n<\/h2>\t\t<\/div>\n\t\t\t\t<\/div>\n\t\t\t\t<div class=\"elementor-element elementor-element-7d6c3a4e elementor-widget elementor-widget-spacer\" data-id=\"7d6c3a4e\" data-element_type=\"widget\" data-widget_type=\"spacer.default\">\n\t\t\t\t<div class=\"elementor-widget-container\">\n\t\t\t\t\t<div class=\"elementor-spacer\">\n\t\t\t<div class=\"elementor-spacer-inner\"><\/div>\n\t\t<\/div>\n\t\t\t\t<\/div>\n\t\t\t\t<\/div>\n\t\t\t\t\t<\/div>\n\t\t<\/div>\n\t\t\t\t\t<\/div>\n\t\t<\/section>\n\t\t\t\t<section class=\"elementor-section elementor-top-section elementor-element elementor-element-4dd580df elementor-section-boxed elementor-section-height-default elementor-section-height-default\" data-id=\"4dd580df\" data-element_type=\"section\">\n\t\t\t\t\t\t<div class=\"elementor-container elementor-column-gap-default\">\n\t\t\t\t\t<div class=\"elementor-column elementor-col-100 elementor-top-column elementor-element elementor-element-41caef28\" data-id=\"41caef28\" data-element_type=\"column\">\n\t\t\t<div class=\"elementor-widget-wrap elementor-element-populated\">\n\t\t\t\t\t\t<div class=\"elementor-element elementor-element-4caaf093 elementor-widget elementor-widget-spacer\" data-id=\"4caaf093\" data-element_type=\"widget\" data-widget_type=\"spacer.default\">\n\t\t\t\t<div class=\"elementor-widget-container\">\n\t\t\t\t\t<div class=\"elementor-spacer\">\n\t\t\t<div class=\"elementor-spacer-inner\"><\/div>\n\t\t<\/div>\n\t\t\t\t<\/div>\n\t\t\t\t<\/div>\n\t\t\t\t\t<\/div>\n\t\t<\/div>\n\t\t\t\t\t<\/div>\n\t\t<\/section>\n\t\t\t\t<section class=\"elementor-section elementor-top-section elementor-element elementor-element-6d4392db elementor-section-boxed elementor-section-height-default elementor-section-height-default\" data-id=\"6d4392db\" data-element_type=\"section\">\n\t\t\t\t\t\t<div class=\"elementor-container elementor-column-gap-default\">\n\t\t\t\t\t<div class=\"elementor-column elementor-col-100 elementor-top-column elementor-element elementor-element-f063546\" data-id=\"f063546\" data-element_type=\"column\">\n\t\t\t<div class=\"elementor-widget-wrap elementor-element-populated\">\n\t\t\t\t\t\t<div class=\"elementor-element elementor-element-7fde8d37 elementor-widget elementor-widget-text-editor\" data-id=\"7fde8d37\" data-element_type=\"widget\" data-widget_type=\"text-editor.default\">\n\t\t\t\t<div class=\"elementor-widget-container\">\n\t\t\t\t\t\t\t<p>Nutzen Sie unsere umfassende Unterst\u00fctzung, wenn Sie Ihre ausl\u00e4ndischen Mitarbeiter nach Ungarn transferieren! Wir unterst\u00fctzen Sie bei der Planung Ihres gesamten Projekts. Gerne helfen wir Ihnen, Meilensteine festzulegen, realistische Fristen zu berechnen, Arbeitsvertr\u00e4ge aufzusetzen und Arbeitserlaubnisse f\u00fcr Ihre ausl\u00e4ndischen Mitarbeiter, die nach Ungarn kommen, zu beantragen. Kontaktieren Sie uns, um ein Angebot f\u00fcr Ihr Projekt zu erhalten. Sie wissen bereits genau, was Sie ben\u00f6tigen? Dann finden Sie hier eine Liste mit unseren Preisen.<\/p><p><b style=\"color: #f20947; font-family: Oswald, sans-serif; font-size: 22px;\">F\u00fcr EU-Staatsangeh\u00f6rige<\/b><\/p><div>Registrierungskarte: <strong>EUR 1.000<\/strong> (+MwSt. falls zutreffend)<\/div><div>\u00a0<\/div><p><b style=\"color: #f20947; font-family: Oswald, sans-serif; font-size: 22px;\">F\u00fcr Staatsangeh\u00f6rigen von Drittstaaten<\/b><\/p><div>Kombinierte Arbeits- und Aufenthaltserlaubnis:\u00a0<strong>ab EUR 1.300<\/strong> (+MwSt. falls zutreffend)<\/div><div>Unternehmensinterner Transfer: <strong>ab EUR 1.300 <\/strong>(+MwSt. falls zutreffend)<\/div><p>(umfasst eine zweist\u00fcndige Beratung)<\/p><p><b style=\"color: #f20947; font-family: Oswald, sans-serif; font-size: 22px;\">F\u00fcr alle Staatsangeh\u00f6rige<\/b><\/p><p>Sozialversicherungskarte: <strong>EUR 300<\/strong> (+MwSt. falls zutreffend)<\/p><p>Steuernummer: <strong>EUR 150<\/strong> (+MwSt. falls zutreffend)<\/p><p>Fortlaufende Personaldienstleistungen: <strong>EUR 90<\/strong> (+MwSt.) \/Mitarbeiter\/Monat<\/p><p>Personalberatung: <strong>EUR 150<\/strong> \/ Stunde (+MwSt.)<\/p><p><b style=\"color: #f20947; font-family: Oswald, sans-serif; font-size: 22px;\">Beratung<\/b><\/p><p>Steuerberatung: <strong>EUR 130<\/strong> \/ Stunde (+MwSt. falls zutreffend)<\/p><p>Arbeitsrechtliche Beratung: <strong>EUR 150<\/strong> \/ Stunde (+MwSt. falls zutreffend)<\/p>\t\t\t\t\t\t<\/div>\n\t\t\t\t<\/div>\n\t\t\t\t\t<\/div>\n\t\t<\/div>\n\t\t\t\t\t<\/div>\n\t\t<\/section>\n\t\t\t\t<\/div>\n\t\t","protected":false},"excerpt":{"rendered":"<p>Preisgestaltung Nutzen Sie unsere umfassende Unterst\u00fctzung, wenn Sie Ihre ausl\u00e4ndischen Mitarbeiter nach Ungarn transferieren! Wir unterst\u00fctzen Sie bei der Planung Ihres gesamten Projekts. Gerne helfen wir Ihnen, Meilensteine festzulegen, realistische Fristen zu berechnen, Arbeitsvertr\u00e4ge aufzusetzen und Arbeitserlaubnisse f\u00fcr Ihre ausl\u00e4ndischen Mitarbeiter, die nach Ungarn kommen, zu beantragen. Kontaktieren Sie uns, um ein Angebot f\u00fcr Ihr [&hellip;]<\/p>\n","protected":false},"author":2,"featured_media":0,"parent":0,"menu_order":0,"comment_status":"closed","ping_status":"closed","template":"elementor_header_footer","meta":{"footnotes":""},"yoast_head":"<!-- This site is optimized with the Yoast SEO plugin v23.0 - https:\/\/yoast.com\/wordpress\/plugins\/seo\/ -->\n<title>Preisgestaltung - Hungarian Work Permit<\/title>\n<meta name=\"description\" content=\"Beratung f\u00fcr Arbeitserlaubnisse f\u00fcr alle Nationalit\u00e4ten (B\u00fcrger aus der EU und Drittstaaten). Registrierungskarten, Sozialversicherung, Steuerberatung\u00a0...\" \/>\n<meta name=\"robots\" content=\"index, follow, max-snippet:-1, max-image-preview:large, max-video-preview:-1\" \/>\n<link rel=\"canonical\" href=\"https:\/\/workpermit.hu\/de\/preisgestaltung\/\" \/>\n<meta property=\"og:locale\" content=\"de_DE\" \/>\n<meta property=\"og:type\" content=\"article\" \/>\n<meta property=\"og:title\" content=\"Preisgestaltung - Hungarian Work Permit\" \/>\n<meta property=\"og:description\" content=\"Beratung f\u00fcr Arbeitserlaubnisse f\u00fcr alle Nationalit\u00e4ten (B\u00fcrger aus der EU und Drittstaaten). Registrierungskarten, Sozialversicherung, Steuerberatung\u00a0...\" \/>\n<meta property=\"og:url\" content=\"https:\/\/workpermit.hu\/de\/preisgestaltung\/\" \/>\n<meta property=\"og:site_name\" content=\"Hungarian Work Permit\" \/>\n<meta property=\"article:modified_time\" content=\"2026-01-16T13:43:47+00:00\" \/>\n<meta name=\"twitter:card\" content=\"summary_large_image\" \/>\n<meta name=\"twitter:label1\" content=\"Gesch\u00e4tzte Lesezeit\" \/>\n\t<meta name=\"twitter:data1\" content=\"1\u00a0Minute\" \/>\n<script type=\"application\/ld+json\" class=\"yoast-schema-graph\">{\"@context\":\"https:\/\/schema.org\",\"@graph\":[{\"@type\":\"WebPage\",\"@id\":\"https:\/\/workpermit.hu\/de\/preisgestaltung\/\",\"url\":\"https:\/\/workpermit.hu\/de\/preisgestaltung\/\",\"name\":\"Preisgestaltung - Hungarian Work Permit\",\"isPartOf\":{\"@id\":\"https:\/\/workpermit.hu\/de\/#website\"},\"datePublished\":\"2019-10-03T13:21:11+00:00\",\"dateModified\":\"2026-01-16T13:43:47+00:00\",\"description\":\"Beratung f\u00fcr Arbeitserlaubnisse f\u00fcr alle Nationalit\u00e4ten (B\u00fcrger aus der EU und Drittstaaten). Registrierungskarten, Sozialversicherung, Steuerberatung\u00a0...\",\"breadcrumb\":{\"@id\":\"https:\/\/workpermit.hu\/de\/preisgestaltung\/#breadcrumb\"},\"inLanguage\":\"de\",\"potentialAction\":[{\"@type\":\"ReadAction\",\"target\":[\"https:\/\/workpermit.hu\/de\/preisgestaltung\/\"]}]},{\"@type\":\"BreadcrumbList\",\"@id\":\"https:\/\/workpermit.hu\/de\/preisgestaltung\/#breadcrumb\",\"itemListElement\":[{\"@type\":\"ListItem\",\"position\":1,\"name\":\"Home\",\"item\":\"https:\/\/workpermit.hu\/de\/\"},{\"@type\":\"ListItem\",\"position\":2,\"name\":\"Preisgestaltung\"}]},{\"@type\":\"WebSite\",\"@id\":\"https:\/\/workpermit.hu\/de\/#website\",\"url\":\"https:\/\/workpermit.hu\/de\/\",\"name\":\"Hungarian Work Permit\",\"description\":\"by Helpers Hungary\",\"publisher\":{\"@id\":\"https:\/\/workpermit.hu\/de\/#organization\"},\"potentialAction\":[{\"@type\":\"SearchAction\",\"target\":{\"@type\":\"EntryPoint\",\"urlTemplate\":\"https:\/\/workpermit.hu\/de\/?s={search_term_string}\"},\"query-input\":\"required name=search_term_string\"}],\"inLanguage\":\"de\"},{\"@type\":\"Organization\",\"@id\":\"https:\/\/workpermit.hu\/de\/#organization\",\"name\":\"Hungarian Work Permit\",\"url\":\"https:\/\/workpermit.hu\/de\/\",\"logo\":{\"@type\":\"ImageObject\",\"inLanguage\":\"de\",\"@id\":\"https:\/\/workpermit.hu\/de\/#\/schema\/logo\/image\/\",\"url\":\"https:\/\/workpermit.hu\/wp-content\/uploads\/2019\/06\/logo_workpermitwebsite_smaller.png\",\"contentUrl\":\"https:\/\/workpermit.hu\/wp-content\/uploads\/2019\/06\/logo_workpermitwebsite_smaller.png\",\"width\":450,\"height\":50,\"caption\":\"Hungarian Work Permit\"},\"image\":{\"@id\":\"https:\/\/workpermit.hu\/de\/#\/schema\/logo\/image\/\"}}]}<\/script>\n<!-- \/ Yoast SEO plugin. -->","yoast_head_json":{"title":"Preisgestaltung - Hungarian Work Permit","description":"Beratung f\u00fcr Arbeitserlaubnisse f\u00fcr alle Nationalit\u00e4ten (B\u00fcrger aus der EU und Drittstaaten). Registrierungskarten, Sozialversicherung, Steuerberatung\u00a0...","robots":{"index":"index","follow":"follow","max-snippet":"max-snippet:-1","max-image-preview":"max-image-preview:large","max-video-preview":"max-video-preview:-1"},"canonical":"https:\/\/workpermit.hu\/de\/preisgestaltung\/","og_locale":"de_DE","og_type":"article","og_title":"Preisgestaltung - Hungarian Work Permit","og_description":"Beratung f\u00fcr Arbeitserlaubnisse f\u00fcr alle Nationalit\u00e4ten (B\u00fcrger aus der EU und Drittstaaten). Registrierungskarten, Sozialversicherung, Steuerberatung\u00a0...","og_url":"https:\/\/workpermit.hu\/de\/preisgestaltung\/","og_site_name":"Hungarian Work Permit","article_modified_time":"2026-01-16T13:43:47+00:00","twitter_card":"summary_large_image","twitter_misc":{"Gesch\u00e4tzte Lesezeit":"1\u00a0Minute"},"schema":{"@context":"https:\/\/schema.org","@graph":[{"@type":"WebPage","@id":"https:\/\/workpermit.hu\/de\/preisgestaltung\/","url":"https:\/\/workpermit.hu\/de\/preisgestaltung\/","name":"Preisgestaltung - Hungarian Work Permit","isPartOf":{"@id":"https:\/\/workpermit.hu\/de\/#website"},"datePublished":"2019-10-03T13:21:11+00:00","dateModified":"2026-01-16T13:43:47+00:00","description":"Beratung f\u00fcr Arbeitserlaubnisse f\u00fcr alle Nationalit\u00e4ten (B\u00fcrger aus der EU und Drittstaaten). Registrierungskarten, Sozialversicherung, Steuerberatung\u00a0...","breadcrumb":{"@id":"https:\/\/workpermit.hu\/de\/preisgestaltung\/#breadcrumb"},"inLanguage":"de","potentialAction":[{"@type":"ReadAction","target":["https:\/\/workpermit.hu\/de\/preisgestaltung\/"]}]},{"@type":"BreadcrumbList","@id":"https:\/\/workpermit.hu\/de\/preisgestaltung\/#breadcrumb","itemListElement":[{"@type":"ListItem","position":1,"name":"Home","item":"https:\/\/workpermit.hu\/de\/"},{"@type":"ListItem","position":2,"name":"Preisgestaltung"}]},{"@type":"WebSite","@id":"https:\/\/workpermit.hu\/de\/#website","url":"https:\/\/workpermit.hu\/de\/","name":"Hungarian Work Permit","description":"by Helpers Hungary","publisher":{"@id":"https:\/\/workpermit.hu\/de\/#organization"},"potentialAction":[{"@type":"SearchAction","target":{"@type":"EntryPoint","urlTemplate":"https:\/\/workpermit.hu\/de\/?s={search_term_string}"},"query-input":"required name=search_term_string"}],"inLanguage":"de"},{"@type":"Organization","@id":"https:\/\/workpermit.hu\/de\/#organization","name":"Hungarian Work Permit","url":"https:\/\/workpermit.hu\/de\/","logo":{"@type":"ImageObject","inLanguage":"de","@id":"https:\/\/workpermit.hu\/de\/#\/schema\/logo\/image\/","url":"https:\/\/workpermit.hu\/wp-content\/uploads\/2019\/06\/logo_workpermitwebsite_smaller.png","contentUrl":"https:\/\/workpermit.hu\/wp-content\/uploads\/2019\/06\/logo_workpermitwebsite_smaller.png","width":450,"height":50,"caption":"Hungarian Work Permit"},"image":{"@id":"https:\/\/workpermit.hu\/de\/#\/schema\/logo\/image\/"}}]}},"_links":{"self":[{"href":"https:\/\/workpermit.hu\/de\/wp-json\/wp\/v2\/pages\/1175"}],"collection":[{"href":"https:\/\/workpermit.hu\/de\/wp-json\/wp\/v2\/pages"}],"about":[{"href":"https:\/\/workpermit.hu\/de\/wp-json\/wp\/v2\/types\/page"}],"author":[{"embeddable":true,"href":"https:\/\/workpermit.hu\/de\/wp-json\/wp\/v2\/users\/2"}],"replies":[{"embeddable":true,"href":"https:\/\/workpermit.hu\/de\/wp-json\/wp\/v2\/comments?post=1175"}],"version-history":[{"count":29,"href":"https:\/\/workpermit.hu\/de\/wp-json\/wp\/v2\/pages\/1175\/revisions"}],"predecessor-version":[{"id":4894,"href":"https:\/\/workpermit.hu\/de\/wp-json\/wp\/v2\/pages\/1175\/revisions\/4894"}],"wp:attachment":[{"href":"https:\/\/workpermit.hu\/de\/wp-json\/wp\/v2\/media?parent=1175"}],"curies":[{"name":"wp","href":"https:\/\/api.w.org\/{rel}","templated":true}]}}