{"id":1112,"date":"2019-10-03T12:25:34","date_gmt":"2019-10-03T12:25:34","guid":{"rendered":"https:\/\/workpermit.hu\/?page_id=1112"},"modified":"2019-11-20T08:38:13","modified_gmt":"2019-11-20T08:38:13","slug":"compliance-und-kostenoptimierung","status":"publish","type":"page","link":"https:\/\/workpermit.hu\/de\/compliance-und-kostenoptimierung\/","title":{"rendered":"Compliance und Kostenoptimierung"},"content":{"rendered":"\t\t<div data-elementor-type=\"wp-post\" data-elementor-id=\"1112\" class=\"elementor elementor-1112 elementor-454\">\n\t\t\t\t\t\t<section class=\"elementor-section elementor-top-section elementor-element elementor-element-282b0616 elementor-section-full_width elementor-section-height-default elementor-section-height-default\" data-id=\"282b0616\" data-element_type=\"section\" data-settings=\"{&quot;background_background&quot;:&quot;classic&quot;}\">\n\t\t\t\t\t\t\t<div class=\"elementor-background-overlay\"><\/div>\n\t\t\t\t\t\t\t<div class=\"elementor-container elementor-column-gap-default\">\n\t\t\t\t\t<div class=\"elementor-column elementor-col-100 elementor-top-column elementor-element elementor-element-62605bd9\" data-id=\"62605bd9\" data-element_type=\"column\" data-settings=\"{&quot;background_background&quot;:&quot;classic&quot;}\">\n\t\t\t<div class=\"elementor-widget-wrap elementor-element-populated\">\n\t\t\t\t\t<div class=\"elementor-background-overlay\"><\/div>\n\t\t\t\t\t\t<div class=\"elementor-element elementor-element-44c33c48 elementor-widget elementor-widget-spacer\" data-id=\"44c33c48\" data-element_type=\"widget\" data-widget_type=\"spacer.default\">\n\t\t\t\t<div class=\"elementor-widget-container\">\n\t\t\t\t\t<div class=\"elementor-spacer\">\n\t\t\t<div class=\"elementor-spacer-inner\"><\/div>\n\t\t<\/div>\n\t\t\t\t<\/div>\n\t\t\t\t<\/div>\n\t\t\t\t<div class=\"elementor-element elementor-element-782e644e elementor-widget elementor-widget-heading\" data-id=\"782e644e\" data-element_type=\"widget\" data-widget_type=\"heading.default\">\n\t\t\t\t<div class=\"elementor-widget-container\">\n\t\t\t<h2 class=\"elementor-heading-title elementor-size-default\">Compliance und Kostenoptimierung\n<\/h2>\t\t<\/div>\n\t\t\t\t<\/div>\n\t\t\t\t<div class=\"elementor-element elementor-element-40b38a7d elementor-widget elementor-widget-spacer\" data-id=\"40b38a7d\" data-element_type=\"widget\" data-widget_type=\"spacer.default\">\n\t\t\t\t<div class=\"elementor-widget-container\">\n\t\t\t\t\t<div class=\"elementor-spacer\">\n\t\t\t<div class=\"elementor-spacer-inner\"><\/div>\n\t\t<\/div>\n\t\t\t\t<\/div>\n\t\t\t\t<\/div>\n\t\t\t\t\t<\/div>\n\t\t<\/div>\n\t\t\t\t\t<\/div>\n\t\t<\/section>\n\t\t\t\t<section class=\"elementor-section elementor-top-section elementor-element elementor-element-5ab1cbeb elementor-section-boxed elementor-section-height-default elementor-section-height-default\" data-id=\"5ab1cbeb\" data-element_type=\"section\" data-settings=\"{&quot;shape_divider_bottom&quot;:&quot;opacity-tilt&quot;}\">\n\t\t\t\t\t<div class=\"elementor-shape elementor-shape-bottom\" data-negative=\"false\">\n\t\t\t<svg xmlns=\"http:\/\/www.w3.org\/2000\/svg\" viewBox=\"0 0 2600 131.1\" preserveAspectRatio=\"none\">\n\t<path class=\"elementor-shape-fill\" d=\"M0 0L2600 0 2600 69.1 0 0z\"\/>\n\t<path class=\"elementor-shape-fill\" style=\"opacity:0.5\" d=\"M0 0L2600 0 2600 69.1 0 69.1z\"\/>\n\t<path class=\"elementor-shape-fill\" style=\"opacity:0.25\" d=\"M2600 0L0 0 0 130.1 2600 69.1z\"\/>\n<\/svg>\t\t<\/div>\n\t\t\t\t\t<div class=\"elementor-container elementor-column-gap-default\">\n\t\t\t\t\t<div class=\"elementor-column elementor-col-100 elementor-top-column elementor-element elementor-element-7686db7e\" data-id=\"7686db7e\" data-element_type=\"column\">\n\t\t\t<div class=\"elementor-widget-wrap elementor-element-populated\">\n\t\t\t\t\t\t<div class=\"elementor-element elementor-element-1381c854 elementor-widget elementor-widget-spacer\" data-id=\"1381c854\" data-element_type=\"widget\" data-widget_type=\"spacer.default\">\n\t\t\t\t<div class=\"elementor-widget-container\">\n\t\t\t\t\t<div class=\"elementor-spacer\">\n\t\t\t<div class=\"elementor-spacer-inner\"><\/div>\n\t\t<\/div>\n\t\t\t\t<\/div>\n\t\t\t\t<\/div>\n\t\t\t\t<section class=\"elementor-section elementor-inner-section elementor-element elementor-element-6c4d927d elementor-section-content-middle elementor-section-boxed elementor-section-height-default elementor-section-height-default\" data-id=\"6c4d927d\" data-element_type=\"section\">\n\t\t\t\t\t\t<div class=\"elementor-container elementor-column-gap-default\">\n\t\t\t\t\t<div class=\"elementor-column elementor-col-50 elementor-inner-column elementor-element elementor-element-104e7e6e\" data-id=\"104e7e6e\" data-element_type=\"column\">\n\t\t\t<div class=\"elementor-widget-wrap elementor-element-populated\">\n\t\t\t\t\t\t<div class=\"elementor-element elementor-element-f144330 elementor-widget elementor-widget-image\" data-id=\"f144330\" data-element_type=\"widget\" data-widget_type=\"image.default\">\n\t\t\t\t<div class=\"elementor-widget-container\">\n\t\t\t\t\t\t\t\t\t\t\t\t\t<img fetchpriority=\"high\" decoding=\"async\" width=\"400\" height=\"400\" src=\"https:\/\/workpermit.hu\/wp-content\/uploads\/2019\/04\/studio-republic-644339-unsplash-400x400.jpg\" class=\"attachment-total-portfolio-thumb size-total-portfolio-thumb wp-image-1116\" alt=\"\" srcset=\"https:\/\/workpermit.hu\/wp-content\/uploads\/2019\/04\/studio-republic-644339-unsplash-400x400.jpg 400w, https:\/\/workpermit.hu\/wp-content\/uploads\/2019\/04\/studio-republic-644339-unsplash-150x150.jpg 150w, https:\/\/workpermit.hu\/wp-content\/uploads\/2019\/04\/studio-republic-644339-unsplash-100x100.jpg 100w\" sizes=\"(max-width: 400px) 100vw, 400px\" \/>\t\t\t\t\t\t\t\t\t\t\t\t\t<\/div>\n\t\t\t\t<\/div>\n\t\t\t\t\t<\/div>\n\t\t<\/div>\n\t\t\t\t<div class=\"elementor-column elementor-col-50 elementor-inner-column elementor-element elementor-element-1e28528a\" data-id=\"1e28528a\" data-element_type=\"column\">\n\t\t\t<div class=\"elementor-widget-wrap elementor-element-populated\">\n\t\t\t\t\t\t<div class=\"elementor-element elementor-element-658a6530 elementor-widget elementor-widget-text-editor\" data-id=\"658a6530\" data-element_type=\"widget\" data-widget_type=\"text-editor.default\">\n\t\t\t\t<div class=\"elementor-widget-container\">\n\t\t\t\t\t\t\t<p>Wenn Sie beabsichtigen, ausl\u00e4ndische Mitarbeiter nach Ungarn zu holen, m\u00fcssen zahlreiche Faktoren ber\u00fccksichtigt werden. Wir unterst\u00fctzen Sie gerne bei der Umsetzung! Die Optimierung der Prozesse hilft Ihnen langfristig, Zeit und Geld zu sparen!<\/p>\t\t\t\t\t\t<\/div>\n\t\t\t\t<\/div>\n\t\t\t\t\t<\/div>\n\t\t<\/div>\n\t\t\t\t\t<\/div>\n\t\t<\/section>\n\t\t\t\t<div class=\"elementor-element elementor-element-74a12912 elementor-widget elementor-widget-spacer\" data-id=\"74a12912\" data-element_type=\"widget\" data-widget_type=\"spacer.default\">\n\t\t\t\t<div class=\"elementor-widget-container\">\n\t\t\t\t\t<div class=\"elementor-spacer\">\n\t\t\t<div class=\"elementor-spacer-inner\"><\/div>\n\t\t<\/div>\n\t\t\t\t<\/div>\n\t\t\t\t<\/div>\n\t\t\t\t<div class=\"elementor-element elementor-element-3bdeb8c9 elementor-widget elementor-widget-text-editor\" data-id=\"3bdeb8c9\" data-element_type=\"widget\" data-widget_type=\"text-editor.default\">\n\t\t\t\t<div class=\"elementor-widget-container\">\n\t\t\t\t\t\t\t<p>Hier sind einige wichtige Fragen, die Sie kl\u00e4ren sollten:<\/p><ul><li>Wie viele Mitarbeiter m\u00f6chten Sie nach Ungarn holen?<\/li><li>Arbeiten diese Personen bereits f\u00fcr Sie oder beginnen Sie gerade erst mit der Einstellung?<\/li><li>Welche Qualifikationen sind erforderlich?<\/li><li>Wann m\u00fcssen Ihre Mitarbeiter die Arbeit in Ungarn aufnehmen?<\/li><li>Bei welcher Unternehmenseinheit werden Ihre Mitarbeiter angestellt sein?<\/li><li>Ist es eine Tochtergesellschaft Ihres nicht-ungarischen Unternehmens, ein eigenst\u00e4ndiges ungarisches Unternehmen oder Ihr ausl\u00e4ndisches Unternehmen?<\/li><\/ul><p>Nutzen Sie unsere kostenlose Bewertung, um festzustellen, ob Sie gut auf Ihr Projekt vorbereitet sind \u2013 oder ob Sie Hilfe eines erfahrenen und spezialisierten Teams ben\u00f6tigen, das die notwendigen Schritte einleitet und f\u00fcr einen reibungslosen und stressfreien Standortwechsel Ihrer Mitarbeitern nach Ungarn sorgt.<\/p><p>Sollten noch nicht alle Details des Projekt vollst\u00e4ndig gekl\u00e4rt sein, Sie jedoch sicherstellen m\u00f6chten, dass alle Bestimmungen eingehalten werden, k\u00f6nnen wir eine <b style=\"color: #f20947;\">umfassende Projektplanung<\/b> anbieten, um alle erforderlichen Schritte zu einzuleiten.<\/p>\t\t\t\t\t\t<\/div>\n\t\t\t\t<\/div>\n\t\t\t\t<div class=\"elementor-element elementor-element-7e204705 elementor-align-center elementor-widget elementor-widget-button\" data-id=\"7e204705\" data-element_type=\"widget\" data-widget_type=\"button.default\">\n\t\t\t\t<div class=\"elementor-widget-container\">\n\t\t\t\t\t<div class=\"elementor-button-wrapper\">\n\t\t\t<a class=\"elementor-button elementor-button-link elementor-size-sm\" href=\"https:\/\/helpershungary.typeform.com\/to\/r5hpe0\">\n\t\t\t\t\t\t<span class=\"elementor-button-content-wrapper\">\n\t\t\t\t\t\t\t\t\t<span class=\"elementor-button-text\">Finden Sie heraus, welches Verfahren f\u00fcr Ihr Unternehmen geeignet ist!<\/span>\n\t\t\t\t\t<\/span>\n\t\t\t\t\t<\/a>\n\t\t<\/div>\n\t\t\t\t<\/div>\n\t\t\t\t<\/div>\n\t\t\t\t<div class=\"elementor-element elementor-element-108e4725 elementor-widget elementor-widget-spacer\" data-id=\"108e4725\" data-element_type=\"widget\" data-widget_type=\"spacer.default\">\n\t\t\t\t<div class=\"elementor-widget-container\">\n\t\t\t\t\t<div class=\"elementor-spacer\">\n\t\t\t<div class=\"elementor-spacer-inner\"><\/div>\n\t\t<\/div>\n\t\t\t\t<\/div>\n\t\t\t\t<\/div>\n\t\t\t\t\t<\/div>\n\t\t<\/div>\n\t\t\t\t\t<\/div>\n\t\t<\/section>\n\t\t\t\t<section class=\"elementor-section elementor-top-section elementor-element elementor-element-1bbff585 elementor-section-stretched elementor-section-full_width elementor-section-height-default elementor-section-height-default\" data-id=\"1bbff585\" data-element_type=\"section\" data-settings=\"{&quot;background_background&quot;:&quot;classic&quot;,&quot;stretch_section&quot;:&quot;section-stretched&quot;}\">\n\t\t\t\t\t\t<div class=\"elementor-container elementor-column-gap-default\">\n\t\t\t\t\t<div class=\"elementor-column elementor-col-100 elementor-top-column elementor-element elementor-element-7a632ee7\" data-id=\"7a632ee7\" data-element_type=\"column\" data-settings=\"{&quot;background_background&quot;:&quot;classic&quot;}\">\n\t\t\t<div class=\"elementor-widget-wrap elementor-element-populated\">\n\t\t\t\t\t<div class=\"elementor-background-overlay\"><\/div>\n\t\t\t\t\t\t<div class=\"elementor-element elementor-element-8fb314b elementor-widget elementor-widget-spacer\" data-id=\"8fb314b\" data-element_type=\"widget\" data-widget_type=\"spacer.default\">\n\t\t\t\t<div class=\"elementor-widget-container\">\n\t\t\t\t\t<div class=\"elementor-spacer\">\n\t\t\t<div class=\"elementor-spacer-inner\"><\/div>\n\t\t<\/div>\n\t\t\t\t<\/div>\n\t\t\t\t<\/div>\n\t\t\t\t\t<\/div>\n\t\t<\/div>\n\t\t\t\t\t<\/div>\n\t\t<\/section>\n\t\t\t\t<\/div>\n\t\t","protected":false},"excerpt":{"rendered":"<p>Compliance und Kostenoptimierung Wenn Sie beabsichtigen, ausl\u00e4ndische Mitarbeiter nach Ungarn zu holen, m\u00fcssen zahlreiche Faktoren ber\u00fccksichtigt werden. Wir unterst\u00fctzen Sie gerne bei der Umsetzung! Die Optimierung der Prozesse hilft Ihnen langfristig, Zeit und Geld zu sparen! Hier sind einige wichtige Fragen, die Sie kl\u00e4ren sollten: Wie viele Mitarbeiter m\u00f6chten Sie nach Ungarn holen? Arbeiten diese [&hellip;]<\/p>\n","protected":false},"author":2,"featured_media":0,"parent":0,"menu_order":0,"comment_status":"closed","ping_status":"closed","template":"elementor_header_footer","meta":{"footnotes":""},"yoast_head":"<!-- This site is optimized with the Yoast SEO plugin v23.0 - https:\/\/yoast.com\/wordpress\/plugins\/seo\/ -->\n<title>Compliance und Kostenoptimierung - Hungarian Work Permit<\/title>\n<meta name=\"description\" content=\"Kostenoptimierung beim Standortwechsel von Mitarbeitern. Wir helfen bei der Einhaltung von Vorschriften und der Planung. Infos zu unseren Dienstleistungen\" \/>\n<meta name=\"robots\" content=\"index, follow, max-snippet:-1, max-image-preview:large, max-video-preview:-1\" \/>\n<link rel=\"canonical\" href=\"https:\/\/workpermit.hu\/de\/compliance-und-kostenoptimierung\/\" \/>\n<meta property=\"og:locale\" content=\"de_DE\" \/>\n<meta property=\"og:type\" content=\"article\" \/>\n<meta property=\"og:title\" content=\"Compliance und Kostenoptimierung - Hungarian Work Permit\" \/>\n<meta property=\"og:description\" content=\"Kostenoptimierung beim Standortwechsel von Mitarbeitern. Wir helfen bei der Einhaltung von Vorschriften und der Planung. Infos zu unseren Dienstleistungen\" \/>\n<meta property=\"og:url\" content=\"https:\/\/workpermit.hu\/de\/compliance-und-kostenoptimierung\/\" \/>\n<meta property=\"og:site_name\" content=\"Hungarian Work Permit\" \/>\n<meta property=\"article:modified_time\" content=\"2019-11-20T08:38:13+00:00\" \/>\n<meta property=\"og:image\" content=\"https:\/\/workpermit.hu\/wp-content\/uploads\/2019\/04\/studio-republic-644339-unsplash-400x400.jpg\" \/>\n<meta name=\"twitter:card\" content=\"summary_large_image\" \/>\n<meta name=\"twitter:label1\" content=\"Gesch\u00e4tzte Lesezeit\" \/>\n\t<meta name=\"twitter:data1\" content=\"1\u00a0Minute\" \/>\n<script type=\"application\/ld+json\" class=\"yoast-schema-graph\">{\"@context\":\"https:\/\/schema.org\",\"@graph\":[{\"@type\":\"WebPage\",\"@id\":\"https:\/\/workpermit.hu\/de\/compliance-und-kostenoptimierung\/\",\"url\":\"https:\/\/workpermit.hu\/de\/compliance-und-kostenoptimierung\/\",\"name\":\"Compliance und Kostenoptimierung - Hungarian Work Permit\",\"isPartOf\":{\"@id\":\"https:\/\/workpermit.hu\/de\/#website\"},\"primaryImageOfPage\":{\"@id\":\"https:\/\/workpermit.hu\/de\/compliance-und-kostenoptimierung\/#primaryimage\"},\"image\":{\"@id\":\"https:\/\/workpermit.hu\/de\/compliance-und-kostenoptimierung\/#primaryimage\"},\"thumbnailUrl\":\"https:\/\/workpermit.hu\/wp-content\/uploads\/2019\/04\/studio-republic-644339-unsplash-400x400.jpg\",\"datePublished\":\"2019-10-03T12:25:34+00:00\",\"dateModified\":\"2019-11-20T08:38:13+00:00\",\"description\":\"Kostenoptimierung beim Standortwechsel von Mitarbeitern. Wir helfen bei der Einhaltung von Vorschriften und der Planung. Infos zu unseren Dienstleistungen\",\"breadcrumb\":{\"@id\":\"https:\/\/workpermit.hu\/de\/compliance-und-kostenoptimierung\/#breadcrumb\"},\"inLanguage\":\"de\",\"potentialAction\":[{\"@type\":\"ReadAction\",\"target\":[\"https:\/\/workpermit.hu\/de\/compliance-und-kostenoptimierung\/\"]}]},{\"@type\":\"ImageObject\",\"inLanguage\":\"de\",\"@id\":\"https:\/\/workpermit.hu\/de\/compliance-und-kostenoptimierung\/#primaryimage\",\"url\":\"https:\/\/workpermit.hu\/wp-content\/uploads\/2019\/04\/studio-republic-644339-unsplash-400x400.jpg\",\"contentUrl\":\"https:\/\/workpermit.hu\/wp-content\/uploads\/2019\/04\/studio-republic-644339-unsplash-400x400.jpg\"},{\"@type\":\"BreadcrumbList\",\"@id\":\"https:\/\/workpermit.hu\/de\/compliance-und-kostenoptimierung\/#breadcrumb\",\"itemListElement\":[{\"@type\":\"ListItem\",\"position\":1,\"name\":\"Home\",\"item\":\"https:\/\/workpermit.hu\/de\/\"},{\"@type\":\"ListItem\",\"position\":2,\"name\":\"Compliance und Kostenoptimierung\"}]},{\"@type\":\"WebSite\",\"@id\":\"https:\/\/workpermit.hu\/de\/#website\",\"url\":\"https:\/\/workpermit.hu\/de\/\",\"name\":\"Hungarian Work Permit\",\"description\":\"by Helpers Hungary\",\"publisher\":{\"@id\":\"https:\/\/workpermit.hu\/de\/#organization\"},\"potentialAction\":[{\"@type\":\"SearchAction\",\"target\":{\"@type\":\"EntryPoint\",\"urlTemplate\":\"https:\/\/workpermit.hu\/de\/?s={search_term_string}\"},\"query-input\":\"required name=search_term_string\"}],\"inLanguage\":\"de\"},{\"@type\":\"Organization\",\"@id\":\"https:\/\/workpermit.hu\/de\/#organization\",\"name\":\"Hungarian Work Permit\",\"url\":\"https:\/\/workpermit.hu\/de\/\",\"logo\":{\"@type\":\"ImageObject\",\"inLanguage\":\"de\",\"@id\":\"https:\/\/workpermit.hu\/de\/#\/schema\/logo\/image\/\",\"url\":\"https:\/\/workpermit.hu\/wp-content\/uploads\/2019\/06\/logo_workpermitwebsite_smaller.png\",\"contentUrl\":\"https:\/\/workpermit.hu\/wp-content\/uploads\/2019\/06\/logo_workpermitwebsite_smaller.png\",\"width\":450,\"height\":50,\"caption\":\"Hungarian Work Permit\"},\"image\":{\"@id\":\"https:\/\/workpermit.hu\/de\/#\/schema\/logo\/image\/\"}}]}<\/script>\n<!-- \/ Yoast SEO plugin. -->","yoast_head_json":{"title":"Compliance und Kostenoptimierung - Hungarian Work Permit","description":"Kostenoptimierung beim Standortwechsel von Mitarbeitern. Wir helfen bei der Einhaltung von Vorschriften und der Planung. Infos zu unseren Dienstleistungen","robots":{"index":"index","follow":"follow","max-snippet":"max-snippet:-1","max-image-preview":"max-image-preview:large","max-video-preview":"max-video-preview:-1"},"canonical":"https:\/\/workpermit.hu\/de\/compliance-und-kostenoptimierung\/","og_locale":"de_DE","og_type":"article","og_title":"Compliance und Kostenoptimierung - Hungarian Work Permit","og_description":"Kostenoptimierung beim Standortwechsel von Mitarbeitern. Wir helfen bei der Einhaltung von Vorschriften und der Planung. Infos zu unseren Dienstleistungen","og_url":"https:\/\/workpermit.hu\/de\/compliance-und-kostenoptimierung\/","og_site_name":"Hungarian Work Permit","article_modified_time":"2019-11-20T08:38:13+00:00","og_image":[{"url":"https:\/\/workpermit.hu\/wp-content\/uploads\/2019\/04\/studio-republic-644339-unsplash-400x400.jpg"}],"twitter_card":"summary_large_image","twitter_misc":{"Gesch\u00e4tzte Lesezeit":"1\u00a0Minute"},"schema":{"@context":"https:\/\/schema.org","@graph":[{"@type":"WebPage","@id":"https:\/\/workpermit.hu\/de\/compliance-und-kostenoptimierung\/","url":"https:\/\/workpermit.hu\/de\/compliance-und-kostenoptimierung\/","name":"Compliance und Kostenoptimierung - Hungarian Work Permit","isPartOf":{"@id":"https:\/\/workpermit.hu\/de\/#website"},"primaryImageOfPage":{"@id":"https:\/\/workpermit.hu\/de\/compliance-und-kostenoptimierung\/#primaryimage"},"image":{"@id":"https:\/\/workpermit.hu\/de\/compliance-und-kostenoptimierung\/#primaryimage"},"thumbnailUrl":"https:\/\/workpermit.hu\/wp-content\/uploads\/2019\/04\/studio-republic-644339-unsplash-400x400.jpg","datePublished":"2019-10-03T12:25:34+00:00","dateModified":"2019-11-20T08:38:13+00:00","description":"Kostenoptimierung beim Standortwechsel von Mitarbeitern. Wir helfen bei der Einhaltung von Vorschriften und der Planung. Infos zu unseren Dienstleistungen","breadcrumb":{"@id":"https:\/\/workpermit.hu\/de\/compliance-und-kostenoptimierung\/#breadcrumb"},"inLanguage":"de","potentialAction":[{"@type":"ReadAction","target":["https:\/\/workpermit.hu\/de\/compliance-und-kostenoptimierung\/"]}]},{"@type":"ImageObject","inLanguage":"de","@id":"https:\/\/workpermit.hu\/de\/compliance-und-kostenoptimierung\/#primaryimage","url":"https:\/\/workpermit.hu\/wp-content\/uploads\/2019\/04\/studio-republic-644339-unsplash-400x400.jpg","contentUrl":"https:\/\/workpermit.hu\/wp-content\/uploads\/2019\/04\/studio-republic-644339-unsplash-400x400.jpg"},{"@type":"BreadcrumbList","@id":"https:\/\/workpermit.hu\/de\/compliance-und-kostenoptimierung\/#breadcrumb","itemListElement":[{"@type":"ListItem","position":1,"name":"Home","item":"https:\/\/workpermit.hu\/de\/"},{"@type":"ListItem","position":2,"name":"Compliance und Kostenoptimierung"}]},{"@type":"WebSite","@id":"https:\/\/workpermit.hu\/de\/#website","url":"https:\/\/workpermit.hu\/de\/","name":"Hungarian Work Permit","description":"by Helpers Hungary","publisher":{"@id":"https:\/\/workpermit.hu\/de\/#organization"},"potentialAction":[{"@type":"SearchAction","target":{"@type":"EntryPoint","urlTemplate":"https:\/\/workpermit.hu\/de\/?s={search_term_string}"},"query-input":"required name=search_term_string"}],"inLanguage":"de"},{"@type":"Organization","@id":"https:\/\/workpermit.hu\/de\/#organization","name":"Hungarian Work Permit","url":"https:\/\/workpermit.hu\/de\/","logo":{"@type":"ImageObject","inLanguage":"de","@id":"https:\/\/workpermit.hu\/de\/#\/schema\/logo\/image\/","url":"https:\/\/workpermit.hu\/wp-content\/uploads\/2019\/06\/logo_workpermitwebsite_smaller.png","contentUrl":"https:\/\/workpermit.hu\/wp-content\/uploads\/2019\/06\/logo_workpermitwebsite_smaller.png","width":450,"height":50,"caption":"Hungarian Work Permit"},"image":{"@id":"https:\/\/workpermit.hu\/de\/#\/schema\/logo\/image\/"}}]}},"_links":{"self":[{"href":"https:\/\/workpermit.hu\/de\/wp-json\/wp\/v2\/pages\/1112"}],"collection":[{"href":"https:\/\/workpermit.hu\/de\/wp-json\/wp\/v2\/pages"}],"about":[{"href":"https:\/\/workpermit.hu\/de\/wp-json\/wp\/v2\/types\/page"}],"author":[{"embeddable":true,"href":"https:\/\/workpermit.hu\/de\/wp-json\/wp\/v2\/users\/2"}],"replies":[{"embeddable":true,"href":"https:\/\/workpermit.hu\/de\/wp-json\/wp\/v2\/comments?post=1112"}],"version-history":[{"count":3,"href":"https:\/\/workpermit.hu\/de\/wp-json\/wp\/v2\/pages\/1112\/revisions"}],"predecessor-version":[{"id":1778,"href":"https:\/\/workpermit.hu\/de\/wp-json\/wp\/v2\/pages\/1112\/revisions\/1778"}],"wp:attachment":[{"href":"https:\/\/workpermit.hu\/de\/wp-json\/wp\/v2\/media?parent=1112"}],"curies":[{"name":"wp","href":"https:\/\/api.w.org\/{rel}","templated":true}]}}